{"id":231256,"date":"2024-07-10T19:51:18","date_gmt":"2024-07-10T17:51:18","guid":{"rendered":"https:\/\/autoritas.net\/com-ho-veiem\/"},"modified":"2025-05-05T16:41:47","modified_gmt":"2025-05-05T14:41:47","slug":"com-ho-veiem","status":"publish","type":"page","link":"https:\/\/autoritas.net\/ca\/nosaltres\/com-ho-veiem\/","title":{"rendered":"Com ho veiem?"},"content":{"rendered":"\t\t<div data-elementor-type=\"wp-page\" data-elementor-id=\"231256\" class=\"elementor elementor-231256 elementor-228064\" data-elementor-post-type=\"page\">\n\t\t\t\t<div class=\"elementor-element elementor-element-1482e4e e-flex e-con-boxed e-con e-parent\" data-id=\"1482e4e\" data-element_type=\"container\" data-e-type=\"container\">\n\t\t\t\t\t<div class=\"e-con-inner\">\n\t\t<div class=\"elementor-element elementor-element-a1b1347 e-con-full e-flex e-con e-child\" data-id=\"a1b1347\" data-element_type=\"container\" data-e-type=\"container\" data-settings=\"{&quot;background_background&quot;:&quot;classic&quot;}\">\n\t\t\t\t<div class=\"elementor-element elementor-element-ac1db43 elementor-widget__width-initial elementor-widget elementor-widget-heading\" data-id=\"ac1db43\" data-element_type=\"widget\" data-e-type=\"widget\" data-widget_type=\"heading.default\">\n\t\t\t\t<div class=\"elementor-widget-container\">\n\t\t\t\t\t<h1 class=\"elementor-heading-title elementor-size-default\">COM HO VEiem?<\/h1>\t\t\t\t<\/div>\n\t\t\t\t<\/div>\n\t\t\t\t<\/div>\n\t\t\t\t\t<\/div>\n\t\t\t\t<\/div>\n\t\t<div class=\"elementor-element elementor-element-e4ab757 e-flex e-con-boxed e-con e-parent\" data-id=\"e4ab757\" data-element_type=\"container\" data-e-type=\"container\">\n\t\t\t\t\t<div class=\"e-con-inner\">\n\t\t<div class=\"elementor-element elementor-element-20996a6 e-con-full e-flex e-con e-child\" data-id=\"20996a6\" data-element_type=\"container\" data-e-type=\"container\">\n\t\t\t\t<div class=\"elementor-element elementor-element-e7aba84 elementor-view-default elementor-position-block-start elementor-mobile-position-block-start elementor-widget elementor-widget-icon-box\" data-id=\"e7aba84\" data-element_type=\"widget\" data-e-type=\"widget\" data-widget_type=\"icon-box.default\">\n\t\t\t\t<div class=\"elementor-widget-container\">\n\t\t\t\t\t\t\t<div class=\"elementor-icon-box-wrapper\">\n\n\t\t\t\t\t\t<div class=\"elementor-icon-box-icon\">\n\t\t\t\t<span  class=\"elementor-icon\">\n\t\t\t\t<i aria-hidden=\"true\" class=\"fas fa-dice-d6\"><\/i>\t\t\t\t<\/span>\n\t\t\t<\/div>\n\t\t\t\n\t\t\t\t\t\t<div class=\"elementor-icon-box-content\">\n\n\t\t\t\t\t\t\t\t\t<h4 class=\"elementor-icon-box-title\">\n\t\t\t\t\t\t<span  >\n\t\t\t\t\t\t\tEstrat\u00e8gia\t\t\t\t\t\t<\/span>\n\t\t\t\t\t<\/h4>\n\t\t\t\t\n\t\t\t\t\t\t\t\t\t<p class=\"elementor-icon-box-description\">\n\t\t\t\t\t\tPlanifiquem els escenaris futurs per a tenir una visi\u00f3 clara i precisa dels reptes i oportunitats. La nostra estrat\u00e8gia es construeix sobre an\u00e0lisis detallades i plans vers\u00e0tils que abasten des de la comunicaci\u00f3 fins a la gesti\u00f3 proactiva de crisi, assegurant que els nostres clients estiguin sempre un pas endavant.\t\t\t\t\t<\/p>\n\t\t\t\t\n\t\t\t<\/div>\n\t\t\t\n\t\t<\/div>\n\t\t\t\t\t\t<\/div>\n\t\t\t\t<\/div>\n\t\t\t\t<\/div>\n\t\t<div class=\"elementor-element elementor-element-99f17cb e-con-full e-flex e-con e-child\" data-id=\"99f17cb\" data-element_type=\"container\" data-e-type=\"container\">\n\t\t\t\t<div class=\"elementor-element elementor-element-454cb07 elementor-view-default elementor-position-block-start elementor-mobile-position-block-start elementor-widget elementor-widget-icon-box\" data-id=\"454cb07\" data-element_type=\"widget\" data-e-type=\"widget\" data-widget_type=\"icon-box.default\">\n\t\t\t\t<div class=\"elementor-widget-container\">\n\t\t\t\t\t\t\t<div class=\"elementor-icon-box-wrapper\">\n\n\t\t\t\t\t\t<div class=\"elementor-icon-box-icon\">\n\t\t\t\t<span  class=\"elementor-icon\">\n\t\t\t\t<i aria-hidden=\"true\" class=\"fas fa-brain\"><\/i>\t\t\t\t<\/span>\n\t\t\t<\/div>\n\t\t\t\n\t\t\t\t\t\t<div class=\"elementor-icon-box-content\">\n\n\t\t\t\t\t\t\t\t\t<h4 class=\"elementor-icon-box-title\">\n\t\t\t\t\t\t<span  >\n\t\t\t\t\t\t\tIntel\u00b7lig\u00e8ncia\t\t\t\t\t\t<\/span>\n\t\t\t\t\t<\/h4>\n\t\t\t\t\n\t\t\t\t\t\t\t\t\t<p class=\"elementor-icon-box-description\">\n\t\t\t\t\t\tConvertim el vast oce\u00e0 de dades digitals en intel\u00b7lig\u00e8ncia \u00fatil. Observem, capturem i analitzem la informaci\u00f3 per a transformar el Big data en insights clars i estrat\u00e8gics. Aquesta intel\u00b7lig\u00e8ncia ens permet comprendre profundament l'entorn digital i guiar als nostres clients cap a la presa de decisions informades i efectives.\t\t\t\t\t<\/p>\n\t\t\t\t\n\t\t\t<\/div>\n\t\t\t\n\t\t<\/div>\n\t\t\t\t\t\t<\/div>\n\t\t\t\t<\/div>\n\t\t\t\t<\/div>\n\t\t<div class=\"elementor-element elementor-element-4718533 e-con-full e-flex e-con e-child\" data-id=\"4718533\" data-element_type=\"container\" data-e-type=\"container\">\n\t\t\t\t<div class=\"elementor-element elementor-element-4c3e1c9 elementor-view-default elementor-position-block-start elementor-mobile-position-block-start elementor-widget elementor-widget-icon-box\" data-id=\"4c3e1c9\" data-element_type=\"widget\" data-e-type=\"widget\" data-widget_type=\"icon-box.default\">\n\t\t\t\t<div class=\"elementor-widget-container\">\n\t\t\t\t\t\t\t<div class=\"elementor-icon-box-wrapper\">\n\n\t\t\t\t\t\t<div class=\"elementor-icon-box-icon\">\n\t\t\t\t<span  class=\"elementor-icon\">\n\t\t\t\t<i aria-hidden=\"true\" class=\"fas fa-check-circle\"><\/i>\t\t\t\t<\/span>\n\t\t\t<\/div>\n\t\t\t\n\t\t\t\t\t\t<div class=\"elementor-icon-box-content\">\n\n\t\t\t\t\t\t\t\t\t<h4 class=\"elementor-icon-box-title\">\n\t\t\t\t\t\t<span  >\n\t\t\t\t\t\t\tAcci\u00f3\t\t\t\t\t\t<\/span>\n\t\t\t\t\t<\/h4>\n\t\t\t\t\n\t\t\t\t\t\t\t\t\t<p class=\"elementor-icon-box-description\">\n\t\t\t\t\t\tLes nostres accions s\u00f3n el fruit d'una planificaci\u00f3 estrat\u00e8gica rigorosa i un coneixement exhaustiu de l'entorn. Col\u00b7laborem amb els nostres clients formant equips integrats per a crear i difondre continguts que no sols reflecteixin la seva identitat i valors, sin\u00f3 que tamb\u00e9 informin i aline\u00efn amb el seu posicionament estrat\u00e8gic.\t\t\t\t\t<\/p>\n\t\t\t\t\n\t\t\t<\/div>\n\t\t\t\n\t\t<\/div>\n\t\t\t\t\t\t<\/div>\n\t\t\t\t<\/div>\n\t\t\t\t<\/div>\n\t\t\t\t\t<\/div>\n\t\t\t\t<\/div>\n\t\t<div class=\"elementor-element elementor-element-135b463 e-flex e-con-boxed e-con e-parent\" data-id=\"135b463\" data-element_type=\"container\" data-e-type=\"container\">\n\t\t\t\t\t<div class=\"e-con-inner\">\n\t\t\t\t<div class=\"elementor-element elementor-element-c04b04e elementor-widget elementor-widget-heading\" data-id=\"c04b04e\" data-element_type=\"widget\" data-e-type=\"widget\" data-widget_type=\"heading.default\">\n\t\t\t\t<div class=\"elementor-widget-container\">\n\t\t\t\t\t<h2 class=\"elementor-heading-title elementor-size-default\">Els nostres objectius<\/h2>\t\t\t\t<\/div>\n\t\t\t\t<\/div>\n\t\t\t\t\t<\/div>\n\t\t\t\t<\/div>\n\t\t<div class=\"elementor-element elementor-element-6011271 e-con-full e-flex e-con e-child\" data-id=\"6011271\" data-element_type=\"container\" data-e-type=\"container\">\n\t\t<div class=\"elementor-element elementor-element-502f3a3 e-con-full elementor-hidden-mobile e-flex e-con e-child\" data-id=\"502f3a3\" data-element_type=\"container\" data-e-type=\"container\" data-settings=\"{&quot;background_background&quot;:&quot;classic&quot;}\">\n\t\t\t\t<\/div>\n\t\t<div class=\"elementor-element elementor-element-0da9c67 e-con-full e-flex e-con e-child\" data-id=\"0da9c67\" data-element_type=\"container\" data-e-type=\"container\">\n\t\t\t\t<div class=\"elementor-element elementor-element-dec5a30 elementor-widget elementor-widget-text-editor\" data-id=\"dec5a30\" data-element_type=\"widget\" data-e-type=\"widget\" data-widget_type=\"text-editor.default\">\n\t\t\t\t<div class=\"elementor-widget-container\">\n\t\t\t\t\t\t\t\t\t<ul><li><strong>Construir una identitat <\/strong>clara i coherent amb el model d&#8217;organitzaci\u00f3 amb el qual treballem.<\/li><li><strong>Generar confian\u00e7a<\/strong>\u00a0amb les organitzacions i amb la societat a la qual ens dirigim.<\/li><li><strong>Prestar serveis<\/strong> i atendre les necessitats que requereix l&#8217;organitzaci\u00f3 i el seu p\u00fablic.<\/li><li><strong>Anticipar<\/strong>\u00a0els problemes i estar preparats per a fer-los front.<\/li><\/ul>\t\t\t\t\t\t\t\t<\/div>\n\t\t\t\t<\/div>\n\t\t\t\t<div class=\"elementor-element elementor-element-7231f54 elementor-widget elementor-widget-button\" data-id=\"7231f54\" data-element_type=\"widget\" data-e-type=\"widget\" data-widget_type=\"button.default\">\n\t\t\t\t<div class=\"elementor-widget-container\">\n\t\t\t\t\t\t\t\t\t<div class=\"elementor-button-wrapper\">\n\t\t\t\t\t<a class=\"elementor-button elementor-button-link elementor-size-sm\" href=\"https:\/\/autoritas.net\/ca\/nosaltres\/\">\n\t\t\t\t\t\t<span class=\"elementor-button-content-wrapper\">\n\t\t\t\t\t\t<span class=\"elementor-button-icon\">\n\t\t\t\t<i aria-hidden=\"true\" class=\"fas fa-arrow-right\"><\/i>\t\t\t<\/span>\n\t\t\t\t\t\t\t\t\t<span class=\"elementor-button-text\">CONEIX M\u00c9S SOBRE NOSALTRES<\/span>\n\t\t\t\t\t<\/span>\n\t\t\t\t\t<\/a>\n\t\t\t\t<\/div>\n\t\t\t\t\t\t\t\t<\/div>\n\t\t\t\t<\/div>\n\t\t\t\t<\/div>\n\t\t\t\t<\/div>\n\t\t\t\t<\/div>\n\t\t","protected":false},"excerpt":{"rendered":"<p>COM HO VEiem? Estrat\u00e8gia Planifiquem els escenaris futurs per a tenir una visi\u00f3 clara i precisa dels reptes i oportunitats. La nostra estrat\u00e8gia es construeix sobre an\u00e0lisis detallades i plans vers\u00e0tils que abasten des de la comunicaci\u00f3 fins a la gesti\u00f3 proactiva de crisi, assegurant que els nostres clients estiguin sempre un pas endavant. Intel\u00b7lig\u00e8ncia [&hellip;]<\/p>\n","protected":false},"author":3,"featured_media":0,"parent":231338,"menu_order":0,"comment_status":"closed","ping_status":"closed","template":"","meta":{"footnotes":""},"class_list":["post-231256","page","type-page","status-publish","hentry"],"yoast_head":"<!-- This site is optimized with the Yoast SEO plugin v27.0 - https:\/\/yoast.com\/product\/yoast-seo-wordpress\/ -->\n<title>Estrat\u00e8gia i posicionament d&#039;Autoritas Consulting<\/title>\n<meta name=\"description\" content=\"Consultora en estrategia, comunicaci\u00f3n y digitalizaci\u00f3n para empresas y administraciones. Impulsa tu crecimiento con Autoritas Consulting.\" \/>\n<meta name=\"robots\" content=\"index, follow, max-snippet:-1, max-image-preview:large, max-video-preview:-1\" \/>\n<link rel=\"canonical\" href=\"https:\/\/autoritas.net\/ca\/nosaltres\/com-ho-veiem\/\" \/>\n<meta property=\"og:locale\" content=\"en_US\" \/>\n<meta property=\"og:type\" content=\"article\" \/>\n<meta property=\"og:title\" content=\"Estrat\u00e8gia i posicionament d&#039;Autoritas Consulting\" \/>\n<meta property=\"og:description\" content=\"Consultora en estrategia, comunicaci\u00f3n y digitalizaci\u00f3n para empresas y administraciones. Impulsa tu crecimiento con Autoritas Consulting.\" \/>\n<meta property=\"og:url\" content=\"https:\/\/autoritas.net\/ca\/nosaltres\/com-ho-veiem\/\" \/>\n<meta property=\"og:site_name\" content=\"Autoritas Consulting\" \/>\n<meta property=\"article:publisher\" content=\"https:\/\/www.facebook.com\/autoritas.consulting\/\" \/>\n<meta property=\"article:modified_time\" content=\"2025-05-05T14:41:47+00:00\" \/>\n<meta property=\"og:image\" content=\"https:\/\/autoritas.net\/wp-content\/uploads\/2024\/04\/cropped-favicon-autoritas-web.png\" \/>\n\t<meta property=\"og:image:width\" content=\"512\" \/>\n\t<meta property=\"og:image:height\" content=\"512\" \/>\n\t<meta property=\"og:image:type\" content=\"image\/png\" \/>\n<meta name=\"twitter:card\" content=\"summary_large_image\" \/>\n<meta name=\"twitter:site\" content=\"@autoritas\" \/>\n<meta name=\"twitter:label1\" content=\"Est. reading time\" \/>\n\t<meta name=\"twitter:data1\" content=\"1 minute\" \/>\n<script type=\"application\/ld+json\" class=\"yoast-schema-graph\">{\"@context\":\"https:\/\/schema.org\",\"@graph\":[{\"@type\":\"WebPage\",\"@id\":\"https:\/\/autoritas.net\/ca\/nosaltres\/com-ho-veiem\/\",\"url\":\"https:\/\/autoritas.net\/ca\/nosaltres\/com-ho-veiem\/\",\"name\":\"Estrat\u00e8gia i posicionament d'Autoritas Consulting\",\"isPartOf\":{\"@id\":\"https:\/\/autoritas.net\/ca\/#website\"},\"datePublished\":\"2024-07-10T17:51:18+00:00\",\"dateModified\":\"2025-05-05T14:41:47+00:00\",\"description\":\"Consultora en estrategia, comunicaci\u00f3n y digitalizaci\u00f3n para empresas y administraciones. Impulsa tu crecimiento con Autoritas Consulting.\",\"breadcrumb\":{\"@id\":\"https:\/\/autoritas.net\/ca\/nosaltres\/com-ho-veiem\/#breadcrumb\"},\"inLanguage\":\"cat\",\"potentialAction\":[{\"@type\":\"ReadAction\",\"target\":[\"https:\/\/autoritas.net\/ca\/nosaltres\/com-ho-veiem\/\"]}]},{\"@type\":\"BreadcrumbList\",\"@id\":\"https:\/\/autoritas.net\/ca\/nosaltres\/com-ho-veiem\/#breadcrumb\",\"itemListElement\":[{\"@type\":\"ListItem\",\"position\":1,\"name\":\"Portada\",\"item\":\"https:\/\/autoritas.net\/ca\/\"},{\"@type\":\"ListItem\",\"position\":2,\"name\":\"Com ho veiem?\"}]},{\"@type\":\"WebSite\",\"@id\":\"https:\/\/autoritas.net\/ca\/#website\",\"url\":\"https:\/\/autoritas.net\/ca\/\",\"name\":\"Autoritas Consulting\",\"description\":\"Autoritas\",\"publisher\":{\"@id\":\"https:\/\/autoritas.net\/ca\/#organization\"},\"alternateName\":\"Autoritas\",\"potentialAction\":[{\"@type\":\"SearchAction\",\"target\":{\"@type\":\"EntryPoint\",\"urlTemplate\":\"https:\/\/autoritas.net\/ca\/?s={search_term_string}\"},\"query-input\":{\"@type\":\"PropertyValueSpecification\",\"valueRequired\":true,\"valueName\":\"search_term_string\"}}],\"inLanguage\":\"cat\"},{\"@type\":\"Organization\",\"@id\":\"https:\/\/autoritas.net\/ca\/#organization\",\"name\":\"Autoritas Consulting | Estrategia, Inteligencia y Acci\u00f3n para la Toma de Decisiones\",\"alternateName\":\"Autoritas\",\"url\":\"https:\/\/autoritas.net\/ca\/\",\"logo\":{\"@type\":\"ImageObject\",\"inLanguage\":\"cat\",\"@id\":\"https:\/\/autoritas.net\/ca\/#\/schema\/logo\/image\/\",\"url\":\"https:\/\/autoritas.net\/wp-content\/uploads\/2024\/04\/logo-AutoritasConsulting-V.webp\",\"contentUrl\":\"https:\/\/autoritas.net\/wp-content\/uploads\/2024\/04\/logo-AutoritasConsulting-V.webp\",\"width\":248,\"height\":46,\"caption\":\"Autoritas Consulting | Estrategia, Inteligencia y Acci\u00f3n para la Toma de Decisiones\"},\"image\":{\"@id\":\"https:\/\/autoritas.net\/ca\/#\/schema\/logo\/image\/\"},\"sameAs\":[\"https:\/\/www.facebook.com\/autoritas.consulting\/\",\"https:\/\/x.com\/autoritas\",\"https:\/\/es.linkedin.com\/company\/autoritas-consulting-s-a-\",\"https:\/\/www.instagram.com\/autoritas_consulting\/\"]}]}<\/script>\n<!-- \/ Yoast SEO plugin. -->","yoast_head_json":{"title":"Estrat\u00e8gia i posicionament d'Autoritas Consulting","description":"Consultora en estrategia, comunicaci\u00f3n y digitalizaci\u00f3n para empresas y administraciones. Impulsa tu crecimiento con Autoritas Consulting.","robots":{"index":"index","follow":"follow","max-snippet":"max-snippet:-1","max-image-preview":"max-image-preview:large","max-video-preview":"max-video-preview:-1"},"canonical":"https:\/\/autoritas.net\/ca\/nosaltres\/com-ho-veiem\/","og_locale":"en_US","og_type":"article","og_title":"Estrat\u00e8gia i posicionament d'Autoritas Consulting","og_description":"Consultora en estrategia, comunicaci\u00f3n y digitalizaci\u00f3n para empresas y administraciones. Impulsa tu crecimiento con Autoritas Consulting.","og_url":"https:\/\/autoritas.net\/ca\/nosaltres\/com-ho-veiem\/","og_site_name":"Autoritas Consulting","article_publisher":"https:\/\/www.facebook.com\/autoritas.consulting\/","article_modified_time":"2025-05-05T14:41:47+00:00","og_image":[{"width":512,"height":512,"url":"https:\/\/autoritas.net\/wp-content\/uploads\/2024\/04\/cropped-favicon-autoritas-web.png","type":"image\/png"}],"twitter_card":"summary_large_image","twitter_site":"@autoritas","twitter_misc":{"Est. reading time":"1 minute"},"schema":{"@context":"https:\/\/schema.org","@graph":[{"@type":"WebPage","@id":"https:\/\/autoritas.net\/ca\/nosaltres\/com-ho-veiem\/","url":"https:\/\/autoritas.net\/ca\/nosaltres\/com-ho-veiem\/","name":"Estrat\u00e8gia i posicionament d'Autoritas Consulting","isPartOf":{"@id":"https:\/\/autoritas.net\/ca\/#website"},"datePublished":"2024-07-10T17:51:18+00:00","dateModified":"2025-05-05T14:41:47+00:00","description":"Consultora en estrategia, comunicaci\u00f3n y digitalizaci\u00f3n para empresas y administraciones. Impulsa tu crecimiento con Autoritas Consulting.","breadcrumb":{"@id":"https:\/\/autoritas.net\/ca\/nosaltres\/com-ho-veiem\/#breadcrumb"},"inLanguage":"cat","potentialAction":[{"@type":"ReadAction","target":["https:\/\/autoritas.net\/ca\/nosaltres\/com-ho-veiem\/"]}]},{"@type":"BreadcrumbList","@id":"https:\/\/autoritas.net\/ca\/nosaltres\/com-ho-veiem\/#breadcrumb","itemListElement":[{"@type":"ListItem","position":1,"name":"Portada","item":"https:\/\/autoritas.net\/ca\/"},{"@type":"ListItem","position":2,"name":"Com ho veiem?"}]},{"@type":"WebSite","@id":"https:\/\/autoritas.net\/ca\/#website","url":"https:\/\/autoritas.net\/ca\/","name":"Autoritas Consulting","description":"Autoritas","publisher":{"@id":"https:\/\/autoritas.net\/ca\/#organization"},"alternateName":"Autoritas","potentialAction":[{"@type":"SearchAction","target":{"@type":"EntryPoint","urlTemplate":"https:\/\/autoritas.net\/ca\/?s={search_term_string}"},"query-input":{"@type":"PropertyValueSpecification","valueRequired":true,"valueName":"search_term_string"}}],"inLanguage":"cat"},{"@type":"Organization","@id":"https:\/\/autoritas.net\/ca\/#organization","name":"Autoritas Consulting | Estrategia, Inteligencia y Acci\u00f3n para la Toma de Decisiones","alternateName":"Autoritas","url":"https:\/\/autoritas.net\/ca\/","logo":{"@type":"ImageObject","inLanguage":"cat","@id":"https:\/\/autoritas.net\/ca\/#\/schema\/logo\/image\/","url":"https:\/\/autoritas.net\/wp-content\/uploads\/2024\/04\/logo-AutoritasConsulting-V.webp","contentUrl":"https:\/\/autoritas.net\/wp-content\/uploads\/2024\/04\/logo-AutoritasConsulting-V.webp","width":248,"height":46,"caption":"Autoritas Consulting | Estrategia, Inteligencia y Acci\u00f3n para la Toma de Decisiones"},"image":{"@id":"https:\/\/autoritas.net\/ca\/#\/schema\/logo\/image\/"},"sameAs":["https:\/\/www.facebook.com\/autoritas.consulting\/","https:\/\/x.com\/autoritas","https:\/\/es.linkedin.com\/company\/autoritas-consulting-s-a-","https:\/\/www.instagram.com\/autoritas_consulting\/"]}]}},"_links":{"self":[{"href":"https:\/\/autoritas.net\/ca\/wp-json\/wp\/v2\/pages\/231256","targetHints":{"allow":["GET"]}}],"collection":[{"href":"https:\/\/autoritas.net\/ca\/wp-json\/wp\/v2\/pages"}],"about":[{"href":"https:\/\/autoritas.net\/ca\/wp-json\/wp\/v2\/types\/page"}],"author":[{"embeddable":true,"href":"https:\/\/autoritas.net\/ca\/wp-json\/wp\/v2\/users\/3"}],"replies":[{"embeddable":true,"href":"https:\/\/autoritas.net\/ca\/wp-json\/wp\/v2\/comments?post=231256"}],"version-history":[{"count":4,"href":"https:\/\/autoritas.net\/ca\/wp-json\/wp\/v2\/pages\/231256\/revisions"}],"predecessor-version":[{"id":232051,"href":"https:\/\/autoritas.net\/ca\/wp-json\/wp\/v2\/pages\/231256\/revisions\/232051"}],"up":[{"embeddable":true,"href":"https:\/\/autoritas.net\/ca\/wp-json\/wp\/v2\/pages\/231338"}],"wp:attachment":[{"href":"https:\/\/autoritas.net\/ca\/wp-json\/wp\/v2\/media?parent=231256"}],"curies":[{"name":"wp","href":"https:\/\/api.w.org\/{rel}","templated":true}]}}