{"id":231268,"date":"2025-01-07T11:53:31","date_gmt":"2025-01-07T10:53:31","guid":{"rendered":"https:\/\/autoritas.net\/analitica-i-intelligencia\/"},"modified":"2025-02-13T17:40:28","modified_gmt":"2025-02-13T16:40:28","slug":"analitica-i-intelligencia","status":"publish","type":"page","link":"https:\/\/autoritas.net\/ca\/serveis\/analitica-i-intelligencia\/","title":{"rendered":"Anal\u00edtica i intel\u00b7lig\u00e8ncia"},"content":{"rendered":"\t\t<div data-elementor-type=\"wp-page\" data-elementor-id=\"231268\" class=\"elementor elementor-231268 elementor-230331\" data-elementor-post-type=\"page\">\n\t\t\t\t<div class=\"elementor-element elementor-element-7a211a6 e-flex e-con-boxed e-con e-parent\" data-id=\"7a211a6\" data-element_type=\"container\" data-e-type=\"container\">\n\t\t\t\t\t<div class=\"e-con-inner\">\n\t\t<div class=\"elementor-element elementor-element-ab034d5 e-con-full e-flex e-con e-child\" data-id=\"ab034d5\" data-element_type=\"container\" data-e-type=\"container\" data-settings=\"{&quot;background_background&quot;:&quot;classic&quot;}\">\n\t\t\t\t<div class=\"elementor-element elementor-element-cef5063 elementor-widget elementor-widget-heading\" data-id=\"cef5063\" data-element_type=\"widget\" data-e-type=\"widget\" data-widget_type=\"heading.default\">\n\t\t\t\t<div class=\"elementor-widget-container\">\n\t\t\t\t\t<h1 class=\"elementor-heading-title elementor-size-default\">ANAL\u00cdTICA I\nINTEL\u00b7LIG\u00c8NCIA<\/h1>\t\t\t\t<\/div>\n\t\t\t\t<\/div>\n\t\t\t\t<\/div>\n\t\t<div class=\"elementor-element elementor-element-a867579 e-con-full e-flex e-con e-child\" data-id=\"a867579\" data-element_type=\"container\" data-e-type=\"container\">\n\t\t\t\t<div class=\"elementor-element elementor-element-4b05ae5 elementor-widget__width-initial elementor-widget elementor-widget-heading\" data-id=\"4b05ae5\" data-element_type=\"widget\" data-e-type=\"widget\" data-widget_type=\"heading.default\">\n\t\t\t\t<div class=\"elementor-widget-container\">\n\t\t\t\t\t<h2 class=\"elementor-heading-title elementor-size-default\">TRANSFORMANT BIG DATA EN ACCIONS ESTRAT\u00c8GIQUES<\/h2>\t\t\t\t<\/div>\n\t\t\t\t<\/div>\n\t\t\t\t<div class=\"elementor-element elementor-element-16c2c7e elementor-widget__width-initial elementor-widget elementor-widget-text-editor\" data-id=\"16c2c7e\" data-element_type=\"widget\" data-e-type=\"widget\" data-widget_type=\"text-editor.default\">\n\t\t\t\t<div class=\"elementor-widget-container\">\n\t\t\t\t\t\t\t\t\t<p>Creiem que les dades s\u00f3n l&#8217;actiu m\u00e9s valu\u00f3s de qualsevol organitzaci\u00f3. El nostre servei d&#8217;anal\u00edtica i intel\u00b7lig\u00e8ncia est\u00e0 dissenyat per a convertir la vasta mar de dades en insights clars i estrat\u00e8gics, permetent-te prendre decisions informades i proactives en un m\u00f3n digital en constant evoluci\u00f3.<\/p>\n\t\t\t\t\t\t\t\t<\/div>\n\t\t\t\t<\/div>\n\t\t\t\t<\/div>\n\t\t<div class=\"elementor-element elementor-element-cdef492 e-con-full e-flex e-con e-child\" data-id=\"cdef492\" data-element_type=\"container\" data-e-type=\"container\">\n\t\t<div class=\"elementor-element elementor-element-d24b501 e-con-full e-flex e-con e-child\" data-id=\"d24b501\" data-element_type=\"container\" data-e-type=\"container\">\n\t\t\t\t<div class=\"elementor-element elementor-element-712ff4d elementor-widget elementor-widget-heading\" data-id=\"712ff4d\" data-element_type=\"widget\" data-e-type=\"widget\" data-widget_type=\"heading.default\">\n\t\t\t\t<div class=\"elementor-widget-container\">\n\t\t\t\t\t<h4 class=\"elementor-heading-title elementor-size-default\">Captura i an\u00e0lisi integral<\/h4>\t\t\t\t<\/div>\n\t\t\t\t<\/div>\n\t\t\t\t<div class=\"elementor-element elementor-element-d99fc2f elementor-widget elementor-widget-text-editor\" data-id=\"d99fc2f\" data-element_type=\"widget\" data-e-type=\"widget\" data-widget_type=\"text-editor.default\">\n\t\t\t\t<div class=\"elementor-widget-container\">\n\t\t\t\t\t\t\t\t\t<p>Des de la recopilaci\u00f3 de dades fins a la seva an\u00e0lisi detallada, ens submergim en el cor de les teves operacions digitals per a identificar patrons, tend\u00e8ncies i oportunitats ocultes. Utilitzem les \u00faltimes eines i t\u00e8cniques d&#8217;anal\u00edtica per a oferir una visi\u00f3 completa del teu ecosistema digital.<\/p>\n\t\t\t\t\t\t\t\t<\/div>\n\t\t\t\t<\/div>\n\t\t\t\t<\/div>\n\t\t<div class=\"elementor-element elementor-element-bcdcde2 e-con-full e-flex e-con e-child\" data-id=\"bcdcde2\" data-element_type=\"container\" data-e-type=\"container\">\n\t\t\t\t<div class=\"elementor-element elementor-element-22d1ea8 elementor-widget elementor-widget-heading\" data-id=\"22d1ea8\" data-element_type=\"widget\" data-e-type=\"widget\" data-widget_type=\"heading.default\">\n\t\t\t\t<div class=\"elementor-widget-container\">\n\t\t\t\t\t<h4 class=\"elementor-heading-title elementor-size-default\">Insights estrat\u00e8gics<\/h4>\t\t\t\t<\/div>\n\t\t\t\t<\/div>\n\t\t\t\t<div class=\"elementor-element elementor-element-85cc143 elementor-widget elementor-widget-text-editor\" data-id=\"85cc143\" data-element_type=\"widget\" data-e-type=\"widget\" data-widget_type=\"text-editor.default\">\n\t\t\t\t<div class=\"elementor-widget-container\">\n\t\t\t\t\t\t\t\t\t<p>No es tracta nom\u00e9s de dades, es tracta de insights que generen accions significatives. Tradu\u00efm els n\u00fameros i estad\u00edstiques en recomanacions clares i estrat\u00e8giques que impulsen el creixement, l&#8217;efici\u00e8ncia i la innovaci\u00f3 en la teva organitzaci\u00f3.<\/p>\n\t\t\t\t\t\t\t\t<\/div>\n\t\t\t\t<\/div>\n\t\t\t\t<\/div>\n\t\t<div class=\"elementor-element elementor-element-2ed1411 e-con-full e-flex e-con e-child\" data-id=\"2ed1411\" data-element_type=\"container\" data-e-type=\"container\">\n\t\t\t\t<div class=\"elementor-element elementor-element-0225835 elementor-widget elementor-widget-heading\" data-id=\"0225835\" data-element_type=\"widget\" data-e-type=\"widget\" data-widget_type=\"heading.default\">\n\t\t\t\t<div class=\"elementor-widget-container\">\n\t\t\t\t\t<h4 class=\"elementor-heading-title elementor-size-default\">Visualitzaci\u00f3 impactant<\/h4>\t\t\t\t<\/div>\n\t\t\t\t<\/div>\n\t\t\t\t<div class=\"elementor-element elementor-element-9ec0c56 elementor-widget elementor-widget-text-editor\" data-id=\"9ec0c56\" data-element_type=\"widget\" data-e-type=\"widget\" data-widget_type=\"text-editor.default\">\n\t\t\t\t<div class=\"elementor-widget-container\">\n\t\t\t\t\t\t\t\t\t<p>La informaci\u00f3 \u00e9s poder, per\u00f2 la visualitzaci\u00f3 adequada \u00e9s el que la converteix en acci\u00f3. Creem panells interactius i reportis personalitzats que et permeten entendre i comunicar les teves dades de manera efectiva en tots els nivells de la teva organitzaci\u00f3.<\/p>\n\t\t\t\t\t\t\t\t<\/div>\n\t\t\t\t<\/div>\n\t\t\t\t<\/div>\n\t\t\t\t<\/div>\n\t\t<div class=\"elementor-element elementor-element-c88f5aa e-con-full e-flex e-con e-child\" data-id=\"c88f5aa\" data-element_type=\"container\" data-e-type=\"container\">\n\t\t\t\t<div class=\"elementor-element elementor-element-728aea4 elementor-widget__width-initial elementor-widget elementor-widget-heading\" data-id=\"728aea4\" data-element_type=\"widget\" data-e-type=\"widget\" data-widget_type=\"heading.default\">\n\t\t\t\t<div class=\"elementor-widget-container\">\n\t\t\t\t\t<h2 class=\"elementor-heading-title elementor-size-default\">COM HO FEM?<\/h2>\t\t\t\t<\/div>\n\t\t\t\t<\/div>\n\t\t<div class=\"elementor-element elementor-element-2dc8c32 e-con-full e-flex e-con e-child\" data-id=\"2dc8c32\" data-element_type=\"container\" data-e-type=\"container\">\n\t\t<div class=\"elementor-element elementor-element-a7925df e-con-full elementor-hidden-tablet elementor-hidden-mobile e-flex e-con e-child\" data-id=\"a7925df\" data-element_type=\"container\" data-e-type=\"container\">\n\t\t\t\t<div class=\"elementor-element elementor-element-18c3932 elementor-widget elementor-widget-image\" data-id=\"18c3932\" data-element_type=\"widget\" data-e-type=\"widget\" data-widget_type=\"image.default\">\n\t\t\t\t<div class=\"elementor-widget-container\">\n\t\t\t\t\t\t\t\t\t\t\t\t\t\t\t<img fetchpriority=\"high\" decoding=\"async\" width=\"637\" height=\"466\" src=\"https:\/\/autoritas.net\/wp-content\/uploads\/2025\/01\/analitica-2.webp\" class=\"attachment-full size-full wp-image-231276\" alt=\"\" srcset=\"https:\/\/autoritas.net\/wp-content\/uploads\/2025\/01\/analitica-2.webp 637w, https:\/\/autoritas.net\/wp-content\/uploads\/2025\/01\/analitica-2-300x219.webp 300w\" sizes=\"(max-width: 637px) 100vw, 637px\" \/>\t\t\t\t\t\t\t\t\t\t\t\t\t\t\t<\/div>\n\t\t\t\t<\/div>\n\t\t\t\t<\/div>\n\t\t<div class=\"elementor-element elementor-element-9c586e4 e-con-full e-flex e-con e-child\" data-id=\"9c586e4\" data-element_type=\"container\" data-e-type=\"container\">\n\t\t<div class=\"elementor-element elementor-element-38ec877 e-con-full e-flex e-con e-child\" data-id=\"38ec877\" data-element_type=\"container\" data-e-type=\"container\">\n\t\t<div class=\"elementor-element elementor-element-93ab366 e-con-full elementor-hidden-mobile e-flex e-con e-child\" data-id=\"93ab366\" data-element_type=\"container\" data-e-type=\"container\">\n\t\t\t\t<div class=\"elementor-element elementor-element-06ac535 elementor-widget elementor-widget-image\" data-id=\"06ac535\" data-element_type=\"widget\" data-e-type=\"widget\" data-widget_type=\"image.default\">\n\t\t\t\t<div class=\"elementor-widget-container\">\n\t\t\t\t\t\t\t\t\t\t\t\t\t\t\t<img decoding=\"async\" width=\"60\" height=\"60\" src=\"https:\/\/autoritas.net\/wp-content\/uploads\/2025\/01\/check60.webp\" class=\"attachment-thumbnail size-thumbnail wp-image-231285\" alt=\"\" \/>\t\t\t\t\t\t\t\t\t\t\t\t\t\t\t<\/div>\n\t\t\t\t<\/div>\n\t\t\t\t<\/div>\n\t\t<div class=\"elementor-element elementor-element-e69a32e e-con-full e-flex e-con e-child\" data-id=\"e69a32e\" data-element_type=\"container\" data-e-type=\"container\">\n\t\t\t\t<div class=\"elementor-element elementor-element-847edac elementor-widget elementor-widget-heading\" data-id=\"847edac\" data-element_type=\"widget\" data-e-type=\"widget\" data-widget_type=\"heading.default\">\n\t\t\t\t<div class=\"elementor-widget-container\">\n\t\t\t\t\t<h4 class=\"elementor-heading-title elementor-size-default\">An\u00e0lisi predictiva i prescriptiva<\/h4>\t\t\t\t<\/div>\n\t\t\t\t<\/div>\n\t\t\t\t<div class=\"elementor-element elementor-element-e80b0b1 elementor-widget elementor-widget-text-editor\" data-id=\"e80b0b1\" data-element_type=\"widget\" data-e-type=\"widget\" data-widget_type=\"text-editor.default\">\n\t\t\t\t<div class=\"elementor-widget-container\">\n\t\t\t\t\t\t\t\t\t<p>Utilitzem models avan\u00e7ats per a preveure tend\u00e8ncies futures i recomanacions proactives basades en dades.<\/p>\n\t\t\t\t\t\t\t\t<\/div>\n\t\t\t\t<\/div>\n\t\t\t\t<\/div>\n\t\t\t\t<\/div>\n\t\t<div class=\"elementor-element elementor-element-1bfea8e e-con-full e-flex e-con e-child\" data-id=\"1bfea8e\" data-element_type=\"container\" data-e-type=\"container\">\n\t\t<div class=\"elementor-element elementor-element-08cc53f e-con-full e-flex e-con e-child\" data-id=\"08cc53f\" data-element_type=\"container\" data-e-type=\"container\">\n\t\t\t\t<div class=\"elementor-element elementor-element-49b99eb elementor-hidden-mobile elementor-widget elementor-widget-image\" data-id=\"49b99eb\" data-element_type=\"widget\" data-e-type=\"widget\" data-widget_type=\"image.default\">\n\t\t\t\t<div class=\"elementor-widget-container\">\n\t\t\t\t\t\t\t\t\t\t\t\t\t\t\t<img decoding=\"async\" width=\"60\" height=\"60\" src=\"https:\/\/autoritas.net\/wp-content\/uploads\/2025\/01\/check60.webp\" class=\"attachment-full size-full wp-image-231285\" alt=\"\" \/>\t\t\t\t\t\t\t\t\t\t\t\t\t\t\t<\/div>\n\t\t\t\t<\/div>\n\t\t\t\t<\/div>\n\t\t<div class=\"elementor-element elementor-element-c3b9c10 e-con-full e-flex e-con e-child\" data-id=\"c3b9c10\" data-element_type=\"container\" data-e-type=\"container\">\n\t\t\t\t<div class=\"elementor-element elementor-element-bb77426 elementor-widget elementor-widget-heading\" data-id=\"bb77426\" data-element_type=\"widget\" data-e-type=\"widget\" data-widget_type=\"heading.default\">\n\t\t\t\t<div class=\"elementor-widget-container\">\n\t\t\t\t\t<h4 class=\"elementor-heading-title elementor-size-default\">Optimitzaci\u00f3 de l'experi\u00e8ncia de l'usuari<\/h4>\t\t\t\t<\/div>\n\t\t\t\t<\/div>\n\t\t\t\t<div class=\"elementor-element elementor-element-117ce8d elementor-widget elementor-widget-text-editor\" data-id=\"117ce8d\" data-element_type=\"widget\" data-e-type=\"widget\" data-widget_type=\"text-editor.default\">\n\t\t\t\t<div class=\"elementor-widget-container\">\n\t\t\t\t\t\t\t\t\t<p>Entenem a la teva audi\u00e8ncia a un nivell profund, millorant l&#8217;experi\u00e8ncia digital per a maximitzar la interacci\u00f3 i conversi\u00f3.<\/p>\n\t\t\t\t\t\t\t\t<\/div>\n\t\t\t\t<\/div>\n\t\t\t\t<\/div>\n\t\t\t\t<\/div>\n\t\t<div class=\"elementor-element elementor-element-75fec1b e-con-full e-flex e-con e-child\" data-id=\"75fec1b\" data-element_type=\"container\" data-e-type=\"container\">\n\t\t<div class=\"elementor-element elementor-element-01b5e6c e-con-full e-flex e-con e-child\" data-id=\"01b5e6c\" data-element_type=\"container\" data-e-type=\"container\">\n\t\t\t\t<div class=\"elementor-element elementor-element-46bdf66 elementor-hidden-mobile elementor-widget elementor-widget-image\" data-id=\"46bdf66\" data-element_type=\"widget\" data-e-type=\"widget\" data-widget_type=\"image.default\">\n\t\t\t\t<div class=\"elementor-widget-container\">\n\t\t\t\t\t\t\t\t\t\t\t\t\t\t\t<img decoding=\"async\" width=\"60\" height=\"60\" src=\"https:\/\/autoritas.net\/wp-content\/uploads\/2025\/01\/check60.webp\" class=\"attachment-full size-full wp-image-231285\" alt=\"\" \/>\t\t\t\t\t\t\t\t\t\t\t\t\t\t\t<\/div>\n\t\t\t\t<\/div>\n\t\t\t\t<\/div>\n\t\t<div class=\"elementor-element elementor-element-9d5955b e-con-full e-flex e-con e-child\" data-id=\"9d5955b\" data-element_type=\"container\" data-e-type=\"container\">\n\t\t\t\t<div class=\"elementor-element elementor-element-d0d6a81 elementor-widget elementor-widget-heading\" data-id=\"d0d6a81\" data-element_type=\"widget\" data-e-type=\"widget\" data-widget_type=\"heading.default\">\n\t\t\t\t<div class=\"elementor-widget-container\">\n\t\t\t\t\t<h4 class=\"elementor-heading-title elementor-size-default\">Seguiment i millora cont\u00ednua<\/h4>\t\t\t\t<\/div>\n\t\t\t\t<\/div>\n\t\t\t\t<div class=\"elementor-element elementor-element-09e09a8 elementor-widget elementor-widget-text-editor\" data-id=\"09e09a8\" data-element_type=\"widget\" data-e-type=\"widget\" data-widget_type=\"text-editor.default\">\n\t\t\t\t<div class=\"elementor-widget-container\">\n\t\t\t\t\t\t\t\t\t<p>Implementem sistemes de seguiment detallat per a mesurar l&#8217;\u00e8xit de les teves iniciatives digitals i realitzar ajustos en temps real.<\/p>\n\t\t\t\t\t\t\t\t<\/div>\n\t\t\t\t<\/div>\n\t\t\t\t<\/div>\n\t\t\t\t<\/div>\n\t\t\t\t<\/div>\n\t\t\t\t<\/div>\n\t\t\t\t<\/div>\n\t\t\t\t\t<\/div>\n\t\t\t\t<\/div>\n\t\t\t\t<\/div>\n\t\t","protected":false},"excerpt":{"rendered":"<p>ANAL\u00cdTICA I INTEL\u00b7LIG\u00c8NCIA TRANSFORMANT BIG DATA EN ACCIONS ESTRAT\u00c8GIQUES Creiem que les dades s\u00f3n l&#8217;actiu m\u00e9s valu\u00f3s de qualsevol organitzaci\u00f3. El nostre servei d&#8217;anal\u00edtica i intel\u00b7lig\u00e8ncia est\u00e0 dissenyat per a convertir la vasta mar de dades en insights clars i estrat\u00e8gics, permetent-te prendre decisions informades i proactives en un m\u00f3n digital en constant evoluci\u00f3. Captura [&hellip;]<\/p>\n","protected":false},"author":8,"featured_media":0,"parent":231350,"menu_order":0,"comment_status":"closed","ping_status":"closed","template":"","meta":{"footnotes":""},"class_list":["post-231268","page","type-page","status-publish","hentry"],"yoast_head":"<!-- This site is optimized with the Yoast SEO plugin v27.0 - https:\/\/yoast.com\/product\/yoast-seo-wordpress\/ -->\n<title>Anal\u00edtica i intel\u00b7lig\u00e8ncia - Autoritas Consulting<\/title>\n<meta name=\"description\" content=\"Consultora en estrategia, comunicaci\u00f3n y digitalizaci\u00f3n para empresas y administraciones. Impulsa tu crecimiento con Autoritas Consulting.\" \/>\n<meta name=\"robots\" content=\"index, follow, max-snippet:-1, max-image-preview:large, max-video-preview:-1\" \/>\n<link rel=\"canonical\" href=\"https:\/\/autoritas.net\/ca\/serveis\/analitica-i-intelligencia\/\" \/>\n<meta property=\"og:locale\" content=\"en_US\" \/>\n<meta property=\"og:type\" content=\"article\" \/>\n<meta property=\"og:title\" content=\"Anal\u00edtica i intel\u00b7lig\u00e8ncia - Autoritas Consulting\" \/>\n<meta property=\"og:description\" content=\"Consultora en estrategia, comunicaci\u00f3n y digitalizaci\u00f3n para empresas y administraciones. Impulsa tu crecimiento con Autoritas Consulting.\" \/>\n<meta property=\"og:url\" content=\"https:\/\/autoritas.net\/ca\/serveis\/analitica-i-intelligencia\/\" \/>\n<meta property=\"og:site_name\" content=\"Autoritas Consulting\" \/>\n<meta property=\"article:publisher\" content=\"https:\/\/www.facebook.com\/autoritas.consulting\/\" \/>\n<meta property=\"article:modified_time\" content=\"2025-02-13T16:40:28+00:00\" \/>\n<meta property=\"og:image\" content=\"https:\/\/autoritas.net\/wp-content\/uploads\/2025\/01\/analitica-2.webp\" \/>\n\t<meta property=\"og:image:width\" content=\"637\" \/>\n\t<meta property=\"og:image:height\" content=\"466\" \/>\n\t<meta property=\"og:image:type\" content=\"image\/webp\" \/>\n<meta name=\"twitter:card\" content=\"summary_large_image\" \/>\n<meta name=\"twitter:site\" content=\"@autoritas\" \/>\n<meta name=\"twitter:label1\" content=\"Est. reading time\" \/>\n\t<meta name=\"twitter:data1\" content=\"1 minute\" \/>\n<script type=\"application\/ld+json\" class=\"yoast-schema-graph\">{\"@context\":\"https:\/\/schema.org\",\"@graph\":[{\"@type\":\"WebPage\",\"@id\":\"https:\/\/autoritas.net\/ca\/serveis\/analitica-i-intelligencia\/\",\"url\":\"https:\/\/autoritas.net\/ca\/serveis\/analitica-i-intelligencia\/\",\"name\":\"Anal\u00edtica i intel\u00b7lig\u00e8ncia - Autoritas Consulting\",\"isPartOf\":{\"@id\":\"https:\/\/autoritas.net\/ca\/#website\"},\"primaryImageOfPage\":{\"@id\":\"https:\/\/autoritas.net\/ca\/serveis\/analitica-i-intelligencia\/#primaryimage\"},\"image\":{\"@id\":\"https:\/\/autoritas.net\/ca\/serveis\/analitica-i-intelligencia\/#primaryimage\"},\"thumbnailUrl\":\"https:\/\/autoritas.net\/wp-content\/uploads\/2025\/01\/analitica-2.webp\",\"datePublished\":\"2025-01-07T10:53:31+00:00\",\"dateModified\":\"2025-02-13T16:40:28+00:00\",\"description\":\"Consultora en estrategia, comunicaci\u00f3n y digitalizaci\u00f3n para empresas y administraciones. Impulsa tu crecimiento con Autoritas Consulting.\",\"breadcrumb\":{\"@id\":\"https:\/\/autoritas.net\/ca\/serveis\/analitica-i-intelligencia\/#breadcrumb\"},\"inLanguage\":\"cat\",\"potentialAction\":[{\"@type\":\"ReadAction\",\"target\":[\"https:\/\/autoritas.net\/ca\/serveis\/analitica-i-intelligencia\/\"]}]},{\"@type\":\"ImageObject\",\"inLanguage\":\"cat\",\"@id\":\"https:\/\/autoritas.net\/ca\/serveis\/analitica-i-intelligencia\/#primaryimage\",\"url\":\"https:\/\/autoritas.net\/wp-content\/uploads\/2025\/01\/analitica-2.webp\",\"contentUrl\":\"https:\/\/autoritas.net\/wp-content\/uploads\/2025\/01\/analitica-2.webp\"},{\"@type\":\"BreadcrumbList\",\"@id\":\"https:\/\/autoritas.net\/ca\/serveis\/analitica-i-intelligencia\/#breadcrumb\",\"itemListElement\":[{\"@type\":\"ListItem\",\"position\":1,\"name\":\"Portada\",\"item\":\"https:\/\/autoritas.net\/ca\/\"},{\"@type\":\"ListItem\",\"position\":2,\"name\":\"Anal\u00edtica i intel\u00b7lig\u00e8ncia\"}]},{\"@type\":\"WebSite\",\"@id\":\"https:\/\/autoritas.net\/ca\/#website\",\"url\":\"https:\/\/autoritas.net\/ca\/\",\"name\":\"Autoritas Consulting\",\"description\":\"Autoritas\",\"publisher\":{\"@id\":\"https:\/\/autoritas.net\/ca\/#organization\"},\"alternateName\":\"Autoritas\",\"potentialAction\":[{\"@type\":\"SearchAction\",\"target\":{\"@type\":\"EntryPoint\",\"urlTemplate\":\"https:\/\/autoritas.net\/ca\/?s={search_term_string}\"},\"query-input\":{\"@type\":\"PropertyValueSpecification\",\"valueRequired\":true,\"valueName\":\"search_term_string\"}}],\"inLanguage\":\"cat\"},{\"@type\":\"Organization\",\"@id\":\"https:\/\/autoritas.net\/ca\/#organization\",\"name\":\"Autoritas Consulting | Estrategia, Inteligencia y Acci\u00f3n para la Toma de Decisiones\",\"alternateName\":\"Autoritas\",\"url\":\"https:\/\/autoritas.net\/ca\/\",\"logo\":{\"@type\":\"ImageObject\",\"inLanguage\":\"cat\",\"@id\":\"https:\/\/autoritas.net\/ca\/#\/schema\/logo\/image\/\",\"url\":\"https:\/\/autoritas.net\/wp-content\/uploads\/2024\/04\/logo-AutoritasConsulting-V.webp\",\"contentUrl\":\"https:\/\/autoritas.net\/wp-content\/uploads\/2024\/04\/logo-AutoritasConsulting-V.webp\",\"width\":248,\"height\":46,\"caption\":\"Autoritas Consulting | Estrategia, Inteligencia y Acci\u00f3n para la Toma de Decisiones\"},\"image\":{\"@id\":\"https:\/\/autoritas.net\/ca\/#\/schema\/logo\/image\/\"},\"sameAs\":[\"https:\/\/www.facebook.com\/autoritas.consulting\/\",\"https:\/\/x.com\/autoritas\",\"https:\/\/es.linkedin.com\/company\/autoritas-consulting-s-a-\",\"https:\/\/www.instagram.com\/autoritas_consulting\/\"]}]}<\/script>\n<!-- \/ Yoast SEO plugin. -->","yoast_head_json":{"title":"Anal\u00edtica i intel\u00b7lig\u00e8ncia - Autoritas Consulting","description":"Consultora en estrategia, comunicaci\u00f3n y digitalizaci\u00f3n para empresas y administraciones. Impulsa tu crecimiento con Autoritas Consulting.","robots":{"index":"index","follow":"follow","max-snippet":"max-snippet:-1","max-image-preview":"max-image-preview:large","max-video-preview":"max-video-preview:-1"},"canonical":"https:\/\/autoritas.net\/ca\/serveis\/analitica-i-intelligencia\/","og_locale":"en_US","og_type":"article","og_title":"Anal\u00edtica i intel\u00b7lig\u00e8ncia - Autoritas Consulting","og_description":"Consultora en estrategia, comunicaci\u00f3n y digitalizaci\u00f3n para empresas y administraciones. Impulsa tu crecimiento con Autoritas Consulting.","og_url":"https:\/\/autoritas.net\/ca\/serveis\/analitica-i-intelligencia\/","og_site_name":"Autoritas Consulting","article_publisher":"https:\/\/www.facebook.com\/autoritas.consulting\/","article_modified_time":"2025-02-13T16:40:28+00:00","og_image":[{"width":637,"height":466,"url":"https:\/\/autoritas.net\/wp-content\/uploads\/2025\/01\/analitica-2.webp","type":"image\/webp"}],"twitter_card":"summary_large_image","twitter_site":"@autoritas","twitter_misc":{"Est. reading time":"1 minute"},"schema":{"@context":"https:\/\/schema.org","@graph":[{"@type":"WebPage","@id":"https:\/\/autoritas.net\/ca\/serveis\/analitica-i-intelligencia\/","url":"https:\/\/autoritas.net\/ca\/serveis\/analitica-i-intelligencia\/","name":"Anal\u00edtica i intel\u00b7lig\u00e8ncia - Autoritas Consulting","isPartOf":{"@id":"https:\/\/autoritas.net\/ca\/#website"},"primaryImageOfPage":{"@id":"https:\/\/autoritas.net\/ca\/serveis\/analitica-i-intelligencia\/#primaryimage"},"image":{"@id":"https:\/\/autoritas.net\/ca\/serveis\/analitica-i-intelligencia\/#primaryimage"},"thumbnailUrl":"https:\/\/autoritas.net\/wp-content\/uploads\/2025\/01\/analitica-2.webp","datePublished":"2025-01-07T10:53:31+00:00","dateModified":"2025-02-13T16:40:28+00:00","description":"Consultora en estrategia, comunicaci\u00f3n y digitalizaci\u00f3n para empresas y administraciones. Impulsa tu crecimiento con Autoritas Consulting.","breadcrumb":{"@id":"https:\/\/autoritas.net\/ca\/serveis\/analitica-i-intelligencia\/#breadcrumb"},"inLanguage":"cat","potentialAction":[{"@type":"ReadAction","target":["https:\/\/autoritas.net\/ca\/serveis\/analitica-i-intelligencia\/"]}]},{"@type":"ImageObject","inLanguage":"cat","@id":"https:\/\/autoritas.net\/ca\/serveis\/analitica-i-intelligencia\/#primaryimage","url":"https:\/\/autoritas.net\/wp-content\/uploads\/2025\/01\/analitica-2.webp","contentUrl":"https:\/\/autoritas.net\/wp-content\/uploads\/2025\/01\/analitica-2.webp"},{"@type":"BreadcrumbList","@id":"https:\/\/autoritas.net\/ca\/serveis\/analitica-i-intelligencia\/#breadcrumb","itemListElement":[{"@type":"ListItem","position":1,"name":"Portada","item":"https:\/\/autoritas.net\/ca\/"},{"@type":"ListItem","position":2,"name":"Anal\u00edtica i intel\u00b7lig\u00e8ncia"}]},{"@type":"WebSite","@id":"https:\/\/autoritas.net\/ca\/#website","url":"https:\/\/autoritas.net\/ca\/","name":"Autoritas Consulting","description":"Autoritas","publisher":{"@id":"https:\/\/autoritas.net\/ca\/#organization"},"alternateName":"Autoritas","potentialAction":[{"@type":"SearchAction","target":{"@type":"EntryPoint","urlTemplate":"https:\/\/autoritas.net\/ca\/?s={search_term_string}"},"query-input":{"@type":"PropertyValueSpecification","valueRequired":true,"valueName":"search_term_string"}}],"inLanguage":"cat"},{"@type":"Organization","@id":"https:\/\/autoritas.net\/ca\/#organization","name":"Autoritas Consulting | Estrategia, Inteligencia y Acci\u00f3n para la Toma de Decisiones","alternateName":"Autoritas","url":"https:\/\/autoritas.net\/ca\/","logo":{"@type":"ImageObject","inLanguage":"cat","@id":"https:\/\/autoritas.net\/ca\/#\/schema\/logo\/image\/","url":"https:\/\/autoritas.net\/wp-content\/uploads\/2024\/04\/logo-AutoritasConsulting-V.webp","contentUrl":"https:\/\/autoritas.net\/wp-content\/uploads\/2024\/04\/logo-AutoritasConsulting-V.webp","width":248,"height":46,"caption":"Autoritas Consulting | Estrategia, Inteligencia y Acci\u00f3n para la Toma de Decisiones"},"image":{"@id":"https:\/\/autoritas.net\/ca\/#\/schema\/logo\/image\/"},"sameAs":["https:\/\/www.facebook.com\/autoritas.consulting\/","https:\/\/x.com\/autoritas","https:\/\/es.linkedin.com\/company\/autoritas-consulting-s-a-","https:\/\/www.instagram.com\/autoritas_consulting\/"]}]}},"_links":{"self":[{"href":"https:\/\/autoritas.net\/ca\/wp-json\/wp\/v2\/pages\/231268","targetHints":{"allow":["GET"]}}],"collection":[{"href":"https:\/\/autoritas.net\/ca\/wp-json\/wp\/v2\/pages"}],"about":[{"href":"https:\/\/autoritas.net\/ca\/wp-json\/wp\/v2\/types\/page"}],"author":[{"embeddable":true,"href":"https:\/\/autoritas.net\/ca\/wp-json\/wp\/v2\/users\/8"}],"replies":[{"embeddable":true,"href":"https:\/\/autoritas.net\/ca\/wp-json\/wp\/v2\/comments?post=231268"}],"version-history":[{"count":1,"href":"https:\/\/autoritas.net\/ca\/wp-json\/wp\/v2\/pages\/231268\/revisions"}],"predecessor-version":[{"id":231269,"href":"https:\/\/autoritas.net\/ca\/wp-json\/wp\/v2\/pages\/231268\/revisions\/231269"}],"up":[{"embeddable":true,"href":"https:\/\/autoritas.net\/ca\/wp-json\/wp\/v2\/pages\/231350"}],"wp:attachment":[{"href":"https:\/\/autoritas.net\/ca\/wp-json\/wp\/v2\/media?parent=231268"}],"curies":[{"name":"wp","href":"https:\/\/api.w.org\/{rel}","templated":true}]}}