{"id":231275,"date":"2025-01-03T13:19:55","date_gmt":"2025-01-03T12:19:55","guid":{"rendered":"https:\/\/autoritas.net\/estrategia-i-consultoria\/"},"modified":"2025-02-18T16:30:41","modified_gmt":"2025-02-18T15:30:41","slug":"estrategia-i-consultoria","status":"publish","type":"page","link":"https:\/\/autoritas.net\/ca\/serveis\/estrategia-i-consultoria\/","title":{"rendered":"Estrat\u00e8gia i consultoria"},"content":{"rendered":"\t\t<div data-elementor-type=\"wp-page\" data-elementor-id=\"231275\" class=\"elementor elementor-231275 elementor-230228\" data-elementor-post-type=\"page\">\n\t\t\t\t<div class=\"elementor-element elementor-element-c36b918 e-flex e-con-boxed e-con e-parent\" data-id=\"c36b918\" data-element_type=\"container\" data-e-type=\"container\">\n\t\t\t\t\t<div class=\"e-con-inner\">\n\t\t<div class=\"elementor-element elementor-element-431bd1d e-con-full e-flex e-con e-child\" data-id=\"431bd1d\" data-element_type=\"container\" data-e-type=\"container\" data-settings=\"{&quot;background_background&quot;:&quot;classic&quot;}\">\n\t\t\t\t<div class=\"elementor-element elementor-element-0f61877 elementor-widget elementor-widget-heading\" data-id=\"0f61877\" data-element_type=\"widget\" data-e-type=\"widget\" data-widget_type=\"heading.default\">\n\t\t\t\t<div class=\"elementor-widget-container\">\n\t\t\t\t\t<h1 class=\"elementor-heading-title elementor-size-default\">ESTRAT\u00c8GIA I\nCONSULTORIA<\/h1>\t\t\t\t<\/div>\n\t\t\t\t<\/div>\n\t\t\t\t<\/div>\n\t\t<div class=\"elementor-element elementor-element-2e7a7b1 e-con-full e-flex e-con e-child\" data-id=\"2e7a7b1\" data-element_type=\"container\" data-e-type=\"container\">\n\t\t\t\t<div class=\"elementor-element elementor-element-0b3f391 elementor-widget__width-initial elementor-widget elementor-widget-heading\" data-id=\"0b3f391\" data-element_type=\"widget\" data-e-type=\"widget\" data-widget_type=\"heading.default\">\n\t\t\t\t<div class=\"elementor-widget-container\">\n\t\t\t\t\t<h2 class=\"elementor-heading-title elementor-size-default\">ALINEATS AMB ELS TEUS OBJECTIUS DE NEGOCI<\/h2>\t\t\t\t<\/div>\n\t\t\t\t<\/div>\n\t\t\t\t<div class=\"elementor-element elementor-element-9fb7737 elementor-widget__width-initial elementor-widget elementor-widget-text-editor\" data-id=\"9fb7737\" data-element_type=\"widget\" data-e-type=\"widget\" data-widget_type=\"text-editor.default\">\n\t\t\t\t<div class=\"elementor-widget-container\">\n\t\t\t\t\t\t\t\t\t<p>En Autoritas Consulting, entenem que cada pas cap a la transformaci\u00f3 digital ha d&#8217;estar recolzat per una estrat\u00e8gia s\u00f2lida i una consultoria experta. El nostre servei d&#8217;Estrat\u00e8gia i Consultoria est\u00e0 dissenyat per a alinear els teus objectius de negoci amb estrat\u00e8gies digitals innovadores, impulsant el creixement i la transformaci\u00f3 de la teva organitzaci\u00f3. <\/p>\n\t\t\t\t\t\t\t\t<\/div>\n\t\t\t\t<\/div>\n\t\t\t\t<\/div>\n\t\t<div class=\"elementor-element elementor-element-131e821 e-con-full e-flex e-con e-child\" data-id=\"131e821\" data-element_type=\"container\" data-e-type=\"container\">\n\t\t<div class=\"elementor-element elementor-element-83838c2 e-con-full e-flex e-con e-child\" data-id=\"83838c2\" data-element_type=\"container\" data-e-type=\"container\">\n\t\t\t\t<div class=\"elementor-element elementor-element-b7c73ae elementor-widget elementor-widget-heading\" data-id=\"b7c73ae\" data-element_type=\"widget\" data-e-type=\"widget\" data-widget_type=\"heading.default\">\n\t\t\t\t<div class=\"elementor-widget-container\">\n\t\t\t\t\t<h4 class=\"elementor-heading-title elementor-size-default\">An\u00e0lisi profunda, estrat\u00e8gia clara<\/h4>\t\t\t\t<\/div>\n\t\t\t\t<\/div>\n\t\t\t\t<div class=\"elementor-element elementor-element-3fefde0 elementor-widget elementor-widget-text-editor\" data-id=\"3fefde0\" data-element_type=\"widget\" data-e-type=\"widget\" data-widget_type=\"text-editor.default\">\n\t\t\t\t<div class=\"elementor-widget-container\">\n\t\t\t\t\t\t\t\t\t<p>Comencem cada projecte submergint-nos en una an\u00e0lisi exhaustiva del teu negoci, la teva ind\u00fastria i el panorama digital en constant canvi. Aquest enfocament ens permet comprendre a fons els teus desafiaments i oportunitats, creant aix\u00ed una estrat\u00e8gia a mesura que s&#8217;alinea amb les teves metes i objectius. <\/p>\n\t\t\t\t\t\t\t\t<\/div>\n\t\t\t\t<\/div>\n\t\t\t\t<\/div>\n\t\t<div class=\"elementor-element elementor-element-0454ac7 e-con-full e-flex e-con e-child\" data-id=\"0454ac7\" data-element_type=\"container\" data-e-type=\"container\">\n\t\t\t\t<div class=\"elementor-element elementor-element-a54b8b4 elementor-widget elementor-widget-heading\" data-id=\"a54b8b4\" data-element_type=\"widget\" data-e-type=\"widget\" data-widget_type=\"heading.default\">\n\t\t\t\t<div class=\"elementor-widget-container\">\n\t\t\t\t\t<h4 class=\"elementor-heading-title elementor-size-default\">Personalitzaci\u00f3 i flexibilitat<\/h4>\t\t\t\t<\/div>\n\t\t\t\t<\/div>\n\t\t\t\t<div class=\"elementor-element elementor-element-e064aa8 elementor-widget elementor-widget-text-editor\" data-id=\"e064aa8\" data-element_type=\"widget\" data-e-type=\"widget\" data-widget_type=\"text-editor.default\">\n\t\t\t\t<div class=\"elementor-widget-container\">\n\t\t\t\t\t\t\t\t\t<p>No creiem en les solucions gen\u00e8riques. Cada empresa \u00e9s \u00fanica, per la qual cosa les nostres estrat\u00e8gies i consultories s&#8217;adapten a les necessitats espec\u00edfiques de la teva organitzaci\u00f3. Des de la planificaci\u00f3 fins a la implementaci\u00f3, treballem amb tu per a desenvolupar un pla personalitzat que s&#8217;ajusti a la teva visi\u00f3 i recursos disponibles.  <\/p>\n\t\t\t\t\t\t\t\t<\/div>\n\t\t\t\t<\/div>\n\t\t\t\t<\/div>\n\t\t<div class=\"elementor-element elementor-element-cd30562 e-con-full e-flex e-con e-child\" data-id=\"cd30562\" data-element_type=\"container\" data-e-type=\"container\">\n\t\t\t\t<div class=\"elementor-element elementor-element-1eac35d elementor-widget elementor-widget-heading\" data-id=\"1eac35d\" data-element_type=\"widget\" data-e-type=\"widget\" data-widget_type=\"heading.default\">\n\t\t\t\t<div class=\"elementor-widget-container\">\n\t\t\t\t\t<h4 class=\"elementor-heading-title elementor-size-default\">Liderant el canvi<\/h4>\t\t\t\t<\/div>\n\t\t\t\t<\/div>\n\t\t\t\t<div class=\"elementor-element elementor-element-f568084 elementor-widget elementor-widget-text-editor\" data-id=\"f568084\" data-element_type=\"widget\" data-e-type=\"widget\" data-widget_type=\"text-editor.default\">\n\t\t\t\t<div class=\"elementor-widget-container\">\n\t\t\t\t\t\t\t\t\t<p>En un m\u00f3n on la digitalitzaci\u00f3 \u00e9s clau per a la competitivitat, et guiem en cada pas del cam\u00ed cap a l&#8217;\u00e8xit digital. Els nostres consultors i consultores experts no sols et brinden recomanacions, sin\u00f3 que tamb\u00e9 col\u00b7laboren estretament amb tu i el teu equip per a garantir una implementaci\u00f3 efectiva i una adopci\u00f3 reeixida de les noves estrat\u00e8gies. <\/p>\n\t\t\t\t\t\t\t\t<\/div>\n\t\t\t\t<\/div>\n\t\t\t\t<\/div>\n\t\t\t\t<\/div>\n\t\t<div class=\"elementor-element elementor-element-e26a303 e-con-full e-flex e-con e-child\" data-id=\"e26a303\" data-element_type=\"container\" data-e-type=\"container\">\n\t\t\t\t<div class=\"elementor-element elementor-element-1fc31ec elementor-widget__width-initial elementor-widget elementor-widget-heading\" data-id=\"1fc31ec\" data-element_type=\"widget\" data-e-type=\"widget\" data-widget_type=\"heading.default\">\n\t\t\t\t<div class=\"elementor-widget-container\">\n\t\t\t\t\t<h2 class=\"elementor-heading-title elementor-size-default\">COM HO FEM?<\/h2>\t\t\t\t<\/div>\n\t\t\t\t<\/div>\n\t\t<div class=\"elementor-element elementor-element-42dcf55 e-con-full e-flex e-con e-child\" data-id=\"42dcf55\" data-element_type=\"container\" data-e-type=\"container\">\n\t\t<div class=\"elementor-element elementor-element-d20724e e-con-full elementor-hidden-tablet elementor-hidden-mobile e-flex e-con e-child\" data-id=\"d20724e\" data-element_type=\"container\" data-e-type=\"container\">\n\t\t\t\t<div class=\"elementor-element elementor-element-6fe34cd elementor-widget elementor-widget-image\" data-id=\"6fe34cd\" data-element_type=\"widget\" data-e-type=\"widget\" data-widget_type=\"image.default\">\n\t\t\t\t<div class=\"elementor-widget-container\">\n\t\t\t\t\t\t\t\t\t\t\t\t\t\t\t<img fetchpriority=\"high\" decoding=\"async\" width=\"1274\" height=\"932\" src=\"https:\/\/autoritas.net\/wp-content\/uploads\/2025\/02\/Frame-35.webp\" class=\"attachment-full size-full wp-image-231290\" alt=\"\" srcset=\"https:\/\/autoritas.net\/wp-content\/uploads\/2025\/02\/Frame-35.webp 1274w, https:\/\/autoritas.net\/wp-content\/uploads\/2025\/02\/Frame-35-300x219.webp 300w, https:\/\/autoritas.net\/wp-content\/uploads\/2025\/02\/Frame-35-1024x749.webp 1024w, https:\/\/autoritas.net\/wp-content\/uploads\/2025\/02\/Frame-35-768x562.webp 768w\" sizes=\"(max-width: 1274px) 100vw, 1274px\" \/>\t\t\t\t\t\t\t\t\t\t\t\t\t\t\t<\/div>\n\t\t\t\t<\/div>\n\t\t\t\t<\/div>\n\t\t<div class=\"elementor-element elementor-element-0fc7956 e-con-full e-flex e-con e-child\" data-id=\"0fc7956\" data-element_type=\"container\" data-e-type=\"container\">\n\t\t<div class=\"elementor-element elementor-element-43efc79 e-con-full e-flex e-con e-child\" data-id=\"43efc79\" data-element_type=\"container\" data-e-type=\"container\">\n\t\t<div class=\"elementor-element elementor-element-133bcdb e-con-full elementor-hidden-mobile e-flex e-con e-child\" data-id=\"133bcdb\" data-element_type=\"container\" data-e-type=\"container\">\n\t\t\t\t<div class=\"elementor-element elementor-element-856922c elementor-widget elementor-widget-image\" data-id=\"856922c\" data-element_type=\"widget\" data-e-type=\"widget\" data-widget_type=\"image.default\">\n\t\t\t\t<div class=\"elementor-widget-container\">\n\t\t\t\t\t\t\t\t\t\t\t\t\t\t\t<img decoding=\"async\" width=\"240\" height=\"240\" src=\"https:\/\/autoritas.net\/wp-content\/uploads\/2025\/02\/boton-check.webp\" class=\"attachment-full size-full wp-image-231286\" alt=\"\" srcset=\"https:\/\/autoritas.net\/wp-content\/uploads\/2025\/02\/boton-check.webp 240w, https:\/\/autoritas.net\/wp-content\/uploads\/2025\/02\/boton-check-150x150.webp 150w\" sizes=\"(max-width: 240px) 100vw, 240px\" \/>\t\t\t\t\t\t\t\t\t\t\t\t\t\t\t<\/div>\n\t\t\t\t<\/div>\n\t\t\t\t<\/div>\n\t\t<div class=\"elementor-element elementor-element-81d6321 e-con-full e-flex e-con e-child\" data-id=\"81d6321\" data-element_type=\"container\" data-e-type=\"container\">\n\t\t\t\t<div class=\"elementor-element elementor-element-a51812d elementor-widget elementor-widget-heading\" data-id=\"a51812d\" data-element_type=\"widget\" data-e-type=\"widget\" data-widget_type=\"heading.default\">\n\t\t\t\t<div class=\"elementor-widget-container\">\n\t\t\t\t\t<h4 class=\"elementor-heading-title elementor-size-default\">An\u00e0lisi i diagn\u00f2stic<\/h4>\t\t\t\t<\/div>\n\t\t\t\t<\/div>\n\t\t\t\t<div class=\"elementor-element elementor-element-21984ee elementor-widget elementor-widget-text-editor\" data-id=\"21984ee\" data-element_type=\"widget\" data-e-type=\"widget\" data-widget_type=\"text-editor.default\">\n\t\t\t\t<div class=\"elementor-widget-container\">\n\t\t\t\t\t\t\t\t\t<p>Analitzem a fons la pres\u00e8ncia digital de la teva organitzaci\u00f3, identificant \u00e0rees de millora i oportunitats de creixement.<\/p>\n\t\t\t\t\t\t\t\t<\/div>\n\t\t\t\t<\/div>\n\t\t\t\t<\/div>\n\t\t\t\t<\/div>\n\t\t<div class=\"elementor-element elementor-element-76626c6 e-con-full e-flex e-con e-child\" data-id=\"76626c6\" data-element_type=\"container\" data-e-type=\"container\">\n\t\t<div class=\"elementor-element elementor-element-cb87dcf e-con-full e-flex e-con e-child\" data-id=\"cb87dcf\" data-element_type=\"container\" data-e-type=\"container\">\n\t\t\t\t<div class=\"elementor-element elementor-element-c065e0f elementor-hidden-mobile elementor-widget elementor-widget-image\" data-id=\"c065e0f\" data-element_type=\"widget\" data-e-type=\"widget\" data-widget_type=\"image.default\">\n\t\t\t\t<div class=\"elementor-widget-container\">\n\t\t\t\t\t\t\t\t\t\t\t\t\t\t\t<img decoding=\"async\" width=\"240\" height=\"240\" src=\"https:\/\/autoritas.net\/wp-content\/uploads\/2025\/02\/boton-check.webp\" class=\"attachment-full size-full wp-image-231286\" alt=\"\" srcset=\"https:\/\/autoritas.net\/wp-content\/uploads\/2025\/02\/boton-check.webp 240w, https:\/\/autoritas.net\/wp-content\/uploads\/2025\/02\/boton-check-150x150.webp 150w\" sizes=\"(max-width: 240px) 100vw, 240px\" \/>\t\t\t\t\t\t\t\t\t\t\t\t\t\t\t<\/div>\n\t\t\t\t<\/div>\n\t\t\t\t<\/div>\n\t\t<div class=\"elementor-element elementor-element-c73ecb9 e-con-full e-flex e-con e-child\" data-id=\"c73ecb9\" data-element_type=\"container\" data-e-type=\"container\">\n\t\t\t\t<div class=\"elementor-element elementor-element-656c72c elementor-widget elementor-widget-heading\" data-id=\"656c72c\" data-element_type=\"widget\" data-e-type=\"widget\" data-widget_type=\"heading.default\">\n\t\t\t\t<div class=\"elementor-widget-container\">\n\t\t\t\t\t<h4 class=\"elementor-heading-title elementor-size-default\">Planificaci\u00f3 estrat\u00e8gica<\/h4>\t\t\t\t<\/div>\n\t\t\t\t<\/div>\n\t\t\t\t<div class=\"elementor-element elementor-element-374d952 elementor-widget elementor-widget-text-editor\" data-id=\"374d952\" data-element_type=\"widget\" data-e-type=\"widget\" data-widget_type=\"text-editor.default\">\n\t\t\t\t<div class=\"elementor-widget-container\">\n\t\t\t\t\t\t\t\t\t<p>Desenvolupem plans estrat\u00e8gics detallats que alineen els teus objectius comercials amb t\u00e0ctiques digitals efectives i mesurables.<\/p>\n\t\t\t\t\t\t\t\t<\/div>\n\t\t\t\t<\/div>\n\t\t\t\t<\/div>\n\t\t\t\t<\/div>\n\t\t<div class=\"elementor-element elementor-element-d6b4329 e-con-full e-flex e-con e-child\" data-id=\"d6b4329\" data-element_type=\"container\" data-e-type=\"container\">\n\t\t<div class=\"elementor-element elementor-element-c5b4eb7 e-con-full e-flex e-con e-child\" data-id=\"c5b4eb7\" data-element_type=\"container\" data-e-type=\"container\">\n\t\t\t\t<div class=\"elementor-element elementor-element-4c5956b elementor-hidden-mobile elementor-widget elementor-widget-image\" data-id=\"4c5956b\" data-element_type=\"widget\" data-e-type=\"widget\" data-widget_type=\"image.default\">\n\t\t\t\t<div class=\"elementor-widget-container\">\n\t\t\t\t\t\t\t\t\t\t\t\t\t\t\t<img decoding=\"async\" width=\"240\" height=\"240\" src=\"https:\/\/autoritas.net\/wp-content\/uploads\/2025\/02\/boton-check.webp\" class=\"attachment-full size-full wp-image-231286\" alt=\"\" srcset=\"https:\/\/autoritas.net\/wp-content\/uploads\/2025\/02\/boton-check.webp 240w, https:\/\/autoritas.net\/wp-content\/uploads\/2025\/02\/boton-check-150x150.webp 150w\" sizes=\"(max-width: 240px) 100vw, 240px\" \/>\t\t\t\t\t\t\t\t\t\t\t\t\t\t\t<\/div>\n\t\t\t\t<\/div>\n\t\t\t\t<\/div>\n\t\t<div class=\"elementor-element elementor-element-1585df3 e-con-full e-flex e-con e-child\" data-id=\"1585df3\" data-element_type=\"container\" data-e-type=\"container\">\n\t\t\t\t<div class=\"elementor-element elementor-element-ca10a52 elementor-widget elementor-widget-heading\" data-id=\"ca10a52\" data-element_type=\"widget\" data-e-type=\"widget\" data-widget_type=\"heading.default\">\n\t\t\t\t<div class=\"elementor-widget-container\">\n\t\t\t\t\t<h4 class=\"elementor-heading-title elementor-size-default\">Implementaci\u00f3 i seguiment<\/h4>\t\t\t\t<\/div>\n\t\t\t\t<\/div>\n\t\t\t\t<div class=\"elementor-element elementor-element-ba221ec elementor-widget elementor-widget-text-editor\" data-id=\"ba221ec\" data-element_type=\"widget\" data-e-type=\"widget\" data-widget_type=\"text-editor.default\">\n\t\t\t\t<div class=\"elementor-widget-container\">\n\t\t\t\t\t\t\t\t\t<p>Duem a terme la implementaci\u00f3 de les estrat\u00e8gies acordades, monitorant constantment els resultats i ajustant segons sigui necessari per a garantir l&#8217;\u00e8xit continu.<\/p>\n\t\t\t\t\t\t\t\t<\/div>\n\t\t\t\t<\/div>\n\t\t\t\t<\/div>\n\t\t\t\t<\/div>\n\t\t\t\t<\/div>\n\t\t\t\t<\/div>\n\t\t\t\t<\/div>\n\t\t\t\t\t<\/div>\n\t\t\t\t<\/div>\n\t\t\t\t<\/div>\n\t\t","protected":false},"excerpt":{"rendered":"<p>ESTRAT\u00c8GIA I CONSULTORIA ALINEATS AMB ELS TEUS OBJECTIUS DE NEGOCI En Autoritas Consulting, entenem que cada pas cap a la transformaci\u00f3 digital ha d&#8217;estar recolzat per una estrat\u00e8gia s\u00f2lida i una consultoria experta. El nostre servei d&#8217;Estrat\u00e8gia i Consultoria est\u00e0 dissenyat per a alinear els teus objectius de negoci amb estrat\u00e8gies digitals innovadores, impulsant el [&hellip;]<\/p>\n","protected":false},"author":8,"featured_media":0,"parent":231350,"menu_order":0,"comment_status":"closed","ping_status":"closed","template":"","meta":{"footnotes":""},"class_list":["post-231275","page","type-page","status-publish","hentry"],"yoast_head":"<!-- This site is optimized with the Yoast SEO plugin v27.0 - https:\/\/yoast.com\/product\/yoast-seo-wordpress\/ -->\n<title>Estrat\u00e8gia i consultoria - Autoritas Consulting<\/title>\n<meta name=\"description\" content=\"Consultora en estrategia, comunicaci\u00f3n y digitalizaci\u00f3n para empresas y administraciones. Impulsa tu crecimiento con Autoritas Consulting.\" \/>\n<meta name=\"robots\" content=\"index, follow, max-snippet:-1, max-image-preview:large, max-video-preview:-1\" \/>\n<link rel=\"canonical\" href=\"https:\/\/autoritas.net\/ca\/serveis\/estrategia-i-consultoria\/\" \/>\n<meta property=\"og:locale\" content=\"en_US\" \/>\n<meta property=\"og:type\" content=\"article\" \/>\n<meta property=\"og:title\" content=\"Estrat\u00e8gia i consultoria - Autoritas Consulting\" \/>\n<meta property=\"og:description\" content=\"Consultora en estrategia, comunicaci\u00f3n y digitalizaci\u00f3n para empresas y administraciones. Impulsa tu crecimiento con Autoritas Consulting.\" \/>\n<meta property=\"og:url\" content=\"https:\/\/autoritas.net\/ca\/serveis\/estrategia-i-consultoria\/\" \/>\n<meta property=\"og:site_name\" content=\"Autoritas Consulting\" \/>\n<meta property=\"article:publisher\" content=\"https:\/\/www.facebook.com\/autoritas.consulting\/\" \/>\n<meta property=\"article:modified_time\" content=\"2025-02-18T15:30:41+00:00\" \/>\n<meta property=\"og:image\" content=\"https:\/\/autoritas.net\/wp-content\/uploads\/2025\/02\/Frame-35.webp\" \/>\n\t<meta property=\"og:image:width\" content=\"1274\" \/>\n\t<meta property=\"og:image:height\" content=\"932\" \/>\n\t<meta property=\"og:image:type\" content=\"image\/webp\" \/>\n<meta name=\"twitter:card\" content=\"summary_large_image\" \/>\n<meta name=\"twitter:site\" content=\"@autoritas\" \/>\n<meta name=\"twitter:label1\" content=\"Est. reading time\" \/>\n\t<meta name=\"twitter:data1\" content=\"2 minutes\" \/>\n<script type=\"application\/ld+json\" class=\"yoast-schema-graph\">{\"@context\":\"https:\/\/schema.org\",\"@graph\":[{\"@type\":\"WebPage\",\"@id\":\"https:\/\/autoritas.net\/ca\/serveis\/estrategia-i-consultoria\/\",\"url\":\"https:\/\/autoritas.net\/ca\/serveis\/estrategia-i-consultoria\/\",\"name\":\"Estrat\u00e8gia i consultoria - Autoritas Consulting\",\"isPartOf\":{\"@id\":\"https:\/\/autoritas.net\/ca\/#website\"},\"primaryImageOfPage\":{\"@id\":\"https:\/\/autoritas.net\/ca\/serveis\/estrategia-i-consultoria\/#primaryimage\"},\"image\":{\"@id\":\"https:\/\/autoritas.net\/ca\/serveis\/estrategia-i-consultoria\/#primaryimage\"},\"thumbnailUrl\":\"https:\/\/autoritas.net\/wp-content\/uploads\/2025\/02\/Frame-35.webp\",\"datePublished\":\"2025-01-03T12:19:55+00:00\",\"dateModified\":\"2025-02-18T15:30:41+00:00\",\"description\":\"Consultora en estrategia, comunicaci\u00f3n y digitalizaci\u00f3n para empresas y administraciones. Impulsa tu crecimiento con Autoritas Consulting.\",\"breadcrumb\":{\"@id\":\"https:\/\/autoritas.net\/ca\/serveis\/estrategia-i-consultoria\/#breadcrumb\"},\"inLanguage\":\"cat\",\"potentialAction\":[{\"@type\":\"ReadAction\",\"target\":[\"https:\/\/autoritas.net\/ca\/serveis\/estrategia-i-consultoria\/\"]}]},{\"@type\":\"ImageObject\",\"inLanguage\":\"cat\",\"@id\":\"https:\/\/autoritas.net\/ca\/serveis\/estrategia-i-consultoria\/#primaryimage\",\"url\":\"https:\/\/autoritas.net\/wp-content\/uploads\/2025\/02\/Frame-35.webp\",\"contentUrl\":\"https:\/\/autoritas.net\/wp-content\/uploads\/2025\/02\/Frame-35.webp\"},{\"@type\":\"BreadcrumbList\",\"@id\":\"https:\/\/autoritas.net\/ca\/serveis\/estrategia-i-consultoria\/#breadcrumb\",\"itemListElement\":[{\"@type\":\"ListItem\",\"position\":1,\"name\":\"Portada\",\"item\":\"https:\/\/autoritas.net\/ca\/\"},{\"@type\":\"ListItem\",\"position\":2,\"name\":\"Estrat\u00e8gia i consultoria\"}]},{\"@type\":\"WebSite\",\"@id\":\"https:\/\/autoritas.net\/ca\/#website\",\"url\":\"https:\/\/autoritas.net\/ca\/\",\"name\":\"Autoritas Consulting\",\"description\":\"Autoritas\",\"publisher\":{\"@id\":\"https:\/\/autoritas.net\/ca\/#organization\"},\"alternateName\":\"Autoritas\",\"potentialAction\":[{\"@type\":\"SearchAction\",\"target\":{\"@type\":\"EntryPoint\",\"urlTemplate\":\"https:\/\/autoritas.net\/ca\/?s={search_term_string}\"},\"query-input\":{\"@type\":\"PropertyValueSpecification\",\"valueRequired\":true,\"valueName\":\"search_term_string\"}}],\"inLanguage\":\"cat\"},{\"@type\":\"Organization\",\"@id\":\"https:\/\/autoritas.net\/ca\/#organization\",\"name\":\"Autoritas Consulting | Estrategia, Inteligencia y Acci\u00f3n para la Toma de Decisiones\",\"alternateName\":\"Autoritas\",\"url\":\"https:\/\/autoritas.net\/ca\/\",\"logo\":{\"@type\":\"ImageObject\",\"inLanguage\":\"cat\",\"@id\":\"https:\/\/autoritas.net\/ca\/#\/schema\/logo\/image\/\",\"url\":\"https:\/\/autoritas.net\/wp-content\/uploads\/2024\/04\/logo-AutoritasConsulting-V.webp\",\"contentUrl\":\"https:\/\/autoritas.net\/wp-content\/uploads\/2024\/04\/logo-AutoritasConsulting-V.webp\",\"width\":248,\"height\":46,\"caption\":\"Autoritas Consulting | Estrategia, Inteligencia y Acci\u00f3n para la Toma de Decisiones\"},\"image\":{\"@id\":\"https:\/\/autoritas.net\/ca\/#\/schema\/logo\/image\/\"},\"sameAs\":[\"https:\/\/www.facebook.com\/autoritas.consulting\/\",\"https:\/\/x.com\/autoritas\",\"https:\/\/es.linkedin.com\/company\/autoritas-consulting-s-a-\",\"https:\/\/www.instagram.com\/autoritas_consulting\/\"]}]}<\/script>\n<!-- \/ Yoast SEO plugin. -->","yoast_head_json":{"title":"Estrat\u00e8gia i consultoria - Autoritas Consulting","description":"Consultora en estrategia, comunicaci\u00f3n y digitalizaci\u00f3n para empresas y administraciones. Impulsa tu crecimiento con Autoritas Consulting.","robots":{"index":"index","follow":"follow","max-snippet":"max-snippet:-1","max-image-preview":"max-image-preview:large","max-video-preview":"max-video-preview:-1"},"canonical":"https:\/\/autoritas.net\/ca\/serveis\/estrategia-i-consultoria\/","og_locale":"en_US","og_type":"article","og_title":"Estrat\u00e8gia i consultoria - Autoritas Consulting","og_description":"Consultora en estrategia, comunicaci\u00f3n y digitalizaci\u00f3n para empresas y administraciones. Impulsa tu crecimiento con Autoritas Consulting.","og_url":"https:\/\/autoritas.net\/ca\/serveis\/estrategia-i-consultoria\/","og_site_name":"Autoritas Consulting","article_publisher":"https:\/\/www.facebook.com\/autoritas.consulting\/","article_modified_time":"2025-02-18T15:30:41+00:00","og_image":[{"width":1274,"height":932,"url":"https:\/\/autoritas.net\/wp-content\/uploads\/2025\/02\/Frame-35.webp","type":"image\/webp"}],"twitter_card":"summary_large_image","twitter_site":"@autoritas","twitter_misc":{"Est. reading time":"2 minutes"},"schema":{"@context":"https:\/\/schema.org","@graph":[{"@type":"WebPage","@id":"https:\/\/autoritas.net\/ca\/serveis\/estrategia-i-consultoria\/","url":"https:\/\/autoritas.net\/ca\/serveis\/estrategia-i-consultoria\/","name":"Estrat\u00e8gia i consultoria - Autoritas Consulting","isPartOf":{"@id":"https:\/\/autoritas.net\/ca\/#website"},"primaryImageOfPage":{"@id":"https:\/\/autoritas.net\/ca\/serveis\/estrategia-i-consultoria\/#primaryimage"},"image":{"@id":"https:\/\/autoritas.net\/ca\/serveis\/estrategia-i-consultoria\/#primaryimage"},"thumbnailUrl":"https:\/\/autoritas.net\/wp-content\/uploads\/2025\/02\/Frame-35.webp","datePublished":"2025-01-03T12:19:55+00:00","dateModified":"2025-02-18T15:30:41+00:00","description":"Consultora en estrategia, comunicaci\u00f3n y digitalizaci\u00f3n para empresas y administraciones. Impulsa tu crecimiento con Autoritas Consulting.","breadcrumb":{"@id":"https:\/\/autoritas.net\/ca\/serveis\/estrategia-i-consultoria\/#breadcrumb"},"inLanguage":"cat","potentialAction":[{"@type":"ReadAction","target":["https:\/\/autoritas.net\/ca\/serveis\/estrategia-i-consultoria\/"]}]},{"@type":"ImageObject","inLanguage":"cat","@id":"https:\/\/autoritas.net\/ca\/serveis\/estrategia-i-consultoria\/#primaryimage","url":"https:\/\/autoritas.net\/wp-content\/uploads\/2025\/02\/Frame-35.webp","contentUrl":"https:\/\/autoritas.net\/wp-content\/uploads\/2025\/02\/Frame-35.webp"},{"@type":"BreadcrumbList","@id":"https:\/\/autoritas.net\/ca\/serveis\/estrategia-i-consultoria\/#breadcrumb","itemListElement":[{"@type":"ListItem","position":1,"name":"Portada","item":"https:\/\/autoritas.net\/ca\/"},{"@type":"ListItem","position":2,"name":"Estrat\u00e8gia i consultoria"}]},{"@type":"WebSite","@id":"https:\/\/autoritas.net\/ca\/#website","url":"https:\/\/autoritas.net\/ca\/","name":"Autoritas Consulting","description":"Autoritas","publisher":{"@id":"https:\/\/autoritas.net\/ca\/#organization"},"alternateName":"Autoritas","potentialAction":[{"@type":"SearchAction","target":{"@type":"EntryPoint","urlTemplate":"https:\/\/autoritas.net\/ca\/?s={search_term_string}"},"query-input":{"@type":"PropertyValueSpecification","valueRequired":true,"valueName":"search_term_string"}}],"inLanguage":"cat"},{"@type":"Organization","@id":"https:\/\/autoritas.net\/ca\/#organization","name":"Autoritas Consulting | Estrategia, Inteligencia y Acci\u00f3n para la Toma de Decisiones","alternateName":"Autoritas","url":"https:\/\/autoritas.net\/ca\/","logo":{"@type":"ImageObject","inLanguage":"cat","@id":"https:\/\/autoritas.net\/ca\/#\/schema\/logo\/image\/","url":"https:\/\/autoritas.net\/wp-content\/uploads\/2024\/04\/logo-AutoritasConsulting-V.webp","contentUrl":"https:\/\/autoritas.net\/wp-content\/uploads\/2024\/04\/logo-AutoritasConsulting-V.webp","width":248,"height":46,"caption":"Autoritas Consulting | Estrategia, Inteligencia y Acci\u00f3n para la Toma de Decisiones"},"image":{"@id":"https:\/\/autoritas.net\/ca\/#\/schema\/logo\/image\/"},"sameAs":["https:\/\/www.facebook.com\/autoritas.consulting\/","https:\/\/x.com\/autoritas","https:\/\/es.linkedin.com\/company\/autoritas-consulting-s-a-","https:\/\/www.instagram.com\/autoritas_consulting\/"]}]}},"_links":{"self":[{"href":"https:\/\/autoritas.net\/ca\/wp-json\/wp\/v2\/pages\/231275","targetHints":{"allow":["GET"]}}],"collection":[{"href":"https:\/\/autoritas.net\/ca\/wp-json\/wp\/v2\/pages"}],"about":[{"href":"https:\/\/autoritas.net\/ca\/wp-json\/wp\/v2\/types\/page"}],"author":[{"embeddable":true,"href":"https:\/\/autoritas.net\/ca\/wp-json\/wp\/v2\/users\/8"}],"replies":[{"embeddable":true,"href":"https:\/\/autoritas.net\/ca\/wp-json\/wp\/v2\/comments?post=231275"}],"version-history":[{"count":2,"href":"https:\/\/autoritas.net\/ca\/wp-json\/wp\/v2\/pages\/231275\/revisions"}],"predecessor-version":[{"id":231292,"href":"https:\/\/autoritas.net\/ca\/wp-json\/wp\/v2\/pages\/231275\/revisions\/231292"}],"up":[{"embeddable":true,"href":"https:\/\/autoritas.net\/ca\/wp-json\/wp\/v2\/pages\/231350"}],"wp:attachment":[{"href":"https:\/\/autoritas.net\/ca\/wp-json\/wp\/v2\/media?parent=231275"}],"curies":[{"name":"wp","href":"https:\/\/api.w.org\/{rel}","templated":true}]}}