{"id":231296,"date":"2025-01-07T12:00:35","date_gmt":"2025-01-07T11:00:35","guid":{"rendered":"https:\/\/autoritas.net\/gestio-dindentitat-i-comunicacio-digital\/"},"modified":"2025-02-18T16:48:22","modified_gmt":"2025-02-18T15:48:22","slug":"gestio-dindentitat-i-comunicacio-digital","status":"publish","type":"page","link":"https:\/\/autoritas.net\/ca\/serveis\/gestio-dindentitat-i-comunicacio-digital\/","title":{"rendered":"Gesti\u00f3 d&#8217;indentitat i comunicaci\u00f3 digital"},"content":{"rendered":"\t\t<div data-elementor-type=\"wp-page\" data-elementor-id=\"231296\" class=\"elementor elementor-231296 elementor-230340\" data-elementor-post-type=\"page\">\n\t\t\t\t<div class=\"elementor-element elementor-element-32baa44 e-flex e-con-boxed e-con e-parent\" data-id=\"32baa44\" data-element_type=\"container\" data-e-type=\"container\">\n\t\t\t\t\t<div class=\"e-con-inner\">\n\t\t<div class=\"elementor-element elementor-element-f53f35c e-con-full e-flex e-con e-child\" data-id=\"f53f35c\" data-element_type=\"container\" data-e-type=\"container\" data-settings=\"{&quot;background_background&quot;:&quot;classic&quot;}\">\n\t\t\t\t<div class=\"elementor-element elementor-element-d21af22 elementor-widget elementor-widget-heading\" data-id=\"d21af22\" data-element_type=\"widget\" data-e-type=\"widget\" data-widget_type=\"heading.default\">\n\t\t\t\t<div class=\"elementor-widget-container\">\n\t\t\t\t\t<h1 class=\"elementor-heading-title elementor-size-default\">GESTI\u00d3 D'IDENTITAT I\nCOMUNICACI\u00d3 D\u00cdGITAL<\/h1>\t\t\t\t<\/div>\n\t\t\t\t<\/div>\n\t\t\t\t<\/div>\n\t\t<div class=\"elementor-element elementor-element-d7c767e e-con-full e-flex e-con e-child\" data-id=\"d7c767e\" data-element_type=\"container\" data-e-type=\"container\">\n\t\t\t\t<div class=\"elementor-element elementor-element-308a0c6 elementor-widget__width-initial elementor-widget elementor-widget-heading\" data-id=\"308a0c6\" data-element_type=\"widget\" data-e-type=\"widget\" data-widget_type=\"heading.default\">\n\t\t\t\t<div class=\"elementor-widget-container\">\n\t\t\t\t\t<h2 class=\"elementor-heading-title elementor-size-default\">ELEVA LA TEVA MARCA AL M\u00d3N DIGITAL<\/h2>\t\t\t\t<\/div>\n\t\t\t\t<\/div>\n\t\t\t\t<div class=\"elementor-element elementor-element-636eb90 elementor-widget__width-initial elementor-widget elementor-widget-text-editor\" data-id=\"636eb90\" data-element_type=\"widget\" data-e-type=\"widget\" data-widget_type=\"text-editor.default\">\n\t\t\t\t<div class=\"elementor-widget-container\">\n\t\t\t\t\t\t\t\t\t<p>Entenem que la identitat de la teva marca \u00e9s el cor de la teva pres\u00e8ncia digital. El nostre servei de gesti\u00f3 d&#8217;Identitat i comunicaci\u00f3 digital est\u00e0 dissenyat per a elevar la teva marca i destacar-la en un mercat digital cada vegada m\u00e9s competitiu. <\/p>\n\t\t\t\t\t\t\t\t<\/div>\n\t\t\t\t<\/div>\n\t\t\t\t<\/div>\n\t\t<div class=\"elementor-element elementor-element-a19b13e e-con-full e-flex e-con e-child\" data-id=\"a19b13e\" data-element_type=\"container\" data-e-type=\"container\">\n\t\t<div class=\"elementor-element elementor-element-c64fe80 e-con-full e-flex e-con e-child\" data-id=\"c64fe80\" data-element_type=\"container\" data-e-type=\"container\">\n\t\t\t\t<div class=\"elementor-element elementor-element-5e0c147 elementor-widget elementor-widget-heading\" data-id=\"5e0c147\" data-element_type=\"widget\" data-e-type=\"widget\" data-widget_type=\"heading.default\">\n\t\t\t\t<div class=\"elementor-widget-container\">\n\t\t\t\t\t<h4 class=\"elementor-heading-title elementor-size-default\">Estrat\u00e8gies de marca personalitzades<\/h4>\t\t\t\t<\/div>\n\t\t\t\t<\/div>\n\t\t\t\t<div class=\"elementor-element elementor-element-93ad5e1 elementor-widget elementor-widget-text-editor\" data-id=\"93ad5e1\" data-element_type=\"widget\" data-e-type=\"widget\" data-widget_type=\"text-editor.default\">\n\t\t\t\t<div class=\"elementor-widget-container\">\n\t\t\t\t\t\t\t\t\t<p>Cada marca t\u00e9 una hist\u00f2ria que contar. Ens submergim en l&#8217;ess\u00e8ncia de la teva marca per a desenvolupar estrat\u00e8gies personalitzades que reflecteixin la teva identitat i connectin amb la teva audi\u00e8ncia de manera aut\u00e8ntica i efectiva. <\/p>\n\t\t\t\t\t\t\t\t<\/div>\n\t\t\t\t<\/div>\n\t\t\t\t<\/div>\n\t\t<div class=\"elementor-element elementor-element-69bc114 e-con-full e-flex e-con e-child\" data-id=\"69bc114\" data-element_type=\"container\" data-e-type=\"container\">\n\t\t\t\t<div class=\"elementor-element elementor-element-ab9ef0a elementor-widget elementor-widget-heading\" data-id=\"ab9ef0a\" data-element_type=\"widget\" data-e-type=\"widget\" data-widget_type=\"heading.default\">\n\t\t\t\t<div class=\"elementor-widget-container\">\n\t\t\t\t\t<h4 class=\"elementor-heading-title elementor-size-default\">Comunicacions digitals impactants<\/h4>\t\t\t\t<\/div>\n\t\t\t\t<\/div>\n\t\t\t\t<div class=\"elementor-element elementor-element-2b0595d elementor-widget elementor-widget-text-editor\" data-id=\"2b0595d\" data-element_type=\"widget\" data-e-type=\"widget\" data-widget_type=\"text-editor.default\">\n\t\t\t\t<div class=\"elementor-widget-container\">\n\t\t\t\t\t\t\t\t\t<p>Des del disseny de contingut fins a l&#8217;estrat\u00e8gia de xarxes socials, creem missatges clars i poderosos que impactin a la teva audi\u00e8ncia. Utilitzem les \u00faltimes tend\u00e8ncies i millors pr\u00e0ctiques per a garantir que la teva marca es destaqui en una mar d&#8217;informaci\u00f3 digital. <\/p>\n\t\t\t\t\t\t\t\t<\/div>\n\t\t\t\t<\/div>\n\t\t\t\t<\/div>\n\t\t<div class=\"elementor-element elementor-element-7095cde e-con-full e-flex e-con e-child\" data-id=\"7095cde\" data-element_type=\"container\" data-e-type=\"container\">\n\t\t\t\t<div class=\"elementor-element elementor-element-5551081 elementor-widget elementor-widget-heading\" data-id=\"5551081\" data-element_type=\"widget\" data-e-type=\"widget\" data-widget_type=\"heading.default\">\n\t\t\t\t<div class=\"elementor-widget-container\">\n\t\t\t\t\t<h4 class=\"elementor-heading-title elementor-size-default\">Coher\u00e8ncia en la identitat de marca<\/h4>\t\t\t\t<\/div>\n\t\t\t\t<\/div>\n\t\t\t\t<div class=\"elementor-element elementor-element-e3b9a18 elementor-widget elementor-widget-text-editor\" data-id=\"e3b9a18\" data-element_type=\"widget\" data-e-type=\"widget\" data-widget_type=\"text-editor.default\">\n\t\t\t\t<div class=\"elementor-widget-container\">\n\t\t\t\t\t\t\t\t\t<p>Mantenir una identitat coherent en tots els canals digitals \u00e9s clau per a construir una marca s\u00f2lida i recognoscible. Ens assegurem que cada interacci\u00f3 digital reflecteixi els valors i la personalitat \u00fanics de la teva marca. <\/p>\n\t\t\t\t\t\t\t\t<\/div>\n\t\t\t\t<\/div>\n\t\t\t\t<\/div>\n\t\t\t\t<\/div>\n\t\t<div class=\"elementor-element elementor-element-c3f8bae e-con-full e-flex e-con e-child\" data-id=\"c3f8bae\" data-element_type=\"container\" data-e-type=\"container\">\n\t\t\t\t<div class=\"elementor-element elementor-element-b9443f3 elementor-widget__width-initial elementor-widget elementor-widget-heading\" data-id=\"b9443f3\" data-element_type=\"widget\" data-e-type=\"widget\" data-widget_type=\"heading.default\">\n\t\t\t\t<div class=\"elementor-widget-container\">\n\t\t\t\t\t<h2 class=\"elementor-heading-title elementor-size-default\">COM HO FEM?<\/h2>\t\t\t\t<\/div>\n\t\t\t\t<\/div>\n\t\t<div class=\"elementor-element elementor-element-e0c9a93 e-con-full e-flex e-con e-child\" data-id=\"e0c9a93\" data-element_type=\"container\" data-e-type=\"container\">\n\t\t<div class=\"elementor-element elementor-element-5b1c140 e-con-full elementor-hidden-tablet elementor-hidden-mobile e-flex e-con e-child\" data-id=\"5b1c140\" data-element_type=\"container\" data-e-type=\"container\">\n\t\t\t\t<div class=\"elementor-element elementor-element-924bae5 elementor-widget elementor-widget-image\" data-id=\"924bae5\" data-element_type=\"widget\" data-e-type=\"widget\" data-widget_type=\"image.default\">\n\t\t\t\t<div class=\"elementor-widget-container\">\n\t\t\t\t\t\t\t\t\t\t\t\t\t\t\t<img fetchpriority=\"high\" decoding=\"async\" width=\"637\" height=\"466\" src=\"https:\/\/autoritas.net\/wp-content\/uploads\/2025\/01\/gestion-2.webp\" class=\"attachment-full size-full wp-image-231277\" alt=\"\" srcset=\"https:\/\/autoritas.net\/wp-content\/uploads\/2025\/01\/gestion-2.webp 637w, https:\/\/autoritas.net\/wp-content\/uploads\/2025\/01\/gestion-2-300x219.webp 300w\" sizes=\"(max-width: 637px) 100vw, 637px\" \/>\t\t\t\t\t\t\t\t\t\t\t\t\t\t\t<\/div>\n\t\t\t\t<\/div>\n\t\t\t\t<\/div>\n\t\t<div class=\"elementor-element elementor-element-5d6abd2 e-con-full e-flex e-con e-child\" data-id=\"5d6abd2\" data-element_type=\"container\" data-e-type=\"container\">\n\t\t<div class=\"elementor-element elementor-element-40c9f11 e-con-full e-flex e-con e-child\" data-id=\"40c9f11\" data-element_type=\"container\" data-e-type=\"container\">\n\t\t<div class=\"elementor-element elementor-element-b96ce74 e-con-full elementor-hidden-mobile e-flex e-con e-child\" data-id=\"b96ce74\" data-element_type=\"container\" data-e-type=\"container\">\n\t\t\t\t<div class=\"elementor-element elementor-element-a2013cb elementor-widget elementor-widget-image\" data-id=\"a2013cb\" data-element_type=\"widget\" data-e-type=\"widget\" data-widget_type=\"image.default\">\n\t\t\t\t<div class=\"elementor-widget-container\">\n\t\t\t\t\t\t\t\t\t\t\t\t\t\t\t<img decoding=\"async\" width=\"60\" height=\"60\" src=\"https:\/\/autoritas.net\/wp-content\/uploads\/2025\/01\/check60.webp\" class=\"attachment-thumbnail size-thumbnail wp-image-231285\" alt=\"\" \/>\t\t\t\t\t\t\t\t\t\t\t\t\t\t\t<\/div>\n\t\t\t\t<\/div>\n\t\t\t\t<\/div>\n\t\t<div class=\"elementor-element elementor-element-26f39a7 e-con-full e-flex e-con e-child\" data-id=\"26f39a7\" data-element_type=\"container\" data-e-type=\"container\">\n\t\t\t\t<div class=\"elementor-element elementor-element-e979a2d elementor-widget elementor-widget-heading\" data-id=\"e979a2d\" data-element_type=\"widget\" data-e-type=\"widget\" data-widget_type=\"heading.default\">\n\t\t\t\t<div class=\"elementor-widget-container\">\n\t\t\t\t\t<h4 class=\"elementor-heading-title elementor-size-default\">Disseny i desenvolupament d'identitat visual<\/h4>\t\t\t\t<\/div>\n\t\t\t\t<\/div>\n\t\t\t\t<div class=\"elementor-element elementor-element-98fab6a elementor-widget elementor-widget-text-editor\" data-id=\"98fab6a\" data-element_type=\"widget\" data-e-type=\"widget\" data-widget_type=\"text-editor.default\">\n\t\t\t\t<div class=\"elementor-widget-container\">\n\t\t\t\t\t\t\t\t\t<p>Creem logotips, paletes de colors i dissenys que representen l&#8217;ess\u00e8ncia de la teva marca i la fan destacar.<\/p>\n\t\t\t\t\t\t\t\t<\/div>\n\t\t\t\t<\/div>\n\t\t\t\t<\/div>\n\t\t\t\t<\/div>\n\t\t<div class=\"elementor-element elementor-element-d2beb14 e-con-full e-flex e-con e-child\" data-id=\"d2beb14\" data-element_type=\"container\" data-e-type=\"container\">\n\t\t<div class=\"elementor-element elementor-element-f779bf7 e-con-full e-flex e-con e-child\" data-id=\"f779bf7\" data-element_type=\"container\" data-e-type=\"container\">\n\t\t\t\t<div class=\"elementor-element elementor-element-c17693c elementor-hidden-mobile elementor-widget elementor-widget-image\" data-id=\"c17693c\" data-element_type=\"widget\" data-e-type=\"widget\" data-widget_type=\"image.default\">\n\t\t\t\t<div class=\"elementor-widget-container\">\n\t\t\t\t\t\t\t\t\t\t\t\t\t\t\t<img decoding=\"async\" width=\"60\" height=\"60\" src=\"https:\/\/autoritas.net\/wp-content\/uploads\/2025\/01\/check60.webp\" class=\"attachment-full size-full wp-image-231285\" alt=\"\" \/>\t\t\t\t\t\t\t\t\t\t\t\t\t\t\t<\/div>\n\t\t\t\t<\/div>\n\t\t\t\t<\/div>\n\t\t<div class=\"elementor-element elementor-element-0488566 e-con-full e-flex e-con e-child\" data-id=\"0488566\" data-element_type=\"container\" data-e-type=\"container\">\n\t\t\t\t<div class=\"elementor-element elementor-element-2c5d97d elementor-widget elementor-widget-heading\" data-id=\"2c5d97d\" data-element_type=\"widget\" data-e-type=\"widget\" data-widget_type=\"heading.default\">\n\t\t\t\t<div class=\"elementor-widget-container\">\n\t\t\t\t\t<h4 class=\"elementor-heading-title elementor-size-default\">Estrat\u00e8gies de contingut digital<\/h4>\t\t\t\t<\/div>\n\t\t\t\t<\/div>\n\t\t\t\t<div class=\"elementor-element elementor-element-f8dbc3a elementor-widget elementor-widget-text-editor\" data-id=\"f8dbc3a\" data-element_type=\"widget\" data-e-type=\"widget\" data-widget_type=\"text-editor.default\">\n\t\t\t\t<div class=\"elementor-widget-container\">\n\t\t\t\t\t\t\t\t\t<p>Desenvolupem contingut rellevant i atractiu que connecta amb la teva audi\u00e8ncia i genera interaccions significatives.<\/p>\n\t\t\t\t\t\t\t\t<\/div>\n\t\t\t\t<\/div>\n\t\t\t\t<\/div>\n\t\t\t\t<\/div>\n\t\t<div class=\"elementor-element elementor-element-5cb0e31 e-con-full e-flex e-con e-child\" data-id=\"5cb0e31\" data-element_type=\"container\" data-e-type=\"container\">\n\t\t<div class=\"elementor-element elementor-element-3458812 e-con-full e-flex e-con e-child\" data-id=\"3458812\" data-element_type=\"container\" data-e-type=\"container\">\n\t\t\t\t<div class=\"elementor-element elementor-element-2ed03a8 elementor-hidden-mobile elementor-widget elementor-widget-image\" data-id=\"2ed03a8\" data-element_type=\"widget\" data-e-type=\"widget\" data-widget_type=\"image.default\">\n\t\t\t\t<div class=\"elementor-widget-container\">\n\t\t\t\t\t\t\t\t\t\t\t\t\t\t\t<img decoding=\"async\" width=\"60\" height=\"60\" src=\"https:\/\/autoritas.net\/wp-content\/uploads\/2025\/01\/check60.webp\" class=\"attachment-full size-full wp-image-231285\" alt=\"\" \/>\t\t\t\t\t\t\t\t\t\t\t\t\t\t\t<\/div>\n\t\t\t\t<\/div>\n\t\t\t\t<\/div>\n\t\t<div class=\"elementor-element elementor-element-0759d63 e-con-full e-flex e-con e-child\" data-id=\"0759d63\" data-element_type=\"container\" data-e-type=\"container\">\n\t\t\t\t<div class=\"elementor-element elementor-element-22cbd21 elementor-widget elementor-widget-heading\" data-id=\"22cbd21\" data-element_type=\"widget\" data-e-type=\"widget\" data-widget_type=\"heading.default\">\n\t\t\t\t<div class=\"elementor-widget-container\">\n\t\t\t\t\t<h4 class=\"elementor-heading-title elementor-size-default\">Gesti\u00f3 de xarxes socials<\/h4>\t\t\t\t<\/div>\n\t\t\t\t<\/div>\n\t\t\t\t<div class=\"elementor-element elementor-element-bf445d3 elementor-widget elementor-widget-text-editor\" data-id=\"bf445d3\" data-element_type=\"widget\" data-e-type=\"widget\" data-widget_type=\"text-editor.default\">\n\t\t\t\t<div class=\"elementor-widget-container\">\n\t\t\t\t\t\t\t\t\t<p>Des de la planificaci\u00f3 de publicacions fins a la interacci\u00f3 amb seguidors, optimitzem les teves xarxes socials per a maximitzar l&#8217;abast i el comprom\u00eds.<\/p>\n\t\t\t\t\t\t\t\t<\/div>\n\t\t\t\t<\/div>\n\t\t\t\t<\/div>\n\t\t\t\t<\/div>\n\t\t\t\t<\/div>\n\t\t\t\t<\/div>\n\t\t\t\t<\/div>\n\t\t\t\t\t<\/div>\n\t\t\t\t<\/div>\n\t\t\t\t<\/div>\n\t\t","protected":false},"excerpt":{"rendered":"<p>GESTI\u00d3 D&#8217;IDENTITAT I COMUNICACI\u00d3 D\u00cdGITAL ELEVA LA TEVA MARCA AL M\u00d3N DIGITAL Entenem que la identitat de la teva marca \u00e9s el cor de la teva pres\u00e8ncia digital. El nostre servei de gesti\u00f3 d&#8217;Identitat i comunicaci\u00f3 digital est\u00e0 dissenyat per a elevar la teva marca i destacar-la en un mercat digital cada vegada m\u00e9s competitiu. [&hellip;]<\/p>\n","protected":false},"author":8,"featured_media":0,"parent":231350,"menu_order":0,"comment_status":"closed","ping_status":"closed","template":"","meta":{"footnotes":""},"class_list":["post-231296","page","type-page","status-publish","hentry"],"yoast_head":"<!-- This site is optimized with the Yoast SEO plugin v27.0 - https:\/\/yoast.com\/product\/yoast-seo-wordpress\/ -->\n<title>Gesti\u00f3 d&#039;indentitat i comunicaci\u00f3 digital - Autoritas Consulting<\/title>\n<meta name=\"description\" content=\"Consultora en estrategia, comunicaci\u00f3n y digitalizaci\u00f3n para empresas y administraciones. Impulsa tu crecimiento con Autoritas Consulting.\" \/>\n<meta name=\"robots\" content=\"index, follow, max-snippet:-1, max-image-preview:large, max-video-preview:-1\" \/>\n<link rel=\"canonical\" href=\"https:\/\/autoritas.net\/ca\/serveis\/gestio-dindentitat-i-comunicacio-digital\/\" \/>\n<meta property=\"og:locale\" content=\"en_US\" \/>\n<meta property=\"og:type\" content=\"article\" \/>\n<meta property=\"og:title\" content=\"Gesti\u00f3 d&#039;indentitat i comunicaci\u00f3 digital - Autoritas Consulting\" \/>\n<meta property=\"og:description\" content=\"Consultora en estrategia, comunicaci\u00f3n y digitalizaci\u00f3n para empresas y administraciones. Impulsa tu crecimiento con Autoritas Consulting.\" \/>\n<meta property=\"og:url\" content=\"https:\/\/autoritas.net\/ca\/serveis\/gestio-dindentitat-i-comunicacio-digital\/\" \/>\n<meta property=\"og:site_name\" content=\"Autoritas Consulting\" \/>\n<meta property=\"article:publisher\" content=\"https:\/\/www.facebook.com\/autoritas.consulting\/\" \/>\n<meta property=\"article:modified_time\" content=\"2025-02-18T15:48:22+00:00\" \/>\n<meta property=\"og:image\" content=\"https:\/\/autoritas.net\/wp-content\/uploads\/2025\/01\/gestion-2.webp\" \/>\n\t<meta property=\"og:image:width\" content=\"637\" \/>\n\t<meta property=\"og:image:height\" content=\"466\" \/>\n\t<meta property=\"og:image:type\" content=\"image\/webp\" \/>\n<meta name=\"twitter:card\" content=\"summary_large_image\" \/>\n<meta name=\"twitter:site\" content=\"@autoritas\" \/>\n<meta name=\"twitter:label1\" content=\"Est. reading time\" \/>\n\t<meta name=\"twitter:data1\" content=\"1 minute\" \/>\n<script type=\"application\/ld+json\" class=\"yoast-schema-graph\">{\"@context\":\"https:\/\/schema.org\",\"@graph\":[{\"@type\":\"WebPage\",\"@id\":\"https:\/\/autoritas.net\/ca\/serveis\/gestio-dindentitat-i-comunicacio-digital\/\",\"url\":\"https:\/\/autoritas.net\/ca\/serveis\/gestio-dindentitat-i-comunicacio-digital\/\",\"name\":\"Gesti\u00f3 d'indentitat i comunicaci\u00f3 digital - Autoritas Consulting\",\"isPartOf\":{\"@id\":\"https:\/\/autoritas.net\/ca\/#website\"},\"primaryImageOfPage\":{\"@id\":\"https:\/\/autoritas.net\/ca\/serveis\/gestio-dindentitat-i-comunicacio-digital\/#primaryimage\"},\"image\":{\"@id\":\"https:\/\/autoritas.net\/ca\/serveis\/gestio-dindentitat-i-comunicacio-digital\/#primaryimage\"},\"thumbnailUrl\":\"https:\/\/autoritas.net\/wp-content\/uploads\/2025\/01\/gestion-2.webp\",\"datePublished\":\"2025-01-07T11:00:35+00:00\",\"dateModified\":\"2025-02-18T15:48:22+00:00\",\"description\":\"Consultora en estrategia, comunicaci\u00f3n y digitalizaci\u00f3n para empresas y administraciones. Impulsa tu crecimiento con Autoritas Consulting.\",\"breadcrumb\":{\"@id\":\"https:\/\/autoritas.net\/ca\/serveis\/gestio-dindentitat-i-comunicacio-digital\/#breadcrumb\"},\"inLanguage\":\"cat\",\"potentialAction\":[{\"@type\":\"ReadAction\",\"target\":[\"https:\/\/autoritas.net\/ca\/serveis\/gestio-dindentitat-i-comunicacio-digital\/\"]}]},{\"@type\":\"ImageObject\",\"inLanguage\":\"cat\",\"@id\":\"https:\/\/autoritas.net\/ca\/serveis\/gestio-dindentitat-i-comunicacio-digital\/#primaryimage\",\"url\":\"https:\/\/autoritas.net\/wp-content\/uploads\/2025\/01\/gestion-2.webp\",\"contentUrl\":\"https:\/\/autoritas.net\/wp-content\/uploads\/2025\/01\/gestion-2.webp\"},{\"@type\":\"BreadcrumbList\",\"@id\":\"https:\/\/autoritas.net\/ca\/serveis\/gestio-dindentitat-i-comunicacio-digital\/#breadcrumb\",\"itemListElement\":[{\"@type\":\"ListItem\",\"position\":1,\"name\":\"Portada\",\"item\":\"https:\/\/autoritas.net\/ca\/\"},{\"@type\":\"ListItem\",\"position\":2,\"name\":\"Gesti\u00f3 d&#8217;indentitat i comunicaci\u00f3 digital\"}]},{\"@type\":\"WebSite\",\"@id\":\"https:\/\/autoritas.net\/ca\/#website\",\"url\":\"https:\/\/autoritas.net\/ca\/\",\"name\":\"Autoritas Consulting\",\"description\":\"Autoritas\",\"publisher\":{\"@id\":\"https:\/\/autoritas.net\/ca\/#organization\"},\"alternateName\":\"Autoritas\",\"potentialAction\":[{\"@type\":\"SearchAction\",\"target\":{\"@type\":\"EntryPoint\",\"urlTemplate\":\"https:\/\/autoritas.net\/ca\/?s={search_term_string}\"},\"query-input\":{\"@type\":\"PropertyValueSpecification\",\"valueRequired\":true,\"valueName\":\"search_term_string\"}}],\"inLanguage\":\"cat\"},{\"@type\":\"Organization\",\"@id\":\"https:\/\/autoritas.net\/ca\/#organization\",\"name\":\"Autoritas Consulting | Estrategia, Inteligencia y Acci\u00f3n para la Toma de Decisiones\",\"alternateName\":\"Autoritas\",\"url\":\"https:\/\/autoritas.net\/ca\/\",\"logo\":{\"@type\":\"ImageObject\",\"inLanguage\":\"cat\",\"@id\":\"https:\/\/autoritas.net\/ca\/#\/schema\/logo\/image\/\",\"url\":\"https:\/\/autoritas.net\/wp-content\/uploads\/2024\/04\/logo-AutoritasConsulting-V.webp\",\"contentUrl\":\"https:\/\/autoritas.net\/wp-content\/uploads\/2024\/04\/logo-AutoritasConsulting-V.webp\",\"width\":248,\"height\":46,\"caption\":\"Autoritas Consulting | Estrategia, Inteligencia y Acci\u00f3n para la Toma de Decisiones\"},\"image\":{\"@id\":\"https:\/\/autoritas.net\/ca\/#\/schema\/logo\/image\/\"},\"sameAs\":[\"https:\/\/www.facebook.com\/autoritas.consulting\/\",\"https:\/\/x.com\/autoritas\",\"https:\/\/es.linkedin.com\/company\/autoritas-consulting-s-a-\",\"https:\/\/www.instagram.com\/autoritas_consulting\/\"]}]}<\/script>\n<!-- \/ Yoast SEO plugin. -->","yoast_head_json":{"title":"Gesti\u00f3 d'indentitat i comunicaci\u00f3 digital - Autoritas Consulting","description":"Consultora en estrategia, comunicaci\u00f3n y digitalizaci\u00f3n para empresas y administraciones. Impulsa tu crecimiento con Autoritas Consulting.","robots":{"index":"index","follow":"follow","max-snippet":"max-snippet:-1","max-image-preview":"max-image-preview:large","max-video-preview":"max-video-preview:-1"},"canonical":"https:\/\/autoritas.net\/ca\/serveis\/gestio-dindentitat-i-comunicacio-digital\/","og_locale":"en_US","og_type":"article","og_title":"Gesti\u00f3 d'indentitat i comunicaci\u00f3 digital - Autoritas Consulting","og_description":"Consultora en estrategia, comunicaci\u00f3n y digitalizaci\u00f3n para empresas y administraciones. Impulsa tu crecimiento con Autoritas Consulting.","og_url":"https:\/\/autoritas.net\/ca\/serveis\/gestio-dindentitat-i-comunicacio-digital\/","og_site_name":"Autoritas Consulting","article_publisher":"https:\/\/www.facebook.com\/autoritas.consulting\/","article_modified_time":"2025-02-18T15:48:22+00:00","og_image":[{"width":637,"height":466,"url":"https:\/\/autoritas.net\/wp-content\/uploads\/2025\/01\/gestion-2.webp","type":"image\/webp"}],"twitter_card":"summary_large_image","twitter_site":"@autoritas","twitter_misc":{"Est. reading time":"1 minute"},"schema":{"@context":"https:\/\/schema.org","@graph":[{"@type":"WebPage","@id":"https:\/\/autoritas.net\/ca\/serveis\/gestio-dindentitat-i-comunicacio-digital\/","url":"https:\/\/autoritas.net\/ca\/serveis\/gestio-dindentitat-i-comunicacio-digital\/","name":"Gesti\u00f3 d'indentitat i comunicaci\u00f3 digital - Autoritas Consulting","isPartOf":{"@id":"https:\/\/autoritas.net\/ca\/#website"},"primaryImageOfPage":{"@id":"https:\/\/autoritas.net\/ca\/serveis\/gestio-dindentitat-i-comunicacio-digital\/#primaryimage"},"image":{"@id":"https:\/\/autoritas.net\/ca\/serveis\/gestio-dindentitat-i-comunicacio-digital\/#primaryimage"},"thumbnailUrl":"https:\/\/autoritas.net\/wp-content\/uploads\/2025\/01\/gestion-2.webp","datePublished":"2025-01-07T11:00:35+00:00","dateModified":"2025-02-18T15:48:22+00:00","description":"Consultora en estrategia, comunicaci\u00f3n y digitalizaci\u00f3n para empresas y administraciones. Impulsa tu crecimiento con Autoritas Consulting.","breadcrumb":{"@id":"https:\/\/autoritas.net\/ca\/serveis\/gestio-dindentitat-i-comunicacio-digital\/#breadcrumb"},"inLanguage":"cat","potentialAction":[{"@type":"ReadAction","target":["https:\/\/autoritas.net\/ca\/serveis\/gestio-dindentitat-i-comunicacio-digital\/"]}]},{"@type":"ImageObject","inLanguage":"cat","@id":"https:\/\/autoritas.net\/ca\/serveis\/gestio-dindentitat-i-comunicacio-digital\/#primaryimage","url":"https:\/\/autoritas.net\/wp-content\/uploads\/2025\/01\/gestion-2.webp","contentUrl":"https:\/\/autoritas.net\/wp-content\/uploads\/2025\/01\/gestion-2.webp"},{"@type":"BreadcrumbList","@id":"https:\/\/autoritas.net\/ca\/serveis\/gestio-dindentitat-i-comunicacio-digital\/#breadcrumb","itemListElement":[{"@type":"ListItem","position":1,"name":"Portada","item":"https:\/\/autoritas.net\/ca\/"},{"@type":"ListItem","position":2,"name":"Gesti\u00f3 d&#8217;indentitat i comunicaci\u00f3 digital"}]},{"@type":"WebSite","@id":"https:\/\/autoritas.net\/ca\/#website","url":"https:\/\/autoritas.net\/ca\/","name":"Autoritas Consulting","description":"Autoritas","publisher":{"@id":"https:\/\/autoritas.net\/ca\/#organization"},"alternateName":"Autoritas","potentialAction":[{"@type":"SearchAction","target":{"@type":"EntryPoint","urlTemplate":"https:\/\/autoritas.net\/ca\/?s={search_term_string}"},"query-input":{"@type":"PropertyValueSpecification","valueRequired":true,"valueName":"search_term_string"}}],"inLanguage":"cat"},{"@type":"Organization","@id":"https:\/\/autoritas.net\/ca\/#organization","name":"Autoritas Consulting | Estrategia, Inteligencia y Acci\u00f3n para la Toma de Decisiones","alternateName":"Autoritas","url":"https:\/\/autoritas.net\/ca\/","logo":{"@type":"ImageObject","inLanguage":"cat","@id":"https:\/\/autoritas.net\/ca\/#\/schema\/logo\/image\/","url":"https:\/\/autoritas.net\/wp-content\/uploads\/2024\/04\/logo-AutoritasConsulting-V.webp","contentUrl":"https:\/\/autoritas.net\/wp-content\/uploads\/2024\/04\/logo-AutoritasConsulting-V.webp","width":248,"height":46,"caption":"Autoritas Consulting | Estrategia, Inteligencia y Acci\u00f3n para la Toma de Decisiones"},"image":{"@id":"https:\/\/autoritas.net\/ca\/#\/schema\/logo\/image\/"},"sameAs":["https:\/\/www.facebook.com\/autoritas.consulting\/","https:\/\/x.com\/autoritas","https:\/\/es.linkedin.com\/company\/autoritas-consulting-s-a-","https:\/\/www.instagram.com\/autoritas_consulting\/"]}]}},"_links":{"self":[{"href":"https:\/\/autoritas.net\/ca\/wp-json\/wp\/v2\/pages\/231296","targetHints":{"allow":["GET"]}}],"collection":[{"href":"https:\/\/autoritas.net\/ca\/wp-json\/wp\/v2\/pages"}],"about":[{"href":"https:\/\/autoritas.net\/ca\/wp-json\/wp\/v2\/types\/page"}],"author":[{"embeddable":true,"href":"https:\/\/autoritas.net\/ca\/wp-json\/wp\/v2\/users\/8"}],"replies":[{"embeddable":true,"href":"https:\/\/autoritas.net\/ca\/wp-json\/wp\/v2\/comments?post=231296"}],"version-history":[{"count":1,"href":"https:\/\/autoritas.net\/ca\/wp-json\/wp\/v2\/pages\/231296\/revisions"}],"predecessor-version":[{"id":231297,"href":"https:\/\/autoritas.net\/ca\/wp-json\/wp\/v2\/pages\/231296\/revisions\/231297"}],"up":[{"embeddable":true,"href":"https:\/\/autoritas.net\/ca\/wp-json\/wp\/v2\/pages\/231350"}],"wp:attachment":[{"href":"https:\/\/autoritas.net\/ca\/wp-json\/wp\/v2\/media?parent=231296"}],"curies":[{"name":"wp","href":"https:\/\/api.w.org\/{rel}","templated":true}]}}