{"id":231300,"date":"2024-07-11T08:25:58","date_gmt":"2024-07-11T06:25:58","guid":{"rendered":"https:\/\/autoritas.net\/idi\/codificacio-dhistories-cliniques\/"},"modified":"2025-05-10T10:34:29","modified_gmt":"2025-05-10T08:34:29","slug":"codificacio-dhistories-cliniques","status":"publish","type":"page","link":"https:\/\/autoritas.net\/ca\/nosaltres\/idi\/codificacio-dhistories-cliniques\/","title":{"rendered":"Codificaci\u00f3 d&#8217;hist\u00f2ries Cl\u00edniques"},"content":{"rendered":"\t\t<div data-elementor-type=\"wp-page\" data-elementor-id=\"231300\" class=\"elementor elementor-231300 elementor-228243\" data-elementor-post-type=\"page\">\n\t\t\t\t<div class=\"elementor-element elementor-element-b2de1ce e-flex e-con-boxed e-con e-parent\" data-id=\"b2de1ce\" data-element_type=\"container\" data-e-type=\"container\">\n\t\t\t\t\t<div class=\"e-con-inner\">\n\t\t<div class=\"elementor-element elementor-element-5b89517 e-con-full e-flex e-con e-child\" data-id=\"5b89517\" data-element_type=\"container\" data-e-type=\"container\" data-settings=\"{&quot;background_background&quot;:&quot;classic&quot;}\">\n\t\t\t\t<div class=\"elementor-element elementor-element-7cd1112 elementor-widget__width-initial elementor-widget elementor-widget-heading\" data-id=\"7cd1112\" data-element_type=\"widget\" data-e-type=\"widget\" data-widget_type=\"heading.default\">\n\t\t\t\t<div class=\"elementor-widget-container\">\n\t\t\t\t\t<h1 class=\"elementor-heading-title elementor-size-default\">CIHC<\/h1>\t\t\t\t<\/div>\n\t\t\t\t<\/div>\n\t\t\t\t<\/div>\n\t\t\t\t\t<\/div>\n\t\t\t\t<\/div>\n\t\t<div class=\"elementor-element elementor-element-6fbb3acd e-flex e-con-boxed e-con e-parent\" data-id=\"6fbb3acd\" data-element_type=\"container\" data-e-type=\"container\">\n\t\t\t\t\t<div class=\"e-con-inner\">\n\t\t\t\t<div class=\"elementor-element elementor-element-6adb05bd elementor-widget elementor-widget-text-editor\" data-id=\"6adb05bd\" data-element_type=\"widget\" data-e-type=\"widget\" data-widget_type=\"text-editor.default\">\n\t\t\t\t<div class=\"elementor-widget-container\">\n\t\t\t\t\t\t\t\t\t<p>El Projecte HCE-COD proporcionar\u00e0 a l&#8217;equip de documentaci\u00f3 m\u00e8dica dels diferents serveis hospitalaris, una eina de codificaci\u00f3 autom\u00e0tica de les hist\u00f2ries cl\u00edniques amb un panell de control per a la supervisi\u00f3 i reaprenentatge de les correccions manuals que efectu\u00efn. El Projecte contempla a m\u00e9s la seva connectivitat al Sistema Inform\u00e0tic de Salut del Centre Hospitalari per a una gesti\u00f3 integrada en l&#8217;\u00e0mbit superior. <\/p>\n<p>La codificaci\u00f3 autom\u00e0tica d&#8217;hist\u00f2ries cl\u00edniques, respon a un proc\u00e9s de descomposici\u00f3 ling\u00fc\u00edstica de la terminologia i la sintaxi utilitzada pels metges, en el proc\u00e9s de diagn\u00f2stic del pacient.<\/p>\n<p>Aquesta situaci\u00f3 es resol en el nostre Projecte HCE-COD mitjan\u00e7ant la construcci\u00f3 d&#8217;un model matem\u00e0tic de representaci\u00f3, amb l&#8217;aprenentatge autom\u00e0tic de l&#8217;associaci\u00f3 entre aquest model de representaci\u00f3 i la codificaci\u00f3 oficial utilitzada, aix\u00ed com la predicci\u00f3 de nous codis a partir d&#8217;una entrada textual. En definitiva, la codificaci\u00f3 de nous diagn\u00f2stics\/procediments escrits en llenguatge natural. <\/p>\n<p>L&#8217;objectiu principal del projecte \u00e9s definir la transici\u00f3 de l&#8217;actual model de codificaci\u00f3 manual d&#8217;hist\u00f2ries cl\u00edniques, al model de codificaci\u00f3 autom\u00e0tica supervisada, aportant per a aix\u00f2:<\/p>\n<ul>\n<li>Un model de consultoria estrat\u00e8gica i gesti\u00f3 del canvi<\/li>\n<li>Un producte de codificaci\u00f3 autom\u00e0tica i reaprenentatge supervisat<\/li>\n<li>Una formaci\u00f3 en l&#8217;eina i en la seva realimentaci\u00f3<\/li>\n<li>Un manteniment continu per a la millora de la qualitat de codificaci\u00f3<\/li>\n<\/ul>\n<p>S&#8217;emmarca clarament dins de l&#8217;\u00e0mbit tem\u00e0tic tipificat com<\/p>\n<p>e) Salut i benestar social en el seu apartat<\/p>\n<p>i) Salut: Sistemes i eines relatius a Sistemes Cl\u00ednics.<\/p>\n\t\t\t\t\t\t\t\t<\/div>\n\t\t\t\t<\/div>\n\t\t\t\t\t<\/div>\n\t\t\t\t<\/div>\n\t\t<div class=\"elementor-element elementor-element-73f7c038 e-grid e-con-boxed e-con e-parent\" data-id=\"73f7c038\" data-element_type=\"container\" data-e-type=\"container\">\n\t\t\t\t\t<div class=\"e-con-inner\">\n\t\t\t\t<div class=\"elementor-element elementor-element-3b1af9ef elementor-widget elementor-widget-image\" data-id=\"3b1af9ef\" data-element_type=\"widget\" data-e-type=\"widget\" data-widget_type=\"image.default\">\n\t\t\t\t<div class=\"elementor-widget-container\">\n\t\t\t\t\t\t\t\t\t\t\t\t\t\t\t<img decoding=\"async\" src=\"https:\/\/autoritas.net\/wp-content\/uploads\/2024\/04\/1200px-Logotipo_del_Ministerio_de_Ciencia_e_Innovacion.svg-800x247-1.png\" title=\"\" alt=\"\" loading=\"lazy\" \/>\t\t\t\t\t\t\t\t\t\t\t\t\t\t\t<\/div>\n\t\t\t\t<\/div>\n\t\t\t\t<div class=\"elementor-element elementor-element-218fad6c elementor-widget elementor-widget-image\" data-id=\"218fad6c\" data-element_type=\"widget\" data-e-type=\"widget\" data-widget_type=\"image.default\">\n\t\t\t\t<div class=\"elementor-widget-container\">\n\t\t\t\t\t\t\t\t\t\t\t\t\t\t\t<img decoding=\"async\" src=\"https:\/\/autoritas.net\/wp-content\/uploads\/2024\/04\/cdti-logo.png\" title=\"\" alt=\"\" loading=\"lazy\" \/>\t\t\t\t\t\t\t\t\t\t\t\t\t\t\t<\/div>\n\t\t\t\t<\/div>\n\t\t\t\t<div class=\"elementor-element elementor-element-52c48a43 elementor-widget elementor-widget-image\" data-id=\"52c48a43\" data-element_type=\"widget\" data-e-type=\"widget\" data-widget_type=\"image.default\">\n\t\t\t\t<div class=\"elementor-widget-container\">\n\t\t\t\t\t\t\t\t\t\t\t\t\t\t\t<img fetchpriority=\"high\" decoding=\"async\" width=\"800\" height=\"266\" src=\"https:\/\/autoritas.net\/wp-content\/uploads\/2024\/04\/Foto-i-D-i-5-800x266-1.jpg\" class=\"attachment-large size-large wp-image-225805\" alt=\"\" srcset=\"https:\/\/autoritas.net\/wp-content\/uploads\/2024\/04\/Foto-i-D-i-5-800x266-1.jpg 800w, https:\/\/autoritas.net\/wp-content\/uploads\/2024\/04\/Foto-i-D-i-5-800x266-1-300x100.jpg 300w, https:\/\/autoritas.net\/wp-content\/uploads\/2024\/04\/Foto-i-D-i-5-800x266-1-768x255.jpg 768w\" sizes=\"(max-width: 800px) 100vw, 800px\" \/>\t\t\t\t\t\t\t\t\t\t\t\t\t\t\t<\/div>\n\t\t\t\t<\/div>\n\t\t\t\t\t<\/div>\n\t\t\t\t<\/div>\n\t\t\t\t<\/div>\n\t\t","protected":false},"excerpt":{"rendered":"<p>CIHC El Projecte HCE-COD proporcionar\u00e0 a l&#8217;equip de documentaci\u00f3 m\u00e8dica dels diferents serveis hospitalaris, una eina de codificaci\u00f3 autom\u00e0tica de les hist\u00f2ries cl\u00edniques amb un panell de control per a la supervisi\u00f3 i reaprenentatge de les correccions manuals que efectu\u00efn. El Projecte contempla a m\u00e9s la seva connectivitat al Sistema Inform\u00e0tic de Salut del Centre [&hellip;]<\/p>\n","protected":false},"author":3,"featured_media":0,"parent":231298,"menu_order":0,"comment_status":"closed","ping_status":"closed","template":"","meta":{"footnotes":""},"class_list":["post-231300","page","type-page","status-publish","hentry"],"yoast_head":"<!-- This site is optimized with the Yoast SEO plugin v27.0 - https:\/\/yoast.com\/product\/yoast-seo-wordpress\/ -->\n<title>Codificaci\u00f3 d&#039;hist\u00f2ries Cl\u00edniques<\/title>\n<meta name=\"description\" content=\"Consultora en estrategia, comunicaci\u00f3n y digitalizaci\u00f3n para empresas y administraciones. Impulsa tu crecimiento con Autoritas Consulting.\" \/>\n<meta name=\"robots\" content=\"index, follow, max-snippet:-1, max-image-preview:large, max-video-preview:-1\" \/>\n<link rel=\"canonical\" href=\"https:\/\/autoritas.net\/ca\/nosaltres\/idi\/codificacio-dhistories-cliniques\/\" \/>\n<meta property=\"og:locale\" content=\"en_US\" \/>\n<meta property=\"og:type\" content=\"article\" \/>\n<meta property=\"og:title\" content=\"Codificaci\u00f3 d&#039;hist\u00f2ries Cl\u00edniques\" \/>\n<meta property=\"og:description\" content=\"Consultora en estrategia, comunicaci\u00f3n y digitalizaci\u00f3n para empresas y administraciones. Impulsa tu crecimiento con Autoritas Consulting.\" \/>\n<meta property=\"og:url\" content=\"https:\/\/autoritas.net\/ca\/nosaltres\/idi\/codificacio-dhistories-cliniques\/\" \/>\n<meta property=\"og:site_name\" content=\"Autoritas Consulting\" \/>\n<meta property=\"article:publisher\" content=\"https:\/\/www.facebook.com\/autoritas.consulting\/\" \/>\n<meta property=\"article:modified_time\" content=\"2025-05-10T08:34:29+00:00\" \/>\n<meta property=\"og:image\" content=\"https:\/\/autoritas.net\/wp-content\/uploads\/2024\/04\/1200px-Logotipo_del_Ministerio_de_Ciencia_e_Innovacion.svg-800x247-1.png\" \/>\n<meta name=\"twitter:card\" content=\"summary_large_image\" \/>\n<meta name=\"twitter:site\" content=\"@autoritas\" \/>\n<meta name=\"twitter:label1\" content=\"Est. reading time\" \/>\n\t<meta name=\"twitter:data1\" content=\"2 minutes\" \/>\n<script type=\"application\/ld+json\" class=\"yoast-schema-graph\">{\"@context\":\"https:\/\/schema.org\",\"@graph\":[{\"@type\":\"WebPage\",\"@id\":\"https:\/\/autoritas.net\/ca\/nosaltres\/idi\/codificacio-dhistories-cliniques\/\",\"url\":\"https:\/\/autoritas.net\/ca\/nosaltres\/idi\/codificacio-dhistories-cliniques\/\",\"name\":\"Codificaci\u00f3 d'hist\u00f2ries Cl\u00edniques\",\"isPartOf\":{\"@id\":\"https:\/\/autoritas.net\/ca\/#website\"},\"primaryImageOfPage\":{\"@id\":\"https:\/\/autoritas.net\/ca\/nosaltres\/idi\/codificacio-dhistories-cliniques\/#primaryimage\"},\"image\":{\"@id\":\"https:\/\/autoritas.net\/ca\/nosaltres\/idi\/codificacio-dhistories-cliniques\/#primaryimage\"},\"thumbnailUrl\":\"https:\/\/autoritas.net\/wp-content\/uploads\/2024\/04\/1200px-Logotipo_del_Ministerio_de_Ciencia_e_Innovacion.svg-800x247-1.png\",\"datePublished\":\"2024-07-11T06:25:58+00:00\",\"dateModified\":\"2025-05-10T08:34:29+00:00\",\"description\":\"Consultora en estrategia, comunicaci\u00f3n y digitalizaci\u00f3n para empresas y administraciones. Impulsa tu crecimiento con Autoritas Consulting.\",\"breadcrumb\":{\"@id\":\"https:\/\/autoritas.net\/ca\/nosaltres\/idi\/codificacio-dhistories-cliniques\/#breadcrumb\"},\"inLanguage\":\"cat\",\"potentialAction\":[{\"@type\":\"ReadAction\",\"target\":[\"https:\/\/autoritas.net\/ca\/nosaltres\/idi\/codificacio-dhistories-cliniques\/\"]}]},{\"@type\":\"ImageObject\",\"inLanguage\":\"cat\",\"@id\":\"https:\/\/autoritas.net\/ca\/nosaltres\/idi\/codificacio-dhistories-cliniques\/#primaryimage\",\"url\":\"https:\/\/autoritas.net\/wp-content\/uploads\/2024\/04\/1200px-Logotipo_del_Ministerio_de_Ciencia_e_Innovacion.svg-800x247-1.png\",\"contentUrl\":\"https:\/\/autoritas.net\/wp-content\/uploads\/2024\/04\/1200px-Logotipo_del_Ministerio_de_Ciencia_e_Innovacion.svg-800x247-1.png\"},{\"@type\":\"BreadcrumbList\",\"@id\":\"https:\/\/autoritas.net\/ca\/nosaltres\/idi\/codificacio-dhistories-cliniques\/#breadcrumb\",\"itemListElement\":[{\"@type\":\"ListItem\",\"position\":1,\"name\":\"Portada\",\"item\":\"https:\/\/autoritas.net\/ca\/\"},{\"@type\":\"ListItem\",\"position\":2,\"name\":\"I+D+i\",\"item\":\"https:\/\/autoritas.net\/ca\/i-d-i\/\"},{\"@type\":\"ListItem\",\"position\":3,\"name\":\"Codificaci\u00f3 d&#8217;hist\u00f2ries Cl\u00edniques\"}]},{\"@type\":\"WebSite\",\"@id\":\"https:\/\/autoritas.net\/ca\/#website\",\"url\":\"https:\/\/autoritas.net\/ca\/\",\"name\":\"Autoritas Consulting\",\"description\":\"Autoritas\",\"publisher\":{\"@id\":\"https:\/\/autoritas.net\/ca\/#organization\"},\"alternateName\":\"Autoritas\",\"potentialAction\":[{\"@type\":\"SearchAction\",\"target\":{\"@type\":\"EntryPoint\",\"urlTemplate\":\"https:\/\/autoritas.net\/ca\/?s={search_term_string}\"},\"query-input\":{\"@type\":\"PropertyValueSpecification\",\"valueRequired\":true,\"valueName\":\"search_term_string\"}}],\"inLanguage\":\"cat\"},{\"@type\":\"Organization\",\"@id\":\"https:\/\/autoritas.net\/ca\/#organization\",\"name\":\"Autoritas Consulting | Estrategia, Inteligencia y Acci\u00f3n para la Toma de Decisiones\",\"alternateName\":\"Autoritas\",\"url\":\"https:\/\/autoritas.net\/ca\/\",\"logo\":{\"@type\":\"ImageObject\",\"inLanguage\":\"cat\",\"@id\":\"https:\/\/autoritas.net\/ca\/#\/schema\/logo\/image\/\",\"url\":\"https:\/\/autoritas.net\/wp-content\/uploads\/2024\/04\/logo-AutoritasConsulting-V.webp\",\"contentUrl\":\"https:\/\/autoritas.net\/wp-content\/uploads\/2024\/04\/logo-AutoritasConsulting-V.webp\",\"width\":248,\"height\":46,\"caption\":\"Autoritas Consulting | Estrategia, Inteligencia y Acci\u00f3n para la Toma de Decisiones\"},\"image\":{\"@id\":\"https:\/\/autoritas.net\/ca\/#\/schema\/logo\/image\/\"},\"sameAs\":[\"https:\/\/www.facebook.com\/autoritas.consulting\/\",\"https:\/\/x.com\/autoritas\",\"https:\/\/es.linkedin.com\/company\/autoritas-consulting-s-a-\",\"https:\/\/www.instagram.com\/autoritas_consulting\/\"]}]}<\/script>\n<!-- \/ Yoast SEO plugin. -->","yoast_head_json":{"title":"Codificaci\u00f3 d'hist\u00f2ries Cl\u00edniques","description":"Consultora en estrategia, comunicaci\u00f3n y digitalizaci\u00f3n para empresas y administraciones. Impulsa tu crecimiento con Autoritas Consulting.","robots":{"index":"index","follow":"follow","max-snippet":"max-snippet:-1","max-image-preview":"max-image-preview:large","max-video-preview":"max-video-preview:-1"},"canonical":"https:\/\/autoritas.net\/ca\/nosaltres\/idi\/codificacio-dhistories-cliniques\/","og_locale":"en_US","og_type":"article","og_title":"Codificaci\u00f3 d'hist\u00f2ries Cl\u00edniques","og_description":"Consultora en estrategia, comunicaci\u00f3n y digitalizaci\u00f3n para empresas y administraciones. Impulsa tu crecimiento con Autoritas Consulting.","og_url":"https:\/\/autoritas.net\/ca\/nosaltres\/idi\/codificacio-dhistories-cliniques\/","og_site_name":"Autoritas Consulting","article_publisher":"https:\/\/www.facebook.com\/autoritas.consulting\/","article_modified_time":"2025-05-10T08:34:29+00:00","og_image":[{"url":"https:\/\/autoritas.net\/wp-content\/uploads\/2024\/04\/1200px-Logotipo_del_Ministerio_de_Ciencia_e_Innovacion.svg-800x247-1.png","type":"","width":"","height":""}],"twitter_card":"summary_large_image","twitter_site":"@autoritas","twitter_misc":{"Est. reading time":"2 minutes"},"schema":{"@context":"https:\/\/schema.org","@graph":[{"@type":"WebPage","@id":"https:\/\/autoritas.net\/ca\/nosaltres\/idi\/codificacio-dhistories-cliniques\/","url":"https:\/\/autoritas.net\/ca\/nosaltres\/idi\/codificacio-dhistories-cliniques\/","name":"Codificaci\u00f3 d'hist\u00f2ries Cl\u00edniques","isPartOf":{"@id":"https:\/\/autoritas.net\/ca\/#website"},"primaryImageOfPage":{"@id":"https:\/\/autoritas.net\/ca\/nosaltres\/idi\/codificacio-dhistories-cliniques\/#primaryimage"},"image":{"@id":"https:\/\/autoritas.net\/ca\/nosaltres\/idi\/codificacio-dhistories-cliniques\/#primaryimage"},"thumbnailUrl":"https:\/\/autoritas.net\/wp-content\/uploads\/2024\/04\/1200px-Logotipo_del_Ministerio_de_Ciencia_e_Innovacion.svg-800x247-1.png","datePublished":"2024-07-11T06:25:58+00:00","dateModified":"2025-05-10T08:34:29+00:00","description":"Consultora en estrategia, comunicaci\u00f3n y digitalizaci\u00f3n para empresas y administraciones. Impulsa tu crecimiento con Autoritas Consulting.","breadcrumb":{"@id":"https:\/\/autoritas.net\/ca\/nosaltres\/idi\/codificacio-dhistories-cliniques\/#breadcrumb"},"inLanguage":"cat","potentialAction":[{"@type":"ReadAction","target":["https:\/\/autoritas.net\/ca\/nosaltres\/idi\/codificacio-dhistories-cliniques\/"]}]},{"@type":"ImageObject","inLanguage":"cat","@id":"https:\/\/autoritas.net\/ca\/nosaltres\/idi\/codificacio-dhistories-cliniques\/#primaryimage","url":"https:\/\/autoritas.net\/wp-content\/uploads\/2024\/04\/1200px-Logotipo_del_Ministerio_de_Ciencia_e_Innovacion.svg-800x247-1.png","contentUrl":"https:\/\/autoritas.net\/wp-content\/uploads\/2024\/04\/1200px-Logotipo_del_Ministerio_de_Ciencia_e_Innovacion.svg-800x247-1.png"},{"@type":"BreadcrumbList","@id":"https:\/\/autoritas.net\/ca\/nosaltres\/idi\/codificacio-dhistories-cliniques\/#breadcrumb","itemListElement":[{"@type":"ListItem","position":1,"name":"Portada","item":"https:\/\/autoritas.net\/ca\/"},{"@type":"ListItem","position":2,"name":"I+D+i","item":"https:\/\/autoritas.net\/ca\/i-d-i\/"},{"@type":"ListItem","position":3,"name":"Codificaci\u00f3 d&#8217;hist\u00f2ries Cl\u00edniques"}]},{"@type":"WebSite","@id":"https:\/\/autoritas.net\/ca\/#website","url":"https:\/\/autoritas.net\/ca\/","name":"Autoritas Consulting","description":"Autoritas","publisher":{"@id":"https:\/\/autoritas.net\/ca\/#organization"},"alternateName":"Autoritas","potentialAction":[{"@type":"SearchAction","target":{"@type":"EntryPoint","urlTemplate":"https:\/\/autoritas.net\/ca\/?s={search_term_string}"},"query-input":{"@type":"PropertyValueSpecification","valueRequired":true,"valueName":"search_term_string"}}],"inLanguage":"cat"},{"@type":"Organization","@id":"https:\/\/autoritas.net\/ca\/#organization","name":"Autoritas Consulting | Estrategia, Inteligencia y Acci\u00f3n para la Toma de Decisiones","alternateName":"Autoritas","url":"https:\/\/autoritas.net\/ca\/","logo":{"@type":"ImageObject","inLanguage":"cat","@id":"https:\/\/autoritas.net\/ca\/#\/schema\/logo\/image\/","url":"https:\/\/autoritas.net\/wp-content\/uploads\/2024\/04\/logo-AutoritasConsulting-V.webp","contentUrl":"https:\/\/autoritas.net\/wp-content\/uploads\/2024\/04\/logo-AutoritasConsulting-V.webp","width":248,"height":46,"caption":"Autoritas Consulting | Estrategia, Inteligencia y Acci\u00f3n para la Toma de Decisiones"},"image":{"@id":"https:\/\/autoritas.net\/ca\/#\/schema\/logo\/image\/"},"sameAs":["https:\/\/www.facebook.com\/autoritas.consulting\/","https:\/\/x.com\/autoritas","https:\/\/es.linkedin.com\/company\/autoritas-consulting-s-a-","https:\/\/www.instagram.com\/autoritas_consulting\/"]}]}},"_links":{"self":[{"href":"https:\/\/autoritas.net\/ca\/wp-json\/wp\/v2\/pages\/231300","targetHints":{"allow":["GET"]}}],"collection":[{"href":"https:\/\/autoritas.net\/ca\/wp-json\/wp\/v2\/pages"}],"about":[{"href":"https:\/\/autoritas.net\/ca\/wp-json\/wp\/v2\/types\/page"}],"author":[{"embeddable":true,"href":"https:\/\/autoritas.net\/ca\/wp-json\/wp\/v2\/users\/3"}],"replies":[{"embeddable":true,"href":"https:\/\/autoritas.net\/ca\/wp-json\/wp\/v2\/comments?post=231300"}],"version-history":[{"count":6,"href":"https:\/\/autoritas.net\/ca\/wp-json\/wp\/v2\/pages\/231300\/revisions"}],"predecessor-version":[{"id":232265,"href":"https:\/\/autoritas.net\/ca\/wp-json\/wp\/v2\/pages\/231300\/revisions\/232265"}],"up":[{"embeddable":true,"href":"https:\/\/autoritas.net\/ca\/wp-json\/wp\/v2\/pages\/231298"}],"wp:attachment":[{"href":"https:\/\/autoritas.net\/ca\/wp-json\/wp\/v2\/media?parent=231300"}],"curies":[{"name":"wp","href":"https:\/\/api.w.org\/{rel}","templated":true}]}}