{"id":231304,"date":"2024-07-11T08:25:38","date_gmt":"2024-07-11T06:25:38","guid":{"rendered":"https:\/\/autoritas.net\/idi\/innpacto\/"},"modified":"2025-05-10T10:32:03","modified_gmt":"2025-05-10T08:32:03","slug":"innpacto","status":"publish","type":"page","link":"https:\/\/autoritas.net\/ca\/nosaltres\/idi\/innpacto\/","title":{"rendered":"Innpacto"},"content":{"rendered":"\t\t<div data-elementor-type=\"wp-page\" data-elementor-id=\"231304\" class=\"elementor elementor-231304 elementor-228241\" data-elementor-post-type=\"page\">\n\t\t\t\t<div class=\"elementor-element elementor-element-ee34575 e-flex e-con-boxed e-con e-parent\" data-id=\"ee34575\" data-element_type=\"container\" data-e-type=\"container\">\n\t\t\t\t\t<div class=\"e-con-inner\">\n\t\t<div class=\"elementor-element elementor-element-abfb7e1 e-con-full e-flex e-con e-child\" data-id=\"abfb7e1\" data-element_type=\"container\" data-e-type=\"container\" data-settings=\"{&quot;background_background&quot;:&quot;classic&quot;}\">\n\t\t\t\t<div class=\"elementor-element elementor-element-7873a27 elementor-widget__width-initial elementor-widget elementor-widget-heading\" data-id=\"7873a27\" data-element_type=\"widget\" data-e-type=\"widget\" data-widget_type=\"heading.default\">\n\t\t\t\t<div class=\"elementor-widget-container\">\n\t\t\t\t\t<h1 class=\"elementor-heading-title elementor-size-default\">INNPACTO<\/h1>\t\t\t\t<\/div>\n\t\t\t\t<\/div>\n\t\t\t\t<\/div>\n\t\t\t\t\t<\/div>\n\t\t\t\t<\/div>\n\t\t<div class=\"elementor-element elementor-element-14a7d40a e-flex e-con-boxed e-con e-parent\" data-id=\"14a7d40a\" data-element_type=\"container\" data-e-type=\"container\">\n\t\t\t\t\t<div class=\"e-con-inner\">\n\t\t\t\t<div class=\"elementor-element elementor-element-5a8bc8b3 elementor-widget elementor-widget-text-editor\" data-id=\"5a8bc8b3\" data-element_type=\"widget\" data-e-type=\"widget\" data-widget_type=\"text-editor.default\">\n\t\t\t\t<div class=\"elementor-widget-container\">\n\t\t\t\t\t\t\t\t\tL&#8217;objecte del nostre projecte ECOPORTUNITY \u00e9s la consecuci\u00f3 d&#8217;una plataforma (eina de programari) que permeti analitzar l&#8217;entorn econ\u00f2mic i social a trav\u00e9s de m\u00faltiples fonts d&#8217;informaci\u00f3 (internet i les xarxes socials, entre elles) per a la detecci\u00f3 d&#8217;oportunitats que permetin a Governs i altres agents econ\u00f2mics generar entorns propicis per a l&#8217;explotaci\u00f3 d&#8217;aquestes oportunitats.\n\nA aquest efecte, es van unir dos socis complementaris en el seu coneixement per a l&#8217;execuci\u00f3 del projecte, la Universitat de Val\u00e8ncia amb el seu grup d&#8217;experts en l&#8217;\u00e0rea econ\u00f2mica i de prediccions de cicles econ\u00f2mics i Autoritas Consulting amb l&#8217;experi\u00e8ncia en les noves t\u00e8cniques de comunicaci\u00f3 social i grup d&#8217;analistes i desenvolupadors de programari per a la realitzaci\u00f3 de l&#8217;eina o plataforma.\n\nLa utilitzaci\u00f3 d&#8217;aquesta eina semi intel\u00b7ligent proveir\u00e0 de la informaci\u00f3 i el coneixement que faciliti l&#8217;anticipaci\u00f3, identificaci\u00f3 i suport en la presa de decisions sobre la base de les perspectives competitives i els grans reptes als quals s&#8217;enfrontaran les economies nacionals i regionals, aix\u00ed com la generaci\u00f3 d&#8217;escenaris alternatius de prospectiva i la construcci\u00f3 d&#8217;estrat\u00e8gies de millora de la competitivitat pels agents p\u00fablics i privats.\n\n\t\t\t\t\t\t\t\t<\/div>\n\t\t\t\t<\/div>\n\t\t\t\t\t<\/div>\n\t\t\t\t<\/div>\n\t\t<div class=\"elementor-element elementor-element-4851e2f2 e-grid e-con-boxed e-con e-parent\" data-id=\"4851e2f2\" data-element_type=\"container\" data-e-type=\"container\">\n\t\t\t\t\t<div class=\"e-con-inner\">\n\t\t\t\t<div class=\"elementor-element elementor-element-6f0c7d46 elementor-widget elementor-widget-image\" data-id=\"6f0c7d46\" data-element_type=\"widget\" data-e-type=\"widget\" data-widget_type=\"image.default\">\n\t\t\t\t<div class=\"elementor-widget-container\">\n\t\t\t\t\t\t\t\t\t\t\t\t\t\t\t<img decoding=\"async\" src=\"https:\/\/autoritas.net\/wp-content\/uploads\/2024\/04\/1200px-Logotipo_del_Ministerio_de_Ciencia_e_Innovacion.svg-800x247-1.png\" title=\"\" alt=\"\" loading=\"lazy\" \/>\t\t\t\t\t\t\t\t\t\t\t\t\t\t\t<\/div>\n\t\t\t\t<\/div>\n\t\t\t\t<div class=\"elementor-element elementor-element-26a6a100 elementor-widget elementor-widget-image\" data-id=\"26a6a100\" data-element_type=\"widget\" data-e-type=\"widget\" data-widget_type=\"image.default\">\n\t\t\t\t<div class=\"elementor-widget-container\">\n\t\t\t\t\t\t\t\t\t\t\t\t\t\t\t<img decoding=\"async\" width=\"400\" height=\"92\" src=\"https:\/\/autoritas.net\/wp-content\/uploads\/2024\/04\/Foto-i-D-i-1-400x92-1.png\" class=\"attachment-large size-large wp-image-225806\" alt=\"\" srcset=\"https:\/\/autoritas.net\/wp-content\/uploads\/2024\/04\/Foto-i-D-i-1-400x92-1.png 400w, https:\/\/autoritas.net\/wp-content\/uploads\/2024\/04\/Foto-i-D-i-1-400x92-1-300x69.png 300w\" sizes=\"(max-width: 400px) 100vw, 400px\" \/>\t\t\t\t\t\t\t\t\t\t\t\t\t\t\t<\/div>\n\t\t\t\t<\/div>\n\t\t\t\t<div class=\"elementor-element elementor-element-4e498640 elementor-widget elementor-widget-image\" data-id=\"4e498640\" data-element_type=\"widget\" data-e-type=\"widget\" data-widget_type=\"image.default\">\n\t\t\t\t<div class=\"elementor-widget-container\">\n\t\t\t\t\t\t\t\t\t\t\t\t\t\t\t<img fetchpriority=\"high\" decoding=\"async\" width=\"800\" height=\"266\" src=\"https:\/\/autoritas.net\/wp-content\/uploads\/2024\/04\/Foto-i-D-i-5-800x266-1.jpg\" class=\"attachment-large size-large wp-image-225805\" alt=\"\" srcset=\"https:\/\/autoritas.net\/wp-content\/uploads\/2024\/04\/Foto-i-D-i-5-800x266-1.jpg 800w, https:\/\/autoritas.net\/wp-content\/uploads\/2024\/04\/Foto-i-D-i-5-800x266-1-300x100.jpg 300w, https:\/\/autoritas.net\/wp-content\/uploads\/2024\/04\/Foto-i-D-i-5-800x266-1-768x255.jpg 768w\" sizes=\"(max-width: 800px) 100vw, 800px\" \/>\t\t\t\t\t\t\t\t\t\t\t\t\t\t\t<\/div>\n\t\t\t\t<\/div>\n\t\t\t\t\t<\/div>\n\t\t\t\t<\/div>\n\t\t\t\t<\/div>\n\t\t","protected":false},"excerpt":{"rendered":"<p>INNPACTO L&#8217;objecte del nostre projecte ECOPORTUNITY \u00e9s la consecuci\u00f3 d&#8217;una plataforma (eina de programari) que permeti analitzar l&#8217;entorn econ\u00f2mic i social a trav\u00e9s de m\u00faltiples fonts d&#8217;informaci\u00f3 (internet i les xarxes socials, entre elles) per a la detecci\u00f3 d&#8217;oportunitats que permetin a Governs i altres agents econ\u00f2mics generar entorns propicis per a l&#8217;explotaci\u00f3 d&#8217;aquestes oportunitats. [&hellip;]<\/p>\n","protected":false},"author":3,"featured_media":0,"parent":231298,"menu_order":0,"comment_status":"closed","ping_status":"closed","template":"","meta":{"footnotes":""},"class_list":["post-231304","page","type-page","status-publish","hentry"],"yoast_head":"<!-- This site is optimized with the Yoast SEO plugin v27.0 - https:\/\/yoast.com\/product\/yoast-seo-wordpress\/ -->\n<title>Projecte Innpacto<\/title>\n<meta name=\"description\" content=\"Consultora en estrategia, comunicaci\u00f3n y digitalizaci\u00f3n para empresas y administraciones. Impulsa tu crecimiento con Autoritas Consulting.\" \/>\n<meta name=\"robots\" content=\"index, follow, max-snippet:-1, max-image-preview:large, max-video-preview:-1\" \/>\n<link rel=\"canonical\" href=\"https:\/\/autoritas.net\/ca\/nosaltres\/idi\/innpacto\/\" \/>\n<meta property=\"og:locale\" content=\"en_US\" \/>\n<meta property=\"og:type\" content=\"article\" \/>\n<meta property=\"og:title\" content=\"Projecte Innpacto\" \/>\n<meta property=\"og:description\" content=\"Consultora en estrategia, comunicaci\u00f3n y digitalizaci\u00f3n para empresas y administraciones. Impulsa tu crecimiento con Autoritas Consulting.\" \/>\n<meta property=\"og:url\" content=\"https:\/\/autoritas.net\/ca\/nosaltres\/idi\/innpacto\/\" \/>\n<meta property=\"og:site_name\" content=\"Autoritas Consulting\" \/>\n<meta property=\"article:publisher\" content=\"https:\/\/www.facebook.com\/autoritas.consulting\/\" \/>\n<meta property=\"article:modified_time\" content=\"2025-05-10T08:32:03+00:00\" \/>\n<meta property=\"og:image\" content=\"https:\/\/autoritas.net\/wp-content\/uploads\/2024\/04\/1200px-Logotipo_del_Ministerio_de_Ciencia_e_Innovacion.svg-800x247-1.png\" \/>\n<meta name=\"twitter:card\" content=\"summary_large_image\" \/>\n<meta name=\"twitter:site\" content=\"@autoritas\" \/>\n<meta name=\"twitter:label1\" content=\"Est. reading time\" \/>\n\t<meta name=\"twitter:data1\" content=\"2 minutes\" \/>\n<script type=\"application\/ld+json\" class=\"yoast-schema-graph\">{\"@context\":\"https:\/\/schema.org\",\"@graph\":[{\"@type\":\"WebPage\",\"@id\":\"https:\/\/autoritas.net\/ca\/nosaltres\/idi\/innpacto\/\",\"url\":\"https:\/\/autoritas.net\/ca\/nosaltres\/idi\/innpacto\/\",\"name\":\"Projecte Innpacto\",\"isPartOf\":{\"@id\":\"https:\/\/autoritas.net\/ca\/#website\"},\"primaryImageOfPage\":{\"@id\":\"https:\/\/autoritas.net\/ca\/nosaltres\/idi\/innpacto\/#primaryimage\"},\"image\":{\"@id\":\"https:\/\/autoritas.net\/ca\/nosaltres\/idi\/innpacto\/#primaryimage\"},\"thumbnailUrl\":\"https:\/\/autoritas.net\/wp-content\/uploads\/2024\/04\/1200px-Logotipo_del_Ministerio_de_Ciencia_e_Innovacion.svg-800x247-1.png\",\"datePublished\":\"2024-07-11T06:25:38+00:00\",\"dateModified\":\"2025-05-10T08:32:03+00:00\",\"description\":\"Consultora en estrategia, comunicaci\u00f3n y digitalizaci\u00f3n para empresas y administraciones. Impulsa tu crecimiento con Autoritas Consulting.\",\"breadcrumb\":{\"@id\":\"https:\/\/autoritas.net\/ca\/nosaltres\/idi\/innpacto\/#breadcrumb\"},\"inLanguage\":\"cat\",\"potentialAction\":[{\"@type\":\"ReadAction\",\"target\":[\"https:\/\/autoritas.net\/ca\/nosaltres\/idi\/innpacto\/\"]}]},{\"@type\":\"ImageObject\",\"inLanguage\":\"cat\",\"@id\":\"https:\/\/autoritas.net\/ca\/nosaltres\/idi\/innpacto\/#primaryimage\",\"url\":\"https:\/\/autoritas.net\/wp-content\/uploads\/2024\/04\/1200px-Logotipo_del_Ministerio_de_Ciencia_e_Innovacion.svg-800x247-1.png\",\"contentUrl\":\"https:\/\/autoritas.net\/wp-content\/uploads\/2024\/04\/1200px-Logotipo_del_Ministerio_de_Ciencia_e_Innovacion.svg-800x247-1.png\"},{\"@type\":\"BreadcrumbList\",\"@id\":\"https:\/\/autoritas.net\/ca\/nosaltres\/idi\/innpacto\/#breadcrumb\",\"itemListElement\":[{\"@type\":\"ListItem\",\"position\":1,\"name\":\"Portada\",\"item\":\"https:\/\/autoritas.net\/ca\/\"},{\"@type\":\"ListItem\",\"position\":2,\"name\":\"I+D+i\",\"item\":\"https:\/\/autoritas.net\/ca\/i-d-i\/\"},{\"@type\":\"ListItem\",\"position\":3,\"name\":\"Innpacto\"}]},{\"@type\":\"WebSite\",\"@id\":\"https:\/\/autoritas.net\/ca\/#website\",\"url\":\"https:\/\/autoritas.net\/ca\/\",\"name\":\"Autoritas Consulting\",\"description\":\"Autoritas\",\"publisher\":{\"@id\":\"https:\/\/autoritas.net\/ca\/#organization\"},\"alternateName\":\"Autoritas\",\"potentialAction\":[{\"@type\":\"SearchAction\",\"target\":{\"@type\":\"EntryPoint\",\"urlTemplate\":\"https:\/\/autoritas.net\/ca\/?s={search_term_string}\"},\"query-input\":{\"@type\":\"PropertyValueSpecification\",\"valueRequired\":true,\"valueName\":\"search_term_string\"}}],\"inLanguage\":\"cat\"},{\"@type\":\"Organization\",\"@id\":\"https:\/\/autoritas.net\/ca\/#organization\",\"name\":\"Autoritas Consulting | Estrategia, Inteligencia y Acci\u00f3n para la Toma de Decisiones\",\"alternateName\":\"Autoritas\",\"url\":\"https:\/\/autoritas.net\/ca\/\",\"logo\":{\"@type\":\"ImageObject\",\"inLanguage\":\"cat\",\"@id\":\"https:\/\/autoritas.net\/ca\/#\/schema\/logo\/image\/\",\"url\":\"https:\/\/autoritas.net\/wp-content\/uploads\/2024\/04\/logo-AutoritasConsulting-V.webp\",\"contentUrl\":\"https:\/\/autoritas.net\/wp-content\/uploads\/2024\/04\/logo-AutoritasConsulting-V.webp\",\"width\":248,\"height\":46,\"caption\":\"Autoritas Consulting | Estrategia, Inteligencia y Acci\u00f3n para la Toma de Decisiones\"},\"image\":{\"@id\":\"https:\/\/autoritas.net\/ca\/#\/schema\/logo\/image\/\"},\"sameAs\":[\"https:\/\/www.facebook.com\/autoritas.consulting\/\",\"https:\/\/x.com\/autoritas\",\"https:\/\/es.linkedin.com\/company\/autoritas-consulting-s-a-\",\"https:\/\/www.instagram.com\/autoritas_consulting\/\"]}]}<\/script>\n<!-- \/ Yoast SEO plugin. -->","yoast_head_json":{"title":"Projecte Innpacto","description":"Consultora en estrategia, comunicaci\u00f3n y digitalizaci\u00f3n para empresas y administraciones. Impulsa tu crecimiento con Autoritas Consulting.","robots":{"index":"index","follow":"follow","max-snippet":"max-snippet:-1","max-image-preview":"max-image-preview:large","max-video-preview":"max-video-preview:-1"},"canonical":"https:\/\/autoritas.net\/ca\/nosaltres\/idi\/innpacto\/","og_locale":"en_US","og_type":"article","og_title":"Projecte Innpacto","og_description":"Consultora en estrategia, comunicaci\u00f3n y digitalizaci\u00f3n para empresas y administraciones. Impulsa tu crecimiento con Autoritas Consulting.","og_url":"https:\/\/autoritas.net\/ca\/nosaltres\/idi\/innpacto\/","og_site_name":"Autoritas Consulting","article_publisher":"https:\/\/www.facebook.com\/autoritas.consulting\/","article_modified_time":"2025-05-10T08:32:03+00:00","og_image":[{"url":"https:\/\/autoritas.net\/wp-content\/uploads\/2024\/04\/1200px-Logotipo_del_Ministerio_de_Ciencia_e_Innovacion.svg-800x247-1.png","type":"","width":"","height":""}],"twitter_card":"summary_large_image","twitter_site":"@autoritas","twitter_misc":{"Est. reading time":"2 minutes"},"schema":{"@context":"https:\/\/schema.org","@graph":[{"@type":"WebPage","@id":"https:\/\/autoritas.net\/ca\/nosaltres\/idi\/innpacto\/","url":"https:\/\/autoritas.net\/ca\/nosaltres\/idi\/innpacto\/","name":"Projecte Innpacto","isPartOf":{"@id":"https:\/\/autoritas.net\/ca\/#website"},"primaryImageOfPage":{"@id":"https:\/\/autoritas.net\/ca\/nosaltres\/idi\/innpacto\/#primaryimage"},"image":{"@id":"https:\/\/autoritas.net\/ca\/nosaltres\/idi\/innpacto\/#primaryimage"},"thumbnailUrl":"https:\/\/autoritas.net\/wp-content\/uploads\/2024\/04\/1200px-Logotipo_del_Ministerio_de_Ciencia_e_Innovacion.svg-800x247-1.png","datePublished":"2024-07-11T06:25:38+00:00","dateModified":"2025-05-10T08:32:03+00:00","description":"Consultora en estrategia, comunicaci\u00f3n y digitalizaci\u00f3n para empresas y administraciones. Impulsa tu crecimiento con Autoritas Consulting.","breadcrumb":{"@id":"https:\/\/autoritas.net\/ca\/nosaltres\/idi\/innpacto\/#breadcrumb"},"inLanguage":"cat","potentialAction":[{"@type":"ReadAction","target":["https:\/\/autoritas.net\/ca\/nosaltres\/idi\/innpacto\/"]}]},{"@type":"ImageObject","inLanguage":"cat","@id":"https:\/\/autoritas.net\/ca\/nosaltres\/idi\/innpacto\/#primaryimage","url":"https:\/\/autoritas.net\/wp-content\/uploads\/2024\/04\/1200px-Logotipo_del_Ministerio_de_Ciencia_e_Innovacion.svg-800x247-1.png","contentUrl":"https:\/\/autoritas.net\/wp-content\/uploads\/2024\/04\/1200px-Logotipo_del_Ministerio_de_Ciencia_e_Innovacion.svg-800x247-1.png"},{"@type":"BreadcrumbList","@id":"https:\/\/autoritas.net\/ca\/nosaltres\/idi\/innpacto\/#breadcrumb","itemListElement":[{"@type":"ListItem","position":1,"name":"Portada","item":"https:\/\/autoritas.net\/ca\/"},{"@type":"ListItem","position":2,"name":"I+D+i","item":"https:\/\/autoritas.net\/ca\/i-d-i\/"},{"@type":"ListItem","position":3,"name":"Innpacto"}]},{"@type":"WebSite","@id":"https:\/\/autoritas.net\/ca\/#website","url":"https:\/\/autoritas.net\/ca\/","name":"Autoritas Consulting","description":"Autoritas","publisher":{"@id":"https:\/\/autoritas.net\/ca\/#organization"},"alternateName":"Autoritas","potentialAction":[{"@type":"SearchAction","target":{"@type":"EntryPoint","urlTemplate":"https:\/\/autoritas.net\/ca\/?s={search_term_string}"},"query-input":{"@type":"PropertyValueSpecification","valueRequired":true,"valueName":"search_term_string"}}],"inLanguage":"cat"},{"@type":"Organization","@id":"https:\/\/autoritas.net\/ca\/#organization","name":"Autoritas Consulting | Estrategia, Inteligencia y Acci\u00f3n para la Toma de Decisiones","alternateName":"Autoritas","url":"https:\/\/autoritas.net\/ca\/","logo":{"@type":"ImageObject","inLanguage":"cat","@id":"https:\/\/autoritas.net\/ca\/#\/schema\/logo\/image\/","url":"https:\/\/autoritas.net\/wp-content\/uploads\/2024\/04\/logo-AutoritasConsulting-V.webp","contentUrl":"https:\/\/autoritas.net\/wp-content\/uploads\/2024\/04\/logo-AutoritasConsulting-V.webp","width":248,"height":46,"caption":"Autoritas Consulting | Estrategia, Inteligencia y Acci\u00f3n para la Toma de Decisiones"},"image":{"@id":"https:\/\/autoritas.net\/ca\/#\/schema\/logo\/image\/"},"sameAs":["https:\/\/www.facebook.com\/autoritas.consulting\/","https:\/\/x.com\/autoritas","https:\/\/es.linkedin.com\/company\/autoritas-consulting-s-a-","https:\/\/www.instagram.com\/autoritas_consulting\/"]}]}},"_links":{"self":[{"href":"https:\/\/autoritas.net\/ca\/wp-json\/wp\/v2\/pages\/231304","targetHints":{"allow":["GET"]}}],"collection":[{"href":"https:\/\/autoritas.net\/ca\/wp-json\/wp\/v2\/pages"}],"about":[{"href":"https:\/\/autoritas.net\/ca\/wp-json\/wp\/v2\/types\/page"}],"author":[{"embeddable":true,"href":"https:\/\/autoritas.net\/ca\/wp-json\/wp\/v2\/users\/3"}],"replies":[{"embeddable":true,"href":"https:\/\/autoritas.net\/ca\/wp-json\/wp\/v2\/comments?post=231304"}],"version-history":[{"count":4,"href":"https:\/\/autoritas.net\/ca\/wp-json\/wp\/v2\/pages\/231304\/revisions"}],"predecessor-version":[{"id":232255,"href":"https:\/\/autoritas.net\/ca\/wp-json\/wp\/v2\/pages\/231304\/revisions\/232255"}],"up":[{"embeddable":true,"href":"https:\/\/autoritas.net\/ca\/wp-json\/wp\/v2\/pages\/231298"}],"wp:attachment":[{"href":"https:\/\/autoritas.net\/ca\/wp-json\/wp\/v2\/media?parent=231304"}],"curies":[{"name":"wp","href":"https:\/\/api.w.org\/{rel}","templated":true}]}}