{"id":231306,"date":"2024-07-11T08:25:23","date_gmt":"2024-07-11T06:25:23","guid":{"rendered":"https:\/\/autoritas.net\/idi\/profake\/"},"modified":"2025-05-10T10:27:48","modified_gmt":"2025-05-10T08:27:48","slug":"profake","status":"publish","type":"page","link":"https:\/\/autoritas.net\/ca\/nosaltres\/idi\/profake\/","title":{"rendered":"Profake"},"content":{"rendered":"\t\t<div data-elementor-type=\"wp-page\" data-elementor-id=\"231306\" class=\"elementor elementor-231306 elementor-228239\" data-elementor-post-type=\"page\">\n\t\t\t\t<div class=\"elementor-element elementor-element-f1fea5f e-flex e-con-boxed e-con e-parent\" data-id=\"f1fea5f\" data-element_type=\"container\" data-e-type=\"container\">\n\t\t\t\t\t<div class=\"e-con-inner\">\n\t\t<div class=\"elementor-element elementor-element-75dde0e e-con-full e-flex e-con e-child\" data-id=\"75dde0e\" data-element_type=\"container\" data-e-type=\"container\" data-settings=\"{&quot;background_background&quot;:&quot;classic&quot;}\">\n\t\t\t\t<div class=\"elementor-element elementor-element-353a2f6 elementor-widget__width-initial elementor-widget elementor-widget-heading\" data-id=\"353a2f6\" data-element_type=\"widget\" data-e-type=\"widget\" data-widget_type=\"heading.default\">\n\t\t\t\t<div class=\"elementor-widget-container\">\n\t\t\t\t\t<h1 class=\"elementor-heading-title elementor-size-default\">PRO2FAKER<\/h1>\t\t\t\t<\/div>\n\t\t\t\t<\/div>\n\t\t\t\t<\/div>\n\t\t\t\t\t<\/div>\n\t\t\t\t<\/div>\n\t\t<div class=\"elementor-element elementor-element-728aae9 e-flex e-con-boxed e-con e-parent\" data-id=\"728aae9\" data-element_type=\"container\" data-e-type=\"container\">\n\t\t\t\t\t<div class=\"e-con-inner\">\n\t\t\t\t<div class=\"elementor-element elementor-element-aec4311 elementor-widget elementor-widget-text-editor\" data-id=\"aec4311\" data-element_type=\"widget\" data-e-type=\"widget\" data-widget_type=\"text-editor.default\">\n\t\t\t\t<div class=\"elementor-widget-container\">\n\t\t\t\t\t\t\t\t\t<p>Projecte finan\u00e7at per CDTI amb fons de la Uni\u00f3 Europea. L&#8217;objectiu del projecte \u00e9s la construcci\u00f3 d&#8217;una eina que autom\u00e0ticament abordi el problema de la identificaci\u00f3 de not\u00edcies falses i permeti identificar i delimitar les comunitats d&#8217;usuaris que les propaguen. L&#8217;objectiu \u00e9s el monitoratge de les xarxes socials i els principals llocs d&#8217;internet per a detectar de manera primerenca les not\u00edcies falses, les seves rutes de propagaci\u00f3 i el perfil dels seus principals propagadors. Sobre la base d&#8217;aquesta informaci\u00f3, l&#8217;eina proporcionar\u00e0 contramesures com ara agregaci\u00f3 de not\u00edcies (news aggregation) juntament amb les evid\u00e8ncies que les suporten, aix\u00ed com les comunitats i usuaris de confian\u00e7a que puguin ajudar a compartir i propagar-les, juntament amb el seu nivell de credibilitat.<\/p>\n<p>Les xarxes socials han potenciat un model nou de comunicaci\u00f3 entre les persones. No obstant aix\u00f2, esdeveniments com les filtracions de dades de Snowden o el recent esc\u00e0ndol de Cambridge Analytica han portat a la desconfian\u00e7a generalitzada de les persones respecte a les xarxes socials, fins al punt d&#8217;haver-se creat una campanya global per a la massiva acte-eliminaci\u00f3 de comptes d&#8217;usuaris de Facebook. Not\u00edcies falses i desinformacions, xarxes de bots, i en definitiva, la manipulaci\u00f3, semblen estar a l&#8217;ordre del dia en esdeveniments com el Brexit, les eleccions estatunidenques, el Refer\u00e8ndum catal\u00e0 o el conflicte diplom\u00e0tic de Qatar.<\/p>\n<p>La desinformaci\u00f3 pot arribar a tenir implicacions desastroses no sols a nivell social, sin\u00f3 tamb\u00e9 econ\u00f2mic. Segons Forbes, en 2013 es van perdre 130 bilions (americans) de d\u00f2lars en el mercat de valors en q\u00fcesti\u00f3 d&#8217;uns minuts despr\u00e9s que es publiqu\u00e9s un tuit sobre una \u201cexplosi\u00f3\u201d que havia ferit a Barack Obama. I \u00e9s que l&#8217;impacte de la desinformaci\u00f3 tamb\u00e9 aconsegueix a l&#8217;entorn econ\u00f2mic, en alguns casos com l&#8217;anterior, amb un efecte molt negatiu.<\/p>\n\t\t\t\t\t\t\t\t<\/div>\n\t\t\t\t<\/div>\n\t\t\t\t\t<\/div>\n\t\t\t\t<\/div>\n\t\t<div class=\"elementor-element elementor-element-8c0755b e-grid e-con-boxed e-con e-parent\" data-id=\"8c0755b\" data-element_type=\"container\" data-e-type=\"container\">\n\t\t\t\t\t<div class=\"e-con-inner\">\n\t\t\t\t<div class=\"elementor-element elementor-element-6f64580 elementor-widget elementor-widget-image\" data-id=\"6f64580\" data-element_type=\"widget\" data-e-type=\"widget\" data-widget_type=\"image.default\">\n\t\t\t\t<div class=\"elementor-widget-container\">\n\t\t\t\t\t\t\t\t\t\t\t\t\t\t\t<img decoding=\"async\" src=\"https:\/\/autoritas.net\/wp-content\/uploads\/2024\/04\/1200px-Logotipo_del_Ministerio_de_Ciencia_e_Innovacion.svg-800x247-1.png\" title=\"\" alt=\"\" loading=\"lazy\" \/>\t\t\t\t\t\t\t\t\t\t\t\t\t\t\t<\/div>\n\t\t\t\t<\/div>\n\t\t\t\t<div class=\"elementor-element elementor-element-78da01a elementor-widget elementor-widget-image\" data-id=\"78da01a\" data-element_type=\"widget\" data-e-type=\"widget\" data-widget_type=\"image.default\">\n\t\t\t\t<div class=\"elementor-widget-container\">\n\t\t\t\t\t\t\t\t\t\t\t\t\t\t\t<img decoding=\"async\" src=\"https:\/\/autoritas.net\/wp-content\/uploads\/2024\/04\/cdti-logo.png\" title=\"\" alt=\"\" loading=\"lazy\" \/>\t\t\t\t\t\t\t\t\t\t\t\t\t\t\t<\/div>\n\t\t\t\t<\/div>\n\t\t\t\t<div class=\"elementor-element elementor-element-17957cd elementor-widget elementor-widget-image\" data-id=\"17957cd\" data-element_type=\"widget\" data-e-type=\"widget\" data-widget_type=\"image.default\">\n\t\t\t\t<div class=\"elementor-widget-container\">\n\t\t\t\t\t\t\t\t\t\t\t\t\t\t\t<img fetchpriority=\"high\" decoding=\"async\" width=\"800\" height=\"266\" src=\"https:\/\/autoritas.net\/wp-content\/uploads\/2024\/04\/Foto-i-D-i-5-800x266-1.jpg\" class=\"attachment-large size-large wp-image-225805\" alt=\"\" srcset=\"https:\/\/autoritas.net\/wp-content\/uploads\/2024\/04\/Foto-i-D-i-5-800x266-1.jpg 800w, https:\/\/autoritas.net\/wp-content\/uploads\/2024\/04\/Foto-i-D-i-5-800x266-1-300x100.jpg 300w, https:\/\/autoritas.net\/wp-content\/uploads\/2024\/04\/Foto-i-D-i-5-800x266-1-768x255.jpg 768w\" sizes=\"(max-width: 800px) 100vw, 800px\" \/>\t\t\t\t\t\t\t\t\t\t\t\t\t\t\t<\/div>\n\t\t\t\t<\/div>\n\t\t\t\t\t<\/div>\n\t\t\t\t<\/div>\n\t\t\t\t<\/div>\n\t\t","protected":false},"excerpt":{"rendered":"<p>PRO2FAKER Projecte finan\u00e7at per CDTI amb fons de la Uni\u00f3 Europea. L&#8217;objectiu del projecte \u00e9s la construcci\u00f3 d&#8217;una eina que autom\u00e0ticament abordi el problema de la identificaci\u00f3 de not\u00edcies falses i permeti identificar i delimitar les comunitats d&#8217;usuaris que les propaguen. L&#8217;objectiu \u00e9s el monitoratge de les xarxes socials i els principals llocs d&#8217;internet per [&hellip;]<\/p>\n","protected":false},"author":3,"featured_media":0,"parent":231298,"menu_order":0,"comment_status":"closed","ping_status":"closed","template":"","meta":{"footnotes":""},"class_list":["post-231306","page","type-page","status-publish","hentry"],"yoast_head":"<!-- This site is optimized with the Yoast SEO plugin v27.0 - https:\/\/yoast.com\/product\/yoast-seo-wordpress\/ -->\n<title>Projecte. Profake<\/title>\n<meta name=\"description\" content=\"Consultora en estrategia, comunicaci\u00f3n y digitalizaci\u00f3n para empresas y administraciones. Impulsa tu crecimiento con Autoritas Consulting.\" \/>\n<meta name=\"robots\" content=\"index, follow, max-snippet:-1, max-image-preview:large, max-video-preview:-1\" \/>\n<link rel=\"canonical\" href=\"https:\/\/autoritas.net\/ca\/nosaltres\/idi\/profake\/\" \/>\n<meta property=\"og:locale\" content=\"en_US\" \/>\n<meta property=\"og:type\" content=\"article\" \/>\n<meta property=\"og:title\" content=\"Projecte. Profake\" \/>\n<meta property=\"og:description\" content=\"Consultora en estrategia, comunicaci\u00f3n y digitalizaci\u00f3n para empresas y administraciones. Impulsa tu crecimiento con Autoritas Consulting.\" \/>\n<meta property=\"og:url\" content=\"https:\/\/autoritas.net\/ca\/nosaltres\/idi\/profake\/\" \/>\n<meta property=\"og:site_name\" content=\"Autoritas Consulting\" \/>\n<meta property=\"article:publisher\" content=\"https:\/\/www.facebook.com\/autoritas.consulting\/\" \/>\n<meta property=\"article:modified_time\" content=\"2025-05-10T08:27:48+00:00\" \/>\n<meta property=\"og:image\" content=\"https:\/\/autoritas.net\/wp-content\/uploads\/2024\/04\/1200px-Logotipo_del_Ministerio_de_Ciencia_e_Innovacion.svg-800x247-1.png\" \/>\n<meta name=\"twitter:card\" content=\"summary_large_image\" \/>\n<meta name=\"twitter:site\" content=\"@autoritas\" \/>\n<meta name=\"twitter:label1\" content=\"Est. reading time\" \/>\n\t<meta name=\"twitter:data1\" content=\"3 minutes\" \/>\n<script type=\"application\/ld+json\" class=\"yoast-schema-graph\">{\"@context\":\"https:\/\/schema.org\",\"@graph\":[{\"@type\":\"WebPage\",\"@id\":\"https:\/\/autoritas.net\/ca\/nosaltres\/idi\/profake\/\",\"url\":\"https:\/\/autoritas.net\/ca\/nosaltres\/idi\/profake\/\",\"name\":\"Projecte. Profake\",\"isPartOf\":{\"@id\":\"https:\/\/autoritas.net\/ca\/#website\"},\"primaryImageOfPage\":{\"@id\":\"https:\/\/autoritas.net\/ca\/nosaltres\/idi\/profake\/#primaryimage\"},\"image\":{\"@id\":\"https:\/\/autoritas.net\/ca\/nosaltres\/idi\/profake\/#primaryimage\"},\"thumbnailUrl\":\"https:\/\/autoritas.net\/wp-content\/uploads\/2024\/04\/1200px-Logotipo_del_Ministerio_de_Ciencia_e_Innovacion.svg-800x247-1.png\",\"datePublished\":\"2024-07-11T06:25:23+00:00\",\"dateModified\":\"2025-05-10T08:27:48+00:00\",\"description\":\"Consultora en estrategia, comunicaci\u00f3n y digitalizaci\u00f3n para empresas y administraciones. Impulsa tu crecimiento con Autoritas Consulting.\",\"breadcrumb\":{\"@id\":\"https:\/\/autoritas.net\/ca\/nosaltres\/idi\/profake\/#breadcrumb\"},\"inLanguage\":\"cat\",\"potentialAction\":[{\"@type\":\"ReadAction\",\"target\":[\"https:\/\/autoritas.net\/ca\/nosaltres\/idi\/profake\/\"]}]},{\"@type\":\"ImageObject\",\"inLanguage\":\"cat\",\"@id\":\"https:\/\/autoritas.net\/ca\/nosaltres\/idi\/profake\/#primaryimage\",\"url\":\"https:\/\/autoritas.net\/wp-content\/uploads\/2024\/04\/1200px-Logotipo_del_Ministerio_de_Ciencia_e_Innovacion.svg-800x247-1.png\",\"contentUrl\":\"https:\/\/autoritas.net\/wp-content\/uploads\/2024\/04\/1200px-Logotipo_del_Ministerio_de_Ciencia_e_Innovacion.svg-800x247-1.png\"},{\"@type\":\"BreadcrumbList\",\"@id\":\"https:\/\/autoritas.net\/ca\/nosaltres\/idi\/profake\/#breadcrumb\",\"itemListElement\":[{\"@type\":\"ListItem\",\"position\":1,\"name\":\"Portada\",\"item\":\"https:\/\/autoritas.net\/ca\/\"},{\"@type\":\"ListItem\",\"position\":2,\"name\":\"I+D+i\",\"item\":\"https:\/\/autoritas.net\/ca\/i-d-i\/\"},{\"@type\":\"ListItem\",\"position\":3,\"name\":\"Profake\"}]},{\"@type\":\"WebSite\",\"@id\":\"https:\/\/autoritas.net\/ca\/#website\",\"url\":\"https:\/\/autoritas.net\/ca\/\",\"name\":\"Autoritas Consulting\",\"description\":\"Autoritas\",\"publisher\":{\"@id\":\"https:\/\/autoritas.net\/ca\/#organization\"},\"alternateName\":\"Autoritas\",\"potentialAction\":[{\"@type\":\"SearchAction\",\"target\":{\"@type\":\"EntryPoint\",\"urlTemplate\":\"https:\/\/autoritas.net\/ca\/?s={search_term_string}\"},\"query-input\":{\"@type\":\"PropertyValueSpecification\",\"valueRequired\":true,\"valueName\":\"search_term_string\"}}],\"inLanguage\":\"cat\"},{\"@type\":\"Organization\",\"@id\":\"https:\/\/autoritas.net\/ca\/#organization\",\"name\":\"Autoritas Consulting | Estrategia, Inteligencia y Acci\u00f3n para la Toma de Decisiones\",\"alternateName\":\"Autoritas\",\"url\":\"https:\/\/autoritas.net\/ca\/\",\"logo\":{\"@type\":\"ImageObject\",\"inLanguage\":\"cat\",\"@id\":\"https:\/\/autoritas.net\/ca\/#\/schema\/logo\/image\/\",\"url\":\"https:\/\/autoritas.net\/wp-content\/uploads\/2024\/04\/logo-AutoritasConsulting-V.webp\",\"contentUrl\":\"https:\/\/autoritas.net\/wp-content\/uploads\/2024\/04\/logo-AutoritasConsulting-V.webp\",\"width\":248,\"height\":46,\"caption\":\"Autoritas Consulting | Estrategia, Inteligencia y Acci\u00f3n para la Toma de Decisiones\"},\"image\":{\"@id\":\"https:\/\/autoritas.net\/ca\/#\/schema\/logo\/image\/\"},\"sameAs\":[\"https:\/\/www.facebook.com\/autoritas.consulting\/\",\"https:\/\/x.com\/autoritas\",\"https:\/\/es.linkedin.com\/company\/autoritas-consulting-s-a-\",\"https:\/\/www.instagram.com\/autoritas_consulting\/\"]}]}<\/script>\n<!-- \/ Yoast SEO plugin. -->","yoast_head_json":{"title":"Projecte. Profake","description":"Consultora en estrategia, comunicaci\u00f3n y digitalizaci\u00f3n para empresas y administraciones. Impulsa tu crecimiento con Autoritas Consulting.","robots":{"index":"index","follow":"follow","max-snippet":"max-snippet:-1","max-image-preview":"max-image-preview:large","max-video-preview":"max-video-preview:-1"},"canonical":"https:\/\/autoritas.net\/ca\/nosaltres\/idi\/profake\/","og_locale":"en_US","og_type":"article","og_title":"Projecte. Profake","og_description":"Consultora en estrategia, comunicaci\u00f3n y digitalizaci\u00f3n para empresas y administraciones. Impulsa tu crecimiento con Autoritas Consulting.","og_url":"https:\/\/autoritas.net\/ca\/nosaltres\/idi\/profake\/","og_site_name":"Autoritas Consulting","article_publisher":"https:\/\/www.facebook.com\/autoritas.consulting\/","article_modified_time":"2025-05-10T08:27:48+00:00","og_image":[{"url":"https:\/\/autoritas.net\/wp-content\/uploads\/2024\/04\/1200px-Logotipo_del_Ministerio_de_Ciencia_e_Innovacion.svg-800x247-1.png","type":"","width":"","height":""}],"twitter_card":"summary_large_image","twitter_site":"@autoritas","twitter_misc":{"Est. reading time":"3 minutes"},"schema":{"@context":"https:\/\/schema.org","@graph":[{"@type":"WebPage","@id":"https:\/\/autoritas.net\/ca\/nosaltres\/idi\/profake\/","url":"https:\/\/autoritas.net\/ca\/nosaltres\/idi\/profake\/","name":"Projecte. Profake","isPartOf":{"@id":"https:\/\/autoritas.net\/ca\/#website"},"primaryImageOfPage":{"@id":"https:\/\/autoritas.net\/ca\/nosaltres\/idi\/profake\/#primaryimage"},"image":{"@id":"https:\/\/autoritas.net\/ca\/nosaltres\/idi\/profake\/#primaryimage"},"thumbnailUrl":"https:\/\/autoritas.net\/wp-content\/uploads\/2024\/04\/1200px-Logotipo_del_Ministerio_de_Ciencia_e_Innovacion.svg-800x247-1.png","datePublished":"2024-07-11T06:25:23+00:00","dateModified":"2025-05-10T08:27:48+00:00","description":"Consultora en estrategia, comunicaci\u00f3n y digitalizaci\u00f3n para empresas y administraciones. Impulsa tu crecimiento con Autoritas Consulting.","breadcrumb":{"@id":"https:\/\/autoritas.net\/ca\/nosaltres\/idi\/profake\/#breadcrumb"},"inLanguage":"cat","potentialAction":[{"@type":"ReadAction","target":["https:\/\/autoritas.net\/ca\/nosaltres\/idi\/profake\/"]}]},{"@type":"ImageObject","inLanguage":"cat","@id":"https:\/\/autoritas.net\/ca\/nosaltres\/idi\/profake\/#primaryimage","url":"https:\/\/autoritas.net\/wp-content\/uploads\/2024\/04\/1200px-Logotipo_del_Ministerio_de_Ciencia_e_Innovacion.svg-800x247-1.png","contentUrl":"https:\/\/autoritas.net\/wp-content\/uploads\/2024\/04\/1200px-Logotipo_del_Ministerio_de_Ciencia_e_Innovacion.svg-800x247-1.png"},{"@type":"BreadcrumbList","@id":"https:\/\/autoritas.net\/ca\/nosaltres\/idi\/profake\/#breadcrumb","itemListElement":[{"@type":"ListItem","position":1,"name":"Portada","item":"https:\/\/autoritas.net\/ca\/"},{"@type":"ListItem","position":2,"name":"I+D+i","item":"https:\/\/autoritas.net\/ca\/i-d-i\/"},{"@type":"ListItem","position":3,"name":"Profake"}]},{"@type":"WebSite","@id":"https:\/\/autoritas.net\/ca\/#website","url":"https:\/\/autoritas.net\/ca\/","name":"Autoritas Consulting","description":"Autoritas","publisher":{"@id":"https:\/\/autoritas.net\/ca\/#organization"},"alternateName":"Autoritas","potentialAction":[{"@type":"SearchAction","target":{"@type":"EntryPoint","urlTemplate":"https:\/\/autoritas.net\/ca\/?s={search_term_string}"},"query-input":{"@type":"PropertyValueSpecification","valueRequired":true,"valueName":"search_term_string"}}],"inLanguage":"cat"},{"@type":"Organization","@id":"https:\/\/autoritas.net\/ca\/#organization","name":"Autoritas Consulting | Estrategia, Inteligencia y Acci\u00f3n para la Toma de Decisiones","alternateName":"Autoritas","url":"https:\/\/autoritas.net\/ca\/","logo":{"@type":"ImageObject","inLanguage":"cat","@id":"https:\/\/autoritas.net\/ca\/#\/schema\/logo\/image\/","url":"https:\/\/autoritas.net\/wp-content\/uploads\/2024\/04\/logo-AutoritasConsulting-V.webp","contentUrl":"https:\/\/autoritas.net\/wp-content\/uploads\/2024\/04\/logo-AutoritasConsulting-V.webp","width":248,"height":46,"caption":"Autoritas Consulting | Estrategia, Inteligencia y Acci\u00f3n para la Toma de Decisiones"},"image":{"@id":"https:\/\/autoritas.net\/ca\/#\/schema\/logo\/image\/"},"sameAs":["https:\/\/www.facebook.com\/autoritas.consulting\/","https:\/\/x.com\/autoritas","https:\/\/es.linkedin.com\/company\/autoritas-consulting-s-a-","https:\/\/www.instagram.com\/autoritas_consulting\/"]}]}},"_links":{"self":[{"href":"https:\/\/autoritas.net\/ca\/wp-json\/wp\/v2\/pages\/231306","targetHints":{"allow":["GET"]}}],"collection":[{"href":"https:\/\/autoritas.net\/ca\/wp-json\/wp\/v2\/pages"}],"about":[{"href":"https:\/\/autoritas.net\/ca\/wp-json\/wp\/v2\/types\/page"}],"author":[{"embeddable":true,"href":"https:\/\/autoritas.net\/ca\/wp-json\/wp\/v2\/users\/3"}],"replies":[{"embeddable":true,"href":"https:\/\/autoritas.net\/ca\/wp-json\/wp\/v2\/comments?post=231306"}],"version-history":[{"count":4,"href":"https:\/\/autoritas.net\/ca\/wp-json\/wp\/v2\/pages\/231306\/revisions"}],"predecessor-version":[{"id":232240,"href":"https:\/\/autoritas.net\/ca\/wp-json\/wp\/v2\/pages\/231306\/revisions\/232240"}],"up":[{"embeddable":true,"href":"https:\/\/autoritas.net\/ca\/wp-json\/wp\/v2\/pages\/231298"}],"wp:attachment":[{"href":"https:\/\/autoritas.net\/ca\/wp-json\/wp\/v2\/media?parent=231306"}],"curies":[{"name":"wp","href":"https:\/\/api.w.org\/{rel}","templated":true}]}}