{"id":231316,"date":"2025-01-07T12:54:43","date_gmt":"2025-01-07T11:54:43","guid":{"rendered":"https:\/\/autoritas.net\/innovacio-i-desenvolupament-tecnologic\/"},"modified":"2025-02-17T16:19:16","modified_gmt":"2025-02-17T15:19:16","slug":"innovacio-i-desenvolupament-tecnologic","status":"publish","type":"page","link":"https:\/\/autoritas.net\/ca\/serveis\/innovacio-i-desenvolupament-tecnologic\/","title":{"rendered":"Innovaci\u00f3 i desenvolupament tecnol\u00f2gic"},"content":{"rendered":"\t\t<div data-elementor-type=\"wp-page\" data-elementor-id=\"231316\" class=\"elementor elementor-231316 elementor-230372\" data-elementor-post-type=\"page\">\n\t\t\t\t<div class=\"elementor-element elementor-element-3b155dd e-flex e-con-boxed e-con e-parent\" data-id=\"3b155dd\" data-element_type=\"container\" data-e-type=\"container\">\n\t\t\t\t\t<div class=\"e-con-inner\">\n\t\t<div class=\"elementor-element elementor-element-752311c e-con-full e-flex e-con e-child\" data-id=\"752311c\" data-element_type=\"container\" data-e-type=\"container\" data-settings=\"{&quot;background_background&quot;:&quot;classic&quot;}\">\n\t\t\t\t<div class=\"elementor-element elementor-element-961ef7b elementor-widget elementor-widget-heading\" data-id=\"961ef7b\" data-element_type=\"widget\" data-e-type=\"widget\" data-widget_type=\"heading.default\">\n\t\t\t\t<div class=\"elementor-widget-container\">\n\t\t\t\t\t<h1 class=\"elementor-heading-title elementor-size-default\">INNOVACI\u00d3 I DESENVOLUPAMENT\nTECNOL\u00d2GIC<\/h1>\t\t\t\t<\/div>\n\t\t\t\t<\/div>\n\t\t\t\t<\/div>\n\t\t<div class=\"elementor-element elementor-element-d2b3da6 e-con-full e-flex e-con e-child\" data-id=\"d2b3da6\" data-element_type=\"container\" data-e-type=\"container\">\n\t\t\t\t<div class=\"elementor-element elementor-element-92e749a elementor-widget__width-initial elementor-widget elementor-widget-heading\" data-id=\"92e749a\" data-element_type=\"widget\" data-e-type=\"widget\" data-widget_type=\"heading.default\">\n\t\t\t\t<div class=\"elementor-widget-container\">\n\t\t\t\t\t<h2 class=\"elementor-heading-title elementor-size-default\">TRANSFORMA EL TEU NEGOCI AMB SOLUCIONS TECNOL\u00d2GIQUES INNOVADORES<\/h2>\t\t\t\t<\/div>\n\t\t\t\t<\/div>\n\t\t\t\t<div class=\"elementor-element elementor-element-c8fd211 elementor-widget__width-initial elementor-widget elementor-widget-text-editor\" data-id=\"c8fd211\" data-element_type=\"widget\" data-e-type=\"widget\" data-widget_type=\"text-editor.default\">\n\t\t\t\t<div class=\"elementor-widget-container\">\n\t\t\t\t\t\t\t\t\t<p>La innovaci\u00f3 i la tecnologia s\u00f3n la base del creixement i l&#8217;efici\u00e8ncia en el m\u00f3n digital d&#8217;avui dia. El nostre servei d&#8217;innovaci\u00f3 i desenvolupament tecnol\u00f2gic est\u00e0 dissenyat per a portar el teu negoci al seg\u00fcent nivell mitjan\u00e7ant solucions personalitzades i disruptives. <\/p>\n\t\t\t\t\t\t\t\t<\/div>\n\t\t\t\t<\/div>\n\t\t\t\t<\/div>\n\t\t<div class=\"elementor-element elementor-element-b7c2d5d e-con-full e-flex e-con e-child\" data-id=\"b7c2d5d\" data-element_type=\"container\" data-e-type=\"container\">\n\t\t<div class=\"elementor-element elementor-element-c4b6cd7 e-con-full e-flex e-con e-child\" data-id=\"c4b6cd7\" data-element_type=\"container\" data-e-type=\"container\">\n\t\t\t\t<div class=\"elementor-element elementor-element-ef4ca73 elementor-widget elementor-widget-heading\" data-id=\"ef4ca73\" data-element_type=\"widget\" data-e-type=\"widget\" data-widget_type=\"heading.default\">\n\t\t\t\t<div class=\"elementor-widget-container\">\n\t\t\t\t\t<h4 class=\"elementor-heading-title elementor-size-default\">Recerca i an\u00e0lisi constant<\/h4>\t\t\t\t<\/div>\n\t\t\t\t<\/div>\n\t\t\t\t<div class=\"elementor-element elementor-element-a542091 elementor-widget elementor-widget-text-editor\" data-id=\"a542091\" data-element_type=\"widget\" data-e-type=\"widget\" data-widget_type=\"text-editor.default\">\n\t\t\t\t<div class=\"elementor-widget-container\">\n\t\t\t\t\t\t\t\t\t<p>Estem a l&#8217;avantguarda de les \u00faltimes tend\u00e8ncies tecnol\u00f2giques per a assegurar-nos d&#8217;oferir-te solucions que estiguin en sintonia amb el futur digital. Realitzem recerques exhaustives i an\u00e0lisis detallades per a identificar les tecnologies m\u00e9s adequades per a les teves necessitats. <\/p>\n\t\t\t\t\t\t\t\t<\/div>\n\t\t\t\t<\/div>\n\t\t\t\t<\/div>\n\t\t<div class=\"elementor-element elementor-element-7947386 e-con-full e-flex e-con e-child\" data-id=\"7947386\" data-element_type=\"container\" data-e-type=\"container\">\n\t\t\t\t<div class=\"elementor-element elementor-element-f6e0245 elementor-widget elementor-widget-heading\" data-id=\"f6e0245\" data-element_type=\"widget\" data-e-type=\"widget\" data-widget_type=\"heading.default\">\n\t\t\t\t<div class=\"elementor-widget-container\">\n\t\t\t\t\t<h4 class=\"elementor-heading-title elementor-size-default\">Disseny de solucions a mesura<\/h4>\t\t\t\t<\/div>\n\t\t\t\t<\/div>\n\t\t\t\t<div class=\"elementor-element elementor-element-a27b605 elementor-widget elementor-widget-text-editor\" data-id=\"a27b605\" data-element_type=\"widget\" data-e-type=\"widget\" data-widget_type=\"text-editor.default\">\n\t\t\t\t<div class=\"elementor-widget-container\">\n\t\t\t\t\t\t\t\t\t<p>No creiem en les solucions gen\u00e8riques. Cada empresa t\u00e9 desafiaments i oportunitats \u00faniques, per la qual cosa dissenyem solucions tecnol\u00f2giques a mesura que s&#8217;adaptin espec\u00edficament als teus objectius i processos comercials. <\/p>\n\t\t\t\t\t\t\t\t<\/div>\n\t\t\t\t<\/div>\n\t\t\t\t<\/div>\n\t\t<div class=\"elementor-element elementor-element-55f1580 e-con-full e-flex e-con e-child\" data-id=\"55f1580\" data-element_type=\"container\" data-e-type=\"container\">\n\t\t\t\t<div class=\"elementor-element elementor-element-62b3472 elementor-widget elementor-widget-heading\" data-id=\"62b3472\" data-element_type=\"widget\" data-e-type=\"widget\" data-widget_type=\"heading.default\">\n\t\t\t\t<div class=\"elementor-widget-container\">\n\t\t\t\t\t<h4 class=\"elementor-heading-title elementor-size-default\">Implementaci\u00f3 i optimitzaci\u00f3 cont\u00ednua<\/h4>\t\t\t\t<\/div>\n\t\t\t\t<\/div>\n\t\t\t\t<div class=\"elementor-element elementor-element-4918baf elementor-widget elementor-widget-text-editor\" data-id=\"4918baf\" data-element_type=\"widget\" data-e-type=\"widget\" data-widget_type=\"text-editor.default\">\n\t\t\t\t<div class=\"elementor-widget-container\">\n\t\t\t\t\t\t\t\t\t<p>No ens detenim en la implementaci\u00f3. Acompanyem al teu equip en tot el proc\u00e9s d&#8217;adopci\u00f3 de noves tecnologies, assegurant una transici\u00f3 suau i oferint suport continu per a optimitzar el rendiment de les solucions implementades. <\/p>\n\t\t\t\t\t\t\t\t<\/div>\n\t\t\t\t<\/div>\n\t\t\t\t<\/div>\n\t\t\t\t<\/div>\n\t\t<div class=\"elementor-element elementor-element-c50f41d e-con-full e-flex e-con e-child\" data-id=\"c50f41d\" data-element_type=\"container\" data-e-type=\"container\">\n\t\t\t\t<div class=\"elementor-element elementor-element-a09d045 elementor-widget__width-initial elementor-widget elementor-widget-heading\" data-id=\"a09d045\" data-element_type=\"widget\" data-e-type=\"widget\" data-widget_type=\"heading.default\">\n\t\t\t\t<div class=\"elementor-widget-container\">\n\t\t\t\t\t<h2 class=\"elementor-heading-title elementor-size-default\">COM HO FEM?<\/h2>\t\t\t\t<\/div>\n\t\t\t\t<\/div>\n\t\t<div class=\"elementor-element elementor-element-7d9d1e3 e-con-full e-flex e-con e-child\" data-id=\"7d9d1e3\" data-element_type=\"container\" data-e-type=\"container\">\n\t\t<div class=\"elementor-element elementor-element-846c7ab e-con-full elementor-hidden-tablet elementor-hidden-mobile e-flex e-con e-child\" data-id=\"846c7ab\" data-element_type=\"container\" data-e-type=\"container\">\n\t\t\t\t<div class=\"elementor-element elementor-element-9da3a6c elementor-widget elementor-widget-image\" data-id=\"9da3a6c\" data-element_type=\"widget\" data-e-type=\"widget\" data-widget_type=\"image.default\">\n\t\t\t\t<div class=\"elementor-widget-container\">\n\t\t\t\t\t\t\t\t\t\t\t\t\t\t\t<img fetchpriority=\"high\" decoding=\"async\" width=\"637\" height=\"466\" src=\"https:\/\/autoritas.net\/wp-content\/uploads\/2025\/01\/innovacion-2.webp\" class=\"attachment-full size-full wp-image-231278\" alt=\"\" srcset=\"https:\/\/autoritas.net\/wp-content\/uploads\/2025\/01\/innovacion-2.webp 637w, https:\/\/autoritas.net\/wp-content\/uploads\/2025\/01\/innovacion-2-300x219.webp 300w\" sizes=\"(max-width: 637px) 100vw, 637px\" \/>\t\t\t\t\t\t\t\t\t\t\t\t\t\t\t<\/div>\n\t\t\t\t<\/div>\n\t\t\t\t<\/div>\n\t\t<div class=\"elementor-element elementor-element-1c3cfa0 e-con-full e-flex e-con e-child\" data-id=\"1c3cfa0\" data-element_type=\"container\" data-e-type=\"container\">\n\t\t<div class=\"elementor-element elementor-element-4df5959 e-con-full e-flex e-con e-child\" data-id=\"4df5959\" data-element_type=\"container\" data-e-type=\"container\">\n\t\t<div class=\"elementor-element elementor-element-b6868fc e-con-full elementor-hidden-mobile e-flex e-con e-child\" data-id=\"b6868fc\" data-element_type=\"container\" data-e-type=\"container\">\n\t\t\t\t<div class=\"elementor-element elementor-element-311c479 elementor-widget elementor-widget-image\" data-id=\"311c479\" data-element_type=\"widget\" data-e-type=\"widget\" data-widget_type=\"image.default\">\n\t\t\t\t<div class=\"elementor-widget-container\">\n\t\t\t\t\t\t\t\t\t\t\t\t\t\t\t<img decoding=\"async\" width=\"60\" height=\"60\" src=\"https:\/\/autoritas.net\/wp-content\/uploads\/2025\/01\/check60.webp\" class=\"attachment-thumbnail size-thumbnail wp-image-231285\" alt=\"\" \/>\t\t\t\t\t\t\t\t\t\t\t\t\t\t\t<\/div>\n\t\t\t\t<\/div>\n\t\t\t\t<\/div>\n\t\t<div class=\"elementor-element elementor-element-256d0d4 e-con-full e-flex e-con e-child\" data-id=\"256d0d4\" data-element_type=\"container\" data-e-type=\"container\">\n\t\t\t\t<div class=\"elementor-element elementor-element-ed103ff elementor-widget elementor-widget-heading\" data-id=\"ed103ff\" data-element_type=\"widget\" data-e-type=\"widget\" data-widget_type=\"heading.default\">\n\t\t\t\t<div class=\"elementor-widget-container\">\n\t\t\t\t\t<h4 class=\"elementor-heading-title elementor-size-default\">Desenvolupament d'aplicacions web i m\u00f2bils<\/h4>\t\t\t\t<\/div>\n\t\t\t\t<\/div>\n\t\t\t\t<div class=\"elementor-element elementor-element-d036c43 elementor-widget elementor-widget-text-editor\" data-id=\"d036c43\" data-element_type=\"widget\" data-e-type=\"widget\" data-widget_type=\"text-editor.default\">\n\t\t\t\t<div class=\"elementor-widget-container\">\n\t\t\t\t\t\t\t\t\t<p>Creem aplicacions web i m\u00f2bils personalitzades que ofereixen experi\u00e8ncies d&#8217;usuari intu\u00eftives i potents.<\/p>\n\t\t\t\t\t\t\t\t<\/div>\n\t\t\t\t<\/div>\n\t\t\t\t<\/div>\n\t\t\t\t<\/div>\n\t\t<div class=\"elementor-element elementor-element-a1cf493 e-con-full e-flex e-con e-child\" data-id=\"a1cf493\" data-element_type=\"container\" data-e-type=\"container\">\n\t\t<div class=\"elementor-element elementor-element-de6c155 e-con-full e-flex e-con e-child\" data-id=\"de6c155\" data-element_type=\"container\" data-e-type=\"container\">\n\t\t\t\t<div class=\"elementor-element elementor-element-9f7ccdc elementor-hidden-mobile elementor-widget elementor-widget-image\" data-id=\"9f7ccdc\" data-element_type=\"widget\" data-e-type=\"widget\" data-widget_type=\"image.default\">\n\t\t\t\t<div class=\"elementor-widget-container\">\n\t\t\t\t\t\t\t\t\t\t\t\t\t\t\t<img decoding=\"async\" width=\"60\" height=\"60\" src=\"https:\/\/autoritas.net\/wp-content\/uploads\/2025\/01\/check60.webp\" class=\"attachment-full size-full wp-image-231285\" alt=\"\" \/>\t\t\t\t\t\t\t\t\t\t\t\t\t\t\t<\/div>\n\t\t\t\t<\/div>\n\t\t\t\t<\/div>\n\t\t<div class=\"elementor-element elementor-element-c2a3a30 e-con-full e-flex e-con e-child\" data-id=\"c2a3a30\" data-element_type=\"container\" data-e-type=\"container\">\n\t\t\t\t<div class=\"elementor-element elementor-element-e0fe477 elementor-widget elementor-widget-heading\" data-id=\"e0fe477\" data-element_type=\"widget\" data-e-type=\"widget\" data-widget_type=\"heading.default\">\n\t\t\t\t<div class=\"elementor-widget-container\">\n\t\t\t\t\t<h4 class=\"elementor-heading-title elementor-size-default\">Automatitzaci\u00f3 de processos<\/h4>\t\t\t\t<\/div>\n\t\t\t\t<\/div>\n\t\t\t\t<div class=\"elementor-element elementor-element-b6dbfb2 elementor-widget elementor-widget-text-editor\" data-id=\"b6dbfb2\" data-element_type=\"widget\" data-e-type=\"widget\" data-widget_type=\"text-editor.default\">\n\t\t\t\t<div class=\"elementor-widget-container\">\n\t\t\t\t\t\t\t\t\t<p>Optimitzem les teves operacions amb solucions d&#8217;automatitzaci\u00f3 que milloren l&#8217;efici\u00e8ncia i redueixen els errors.<\/p>\n\t\t\t\t\t\t\t\t<\/div>\n\t\t\t\t<\/div>\n\t\t\t\t<\/div>\n\t\t\t\t<\/div>\n\t\t<div class=\"elementor-element elementor-element-4478fa2 e-con-full e-flex e-con e-child\" data-id=\"4478fa2\" data-element_type=\"container\" data-e-type=\"container\">\n\t\t<div class=\"elementor-element elementor-element-51cb574 e-con-full e-flex e-con e-child\" data-id=\"51cb574\" data-element_type=\"container\" data-e-type=\"container\">\n\t\t\t\t<div class=\"elementor-element elementor-element-6eed24f elementor-hidden-mobile elementor-widget elementor-widget-image\" data-id=\"6eed24f\" data-element_type=\"widget\" data-e-type=\"widget\" data-widget_type=\"image.default\">\n\t\t\t\t<div class=\"elementor-widget-container\">\n\t\t\t\t\t\t\t\t\t\t\t\t\t\t\t<img decoding=\"async\" width=\"60\" height=\"60\" src=\"https:\/\/autoritas.net\/wp-content\/uploads\/2025\/01\/check60.webp\" class=\"attachment-full size-full wp-image-231285\" alt=\"\" \/>\t\t\t\t\t\t\t\t\t\t\t\t\t\t\t<\/div>\n\t\t\t\t<\/div>\n\t\t\t\t<\/div>\n\t\t<div class=\"elementor-element elementor-element-59652ac e-con-full e-flex e-con e-child\" data-id=\"59652ac\" data-element_type=\"container\" data-e-type=\"container\">\n\t\t\t\t<div class=\"elementor-element elementor-element-b4facf0 elementor-widget elementor-widget-heading\" data-id=\"b4facf0\" data-element_type=\"widget\" data-e-type=\"widget\" data-widget_type=\"heading.default\">\n\t\t\t\t<div class=\"elementor-widget-container\">\n\t\t\t\t\t<h4 class=\"elementor-heading-title elementor-size-default\">Implementaci\u00f3 d'Intel\u00b7lig\u00e8ncia Artificial (IA) i machine learning<\/h4>\t\t\t\t<\/div>\n\t\t\t\t<\/div>\n\t\t\t\t<div class=\"elementor-element elementor-element-964d9cf elementor-widget elementor-widget-text-editor\" data-id=\"964d9cf\" data-element_type=\"widget\" data-e-type=\"widget\" data-widget_type=\"text-editor.default\">\n\t\t\t\t<div class=\"elementor-widget-container\">\n\t\t\t\t\t\t\t\t\t<p>Utilitzem IA i machine learning per a proporcionar insights predictius, millorar la personalitzaci\u00f3 i optimitzar processos.<\/p>\n\t\t\t\t\t\t\t\t<\/div>\n\t\t\t\t<\/div>\n\t\t\t\t<\/div>\n\t\t\t\t<\/div>\n\t\t\t\t<\/div>\n\t\t\t\t<\/div>\n\t\t\t\t<\/div>\n\t\t\t\t\t<\/div>\n\t\t\t\t<\/div>\n\t\t\t\t<\/div>\n\t\t","protected":false},"excerpt":{"rendered":"<p>INNOVACI\u00d3 I DESENVOLUPAMENT TECNOL\u00d2GIC TRANSFORMA EL TEU NEGOCI AMB SOLUCIONS TECNOL\u00d2GIQUES INNOVADORES La innovaci\u00f3 i la tecnologia s\u00f3n la base del creixement i l&#8217;efici\u00e8ncia en el m\u00f3n digital d&#8217;avui dia. El nostre servei d&#8217;innovaci\u00f3 i desenvolupament tecnol\u00f2gic est\u00e0 dissenyat per a portar el teu negoci al seg\u00fcent nivell mitjan\u00e7ant solucions personalitzades i disruptives. Recerca i [&hellip;]<\/p>\n","protected":false},"author":8,"featured_media":0,"parent":231350,"menu_order":0,"comment_status":"closed","ping_status":"closed","template":"","meta":{"footnotes":""},"class_list":["post-231316","page","type-page","status-publish","hentry"],"yoast_head":"<!-- This site is optimized with the Yoast SEO plugin v27.0 - https:\/\/yoast.com\/product\/yoast-seo-wordpress\/ -->\n<title>Innovaci\u00f3 i desenvolupament tecnol\u00f2gic - Autoritas Consulting<\/title>\n<meta name=\"description\" content=\"Consultora en estrategia, comunicaci\u00f3n y digitalizaci\u00f3n para empresas y administraciones. Impulsa tu crecimiento con Autoritas Consulting.\" \/>\n<meta name=\"robots\" content=\"index, follow, max-snippet:-1, max-image-preview:large, max-video-preview:-1\" \/>\n<link rel=\"canonical\" href=\"https:\/\/autoritas.net\/ca\/serveis\/innovacio-i-desenvolupament-tecnologic\/\" \/>\n<meta property=\"og:locale\" content=\"en_US\" \/>\n<meta property=\"og:type\" content=\"article\" \/>\n<meta property=\"og:title\" content=\"Innovaci\u00f3 i desenvolupament tecnol\u00f2gic - Autoritas Consulting\" \/>\n<meta property=\"og:description\" content=\"Consultora en estrategia, comunicaci\u00f3n y digitalizaci\u00f3n para empresas y administraciones. Impulsa tu crecimiento con Autoritas Consulting.\" \/>\n<meta property=\"og:url\" content=\"https:\/\/autoritas.net\/ca\/serveis\/innovacio-i-desenvolupament-tecnologic\/\" \/>\n<meta property=\"og:site_name\" content=\"Autoritas Consulting\" \/>\n<meta property=\"article:publisher\" content=\"https:\/\/www.facebook.com\/autoritas.consulting\/\" \/>\n<meta property=\"article:modified_time\" content=\"2025-02-17T15:19:16+00:00\" \/>\n<meta property=\"og:image\" content=\"https:\/\/autoritas.net\/wp-content\/uploads\/2025\/01\/innovacion-2.webp\" \/>\n\t<meta property=\"og:image:width\" content=\"637\" \/>\n\t<meta property=\"og:image:height\" content=\"466\" \/>\n\t<meta property=\"og:image:type\" content=\"image\/webp\" \/>\n<meta name=\"twitter:card\" content=\"summary_large_image\" \/>\n<meta name=\"twitter:site\" content=\"@autoritas\" \/>\n<meta name=\"twitter:label1\" content=\"Est. reading time\" \/>\n\t<meta name=\"twitter:data1\" content=\"1 minute\" \/>\n<script type=\"application\/ld+json\" class=\"yoast-schema-graph\">{\"@context\":\"https:\/\/schema.org\",\"@graph\":[{\"@type\":\"WebPage\",\"@id\":\"https:\/\/autoritas.net\/ca\/serveis\/innovacio-i-desenvolupament-tecnologic\/\",\"url\":\"https:\/\/autoritas.net\/ca\/serveis\/innovacio-i-desenvolupament-tecnologic\/\",\"name\":\"Innovaci\u00f3 i desenvolupament tecnol\u00f2gic - Autoritas Consulting\",\"isPartOf\":{\"@id\":\"https:\/\/autoritas.net\/ca\/#website\"},\"primaryImageOfPage\":{\"@id\":\"https:\/\/autoritas.net\/ca\/serveis\/innovacio-i-desenvolupament-tecnologic\/#primaryimage\"},\"image\":{\"@id\":\"https:\/\/autoritas.net\/ca\/serveis\/innovacio-i-desenvolupament-tecnologic\/#primaryimage\"},\"thumbnailUrl\":\"https:\/\/autoritas.net\/wp-content\/uploads\/2025\/01\/innovacion-2.webp\",\"datePublished\":\"2025-01-07T11:54:43+00:00\",\"dateModified\":\"2025-02-17T15:19:16+00:00\",\"description\":\"Consultora en estrategia, comunicaci\u00f3n y digitalizaci\u00f3n para empresas y administraciones. Impulsa tu crecimiento con Autoritas Consulting.\",\"breadcrumb\":{\"@id\":\"https:\/\/autoritas.net\/ca\/serveis\/innovacio-i-desenvolupament-tecnologic\/#breadcrumb\"},\"inLanguage\":\"cat\",\"potentialAction\":[{\"@type\":\"ReadAction\",\"target\":[\"https:\/\/autoritas.net\/ca\/serveis\/innovacio-i-desenvolupament-tecnologic\/\"]}]},{\"@type\":\"ImageObject\",\"inLanguage\":\"cat\",\"@id\":\"https:\/\/autoritas.net\/ca\/serveis\/innovacio-i-desenvolupament-tecnologic\/#primaryimage\",\"url\":\"https:\/\/autoritas.net\/wp-content\/uploads\/2025\/01\/innovacion-2.webp\",\"contentUrl\":\"https:\/\/autoritas.net\/wp-content\/uploads\/2025\/01\/innovacion-2.webp\"},{\"@type\":\"BreadcrumbList\",\"@id\":\"https:\/\/autoritas.net\/ca\/serveis\/innovacio-i-desenvolupament-tecnologic\/#breadcrumb\",\"itemListElement\":[{\"@type\":\"ListItem\",\"position\":1,\"name\":\"Portada\",\"item\":\"https:\/\/autoritas.net\/ca\/\"},{\"@type\":\"ListItem\",\"position\":2,\"name\":\"Innovaci\u00f3 i desenvolupament tecnol\u00f2gic\"}]},{\"@type\":\"WebSite\",\"@id\":\"https:\/\/autoritas.net\/ca\/#website\",\"url\":\"https:\/\/autoritas.net\/ca\/\",\"name\":\"Autoritas Consulting\",\"description\":\"Autoritas\",\"publisher\":{\"@id\":\"https:\/\/autoritas.net\/ca\/#organization\"},\"alternateName\":\"Autoritas\",\"potentialAction\":[{\"@type\":\"SearchAction\",\"target\":{\"@type\":\"EntryPoint\",\"urlTemplate\":\"https:\/\/autoritas.net\/ca\/?s={search_term_string}\"},\"query-input\":{\"@type\":\"PropertyValueSpecification\",\"valueRequired\":true,\"valueName\":\"search_term_string\"}}],\"inLanguage\":\"cat\"},{\"@type\":\"Organization\",\"@id\":\"https:\/\/autoritas.net\/ca\/#organization\",\"name\":\"Autoritas Consulting | Estrategia, Inteligencia y Acci\u00f3n para la Toma de Decisiones\",\"alternateName\":\"Autoritas\",\"url\":\"https:\/\/autoritas.net\/ca\/\",\"logo\":{\"@type\":\"ImageObject\",\"inLanguage\":\"cat\",\"@id\":\"https:\/\/autoritas.net\/ca\/#\/schema\/logo\/image\/\",\"url\":\"https:\/\/autoritas.net\/wp-content\/uploads\/2024\/04\/logo-AutoritasConsulting-V.webp\",\"contentUrl\":\"https:\/\/autoritas.net\/wp-content\/uploads\/2024\/04\/logo-AutoritasConsulting-V.webp\",\"width\":248,\"height\":46,\"caption\":\"Autoritas Consulting | Estrategia, Inteligencia y Acci\u00f3n para la Toma de Decisiones\"},\"image\":{\"@id\":\"https:\/\/autoritas.net\/ca\/#\/schema\/logo\/image\/\"},\"sameAs\":[\"https:\/\/www.facebook.com\/autoritas.consulting\/\",\"https:\/\/x.com\/autoritas\",\"https:\/\/es.linkedin.com\/company\/autoritas-consulting-s-a-\",\"https:\/\/www.instagram.com\/autoritas_consulting\/\"]}]}<\/script>\n<!-- \/ Yoast SEO plugin. -->","yoast_head_json":{"title":"Innovaci\u00f3 i desenvolupament tecnol\u00f2gic - Autoritas Consulting","description":"Consultora en estrategia, comunicaci\u00f3n y digitalizaci\u00f3n para empresas y administraciones. Impulsa tu crecimiento con Autoritas Consulting.","robots":{"index":"index","follow":"follow","max-snippet":"max-snippet:-1","max-image-preview":"max-image-preview:large","max-video-preview":"max-video-preview:-1"},"canonical":"https:\/\/autoritas.net\/ca\/serveis\/innovacio-i-desenvolupament-tecnologic\/","og_locale":"en_US","og_type":"article","og_title":"Innovaci\u00f3 i desenvolupament tecnol\u00f2gic - Autoritas Consulting","og_description":"Consultora en estrategia, comunicaci\u00f3n y digitalizaci\u00f3n para empresas y administraciones. Impulsa tu crecimiento con Autoritas Consulting.","og_url":"https:\/\/autoritas.net\/ca\/serveis\/innovacio-i-desenvolupament-tecnologic\/","og_site_name":"Autoritas Consulting","article_publisher":"https:\/\/www.facebook.com\/autoritas.consulting\/","article_modified_time":"2025-02-17T15:19:16+00:00","og_image":[{"width":637,"height":466,"url":"https:\/\/autoritas.net\/wp-content\/uploads\/2025\/01\/innovacion-2.webp","type":"image\/webp"}],"twitter_card":"summary_large_image","twitter_site":"@autoritas","twitter_misc":{"Est. reading time":"1 minute"},"schema":{"@context":"https:\/\/schema.org","@graph":[{"@type":"WebPage","@id":"https:\/\/autoritas.net\/ca\/serveis\/innovacio-i-desenvolupament-tecnologic\/","url":"https:\/\/autoritas.net\/ca\/serveis\/innovacio-i-desenvolupament-tecnologic\/","name":"Innovaci\u00f3 i desenvolupament tecnol\u00f2gic - Autoritas Consulting","isPartOf":{"@id":"https:\/\/autoritas.net\/ca\/#website"},"primaryImageOfPage":{"@id":"https:\/\/autoritas.net\/ca\/serveis\/innovacio-i-desenvolupament-tecnologic\/#primaryimage"},"image":{"@id":"https:\/\/autoritas.net\/ca\/serveis\/innovacio-i-desenvolupament-tecnologic\/#primaryimage"},"thumbnailUrl":"https:\/\/autoritas.net\/wp-content\/uploads\/2025\/01\/innovacion-2.webp","datePublished":"2025-01-07T11:54:43+00:00","dateModified":"2025-02-17T15:19:16+00:00","description":"Consultora en estrategia, comunicaci\u00f3n y digitalizaci\u00f3n para empresas y administraciones. Impulsa tu crecimiento con Autoritas Consulting.","breadcrumb":{"@id":"https:\/\/autoritas.net\/ca\/serveis\/innovacio-i-desenvolupament-tecnologic\/#breadcrumb"},"inLanguage":"cat","potentialAction":[{"@type":"ReadAction","target":["https:\/\/autoritas.net\/ca\/serveis\/innovacio-i-desenvolupament-tecnologic\/"]}]},{"@type":"ImageObject","inLanguage":"cat","@id":"https:\/\/autoritas.net\/ca\/serveis\/innovacio-i-desenvolupament-tecnologic\/#primaryimage","url":"https:\/\/autoritas.net\/wp-content\/uploads\/2025\/01\/innovacion-2.webp","contentUrl":"https:\/\/autoritas.net\/wp-content\/uploads\/2025\/01\/innovacion-2.webp"},{"@type":"BreadcrumbList","@id":"https:\/\/autoritas.net\/ca\/serveis\/innovacio-i-desenvolupament-tecnologic\/#breadcrumb","itemListElement":[{"@type":"ListItem","position":1,"name":"Portada","item":"https:\/\/autoritas.net\/ca\/"},{"@type":"ListItem","position":2,"name":"Innovaci\u00f3 i desenvolupament tecnol\u00f2gic"}]},{"@type":"WebSite","@id":"https:\/\/autoritas.net\/ca\/#website","url":"https:\/\/autoritas.net\/ca\/","name":"Autoritas Consulting","description":"Autoritas","publisher":{"@id":"https:\/\/autoritas.net\/ca\/#organization"},"alternateName":"Autoritas","potentialAction":[{"@type":"SearchAction","target":{"@type":"EntryPoint","urlTemplate":"https:\/\/autoritas.net\/ca\/?s={search_term_string}"},"query-input":{"@type":"PropertyValueSpecification","valueRequired":true,"valueName":"search_term_string"}}],"inLanguage":"cat"},{"@type":"Organization","@id":"https:\/\/autoritas.net\/ca\/#organization","name":"Autoritas Consulting | Estrategia, Inteligencia y Acci\u00f3n para la Toma de Decisiones","alternateName":"Autoritas","url":"https:\/\/autoritas.net\/ca\/","logo":{"@type":"ImageObject","inLanguage":"cat","@id":"https:\/\/autoritas.net\/ca\/#\/schema\/logo\/image\/","url":"https:\/\/autoritas.net\/wp-content\/uploads\/2024\/04\/logo-AutoritasConsulting-V.webp","contentUrl":"https:\/\/autoritas.net\/wp-content\/uploads\/2024\/04\/logo-AutoritasConsulting-V.webp","width":248,"height":46,"caption":"Autoritas Consulting | Estrategia, Inteligencia y Acci\u00f3n para la Toma de Decisiones"},"image":{"@id":"https:\/\/autoritas.net\/ca\/#\/schema\/logo\/image\/"},"sameAs":["https:\/\/www.facebook.com\/autoritas.consulting\/","https:\/\/x.com\/autoritas","https:\/\/es.linkedin.com\/company\/autoritas-consulting-s-a-","https:\/\/www.instagram.com\/autoritas_consulting\/"]}]}},"_links":{"self":[{"href":"https:\/\/autoritas.net\/ca\/wp-json\/wp\/v2\/pages\/231316","targetHints":{"allow":["GET"]}}],"collection":[{"href":"https:\/\/autoritas.net\/ca\/wp-json\/wp\/v2\/pages"}],"about":[{"href":"https:\/\/autoritas.net\/ca\/wp-json\/wp\/v2\/types\/page"}],"author":[{"embeddable":true,"href":"https:\/\/autoritas.net\/ca\/wp-json\/wp\/v2\/users\/8"}],"replies":[{"embeddable":true,"href":"https:\/\/autoritas.net\/ca\/wp-json\/wp\/v2\/comments?post=231316"}],"version-history":[{"count":1,"href":"https:\/\/autoritas.net\/ca\/wp-json\/wp\/v2\/pages\/231316\/revisions"}],"predecessor-version":[{"id":231317,"href":"https:\/\/autoritas.net\/ca\/wp-json\/wp\/v2\/pages\/231316\/revisions\/231317"}],"up":[{"embeddable":true,"href":"https:\/\/autoritas.net\/ca\/wp-json\/wp\/v2\/pages\/231350"}],"wp:attachment":[{"href":"https:\/\/autoritas.net\/ca\/wp-json\/wp\/v2\/media?parent=231316"}],"curies":[{"name":"wp","href":"https:\/\/api.w.org\/{rel}","templated":true}]}}