{"id":231333,"date":"2024-11-21T12:30:26","date_gmt":"2024-11-21T11:30:26","guid":{"rendered":"https:\/\/autoritas.net\/els-avancos-en-agents-dintel%c2%b7ligencia-artificial-com-a-motor-de-canvi-en-sectors-estrategics-informe\/"},"modified":"2025-05-10T13:58:15","modified_gmt":"2025-05-10T11:58:15","slug":"els-avancos-en-agents-dintel%c2%b7ligencia-artificial-com-a-motor-de-canvi-en-sectors-estrategics-informe","status":"publish","type":"page","link":"https:\/\/autoritas.net\/ca\/els-avancos-en-agents-dintel%c2%b7ligencia-artificial-com-a-motor-de-canvi-en-sectors-estrategics-informe\/","title":{"rendered":"Els aven\u00e7os en agents d&#8217;intel\u00b7lig\u00e8ncia artificial com a motor de canvi a sectors estrat\u00e8gics. [informe]"},"content":{"rendered":"\t\t<div data-elementor-type=\"wp-page\" data-elementor-id=\"231333\" class=\"elementor elementor-231333 elementor-229277\" data-elementor-post-type=\"page\">\n\t\t\t\t<div class=\"elementor-element elementor-element-6e476c2 e-flex e-con-boxed e-con e-parent\" data-id=\"6e476c2\" data-element_type=\"container\" data-e-type=\"container\">\n\t\t\t\t\t<div class=\"e-con-inner\">\n\t\t<div class=\"elementor-element elementor-element-60d79ae e-con-full e-flex e-con e-child\" data-id=\"60d79ae\" data-element_type=\"container\" data-e-type=\"container\">\n\t\t\t\t<div class=\"elementor-element elementor-element-3311740 elementor-widget elementor-widget-image\" data-id=\"3311740\" data-element_type=\"widget\" data-e-type=\"widget\" data-widget_type=\"image.default\">\n\t\t\t\t<div class=\"elementor-widget-container\">\n\t\t\t\t\t\t\t\t\t\t\t\t\t\t\t<img fetchpriority=\"high\" decoding=\"async\" width=\"1440\" height=\"873\" src=\"https:\/\/autoritas.net\/wp-content\/uploads\/2024\/11\/agentes-ia.jpg\" class=\"attachment-full size-full wp-image-231336\" alt=\"\" srcset=\"https:\/\/autoritas.net\/wp-content\/uploads\/2024\/11\/agentes-ia.jpg 1440w, https:\/\/autoritas.net\/wp-content\/uploads\/2024\/11\/agentes-ia-300x182.jpg 300w, https:\/\/autoritas.net\/wp-content\/uploads\/2024\/11\/agentes-ia-1024x621.jpg 1024w, https:\/\/autoritas.net\/wp-content\/uploads\/2024\/11\/agentes-ia-768x466.jpg 768w\" sizes=\"(max-width: 1440px) 100vw, 1440px\" \/>\t\t\t\t\t\t\t\t\t\t\t\t\t\t\t<\/div>\n\t\t\t\t<\/div>\n\t\t\t\t<div class=\"elementor-element elementor-element-60ac45a elementor-widget elementor-widget-text-editor\" data-id=\"60ac45a\" data-element_type=\"widget\" data-e-type=\"widget\" data-widget_type=\"text-editor.default\">\n\t\t\t\t<div class=\"elementor-widget-container\">\n\t\t\t\t\t\t\t\t\t<p>La intel\u00b7lig\u00e8ncia artificial est\u00e0 marcant un punt d&#8217;inflexi\u00f3 en l&#8217;evoluci\u00f3 tecnol\u00f2gica, i els <strong>agents de IA<\/strong> s\u00f3n el centre d&#8217;aquesta transformaci\u00f3. Aquestes eines avan\u00e7ades, dissenyades per a<strong> aprendre, adaptar-se i prendre decisions aut\u00f2nomes<\/strong>, estan revolucionant com interactuem amb la tecnologia i com es gestionen processos clau en sectors estrat\u00e8gics. <\/p>\n<p><strong>Qu\u00e8 fa \u00fanics als agents de IA?<br \/><\/strong>La seva capacitat per a combinar <strong>autonomia, adaptabilitat i especialitzaci\u00f3<\/strong> els permet abordar tasques complexes que van m\u00e9s enll\u00e0 de les capacitats del programari tradicional. Des de l&#8217;<strong>automatitzaci\u00f3 de tasques repetitives<\/strong> fins a la <strong>gesti\u00f3 avan\u00e7ada en entorns din\u00e0mics<\/strong>, els agents de IA estan redissenyant la productivitat i efici\u00e8ncia tant en empreses com en institucions p\u00fabliques. <\/p>\n<p><strong>Impacte transversal en sectors clau com:<\/strong><\/p>\n<ol>\n<li><strong>Empreses<\/strong>: Millora de la <strong>gesti\u00f3 de la cadena de subministrament<\/strong>, <strong>ciberseguretat<\/strong> i experi\u00e8ncia del client.<\/li>\n<li><strong>Salut<\/strong>: Desenvolupament de tractaments personalitzats, monitoratge de pacients i avan\u00e7os en la recerca m\u00e8dica.<\/li>\n<li><strong>Finances<\/strong>: Automatitzaci\u00f3 d&#8217;an\u00e0lisi de riscos, detecci\u00f3 de fraus i optimitzaci\u00f3 en operacions de trading.<\/li>\n<li><strong>Ciutats intel\u00b7ligents<\/strong>: Gesti\u00f3 del tr\u00e0nsit, efici\u00e8ncia energ\u00e8tica i planificaci\u00f3 urbana sostenible.<\/li>\n<\/ol>\n<p>A m\u00e9s, el nostre informe analitza les <strong>tend\u00e8ncies m\u00e9s recents<\/strong> en agents de IA, com el disseny web <strong>agent-responsivo<\/strong> i l&#8217;<strong>Optimitzaci\u00f3 per a Agents (AEO)<\/strong>, que transformen com aquestes tecnologies interactuen amb serveis digitals.<\/p>\n<p><img decoding=\"async\" class=\"an1 CToWUd\" draggable=\"false\" src=\"https:\/\/fonts.gstatic.com\/s\/e\/notoemoji\/15.1\/1f449\/72.png\" alt=\"\ud83d\udc49\" width=\"16\" height=\"16\" data-emoji=\"\ud83d\udc49\" aria-label=\"\ud83d\udc49\" data-bit=\"iit\"> <strong>Emplena el formulari i descobreix m\u00e9s sobre aquestes tend\u00e8ncies i el seu impacte en el nostre informe complet.<\/strong> <\/p>\n\t\t\t\t\t\t\t\t<\/div>\n\t\t\t\t<\/div>\n\t\t\t\t<div class=\"elementor-element elementor-element-37ad84e elementor-button-align-stretch elementor-widget elementor-widget-form\" data-id=\"37ad84e\" data-element_type=\"widget\" data-e-type=\"widget\" data-settings=\"{&quot;step_next_label&quot;:&quot;Seg\\u00fcent&lt;br&gt;&quot;,&quot;step_previous_label&quot;:&quot;Anterior&quot;,&quot;button_width&quot;:&quot;100&quot;,&quot;step_type&quot;:&quot;number_text&quot;,&quot;step_icon_shape&quot;:&quot;circle&quot;}\" data-widget_type=\"form.default\">\n\t\t\t\t<div class=\"elementor-widget-container\">\n\t\t\t\t\t\t\t<form class=\"elementor-form\" method=\"post\" name=\"Formulari Desc\u00e0rrega\" aria-label=\"Formulari Desc\u00e0rrega\">\n\t\t\t<input type=\"hidden\" name=\"post_id\" value=\"231333\"\/>\n\t\t\t<input type=\"hidden\" name=\"form_id\" value=\"37ad84e\"\/>\n\t\t\t<input type=\"hidden\" name=\"referer_title\" value=\"Autoritas Consulting\" \/>\n\n\t\t\t\n\t\t\t<div class=\"elementor-form-fields-wrapper elementor-labels-above\">\n\t\t\t\t\t\t\t\t<div class=\"elementor-field-type-text elementor-field-group elementor-column elementor-field-group-name elementor-col-100 elementor-field-required elementor-mark-required\">\n\t\t\t\t\t\t\t\t\t\t\t\t<label for=\"form-field-name\" class=\"elementor-field-label\">\n\t\t\t\t\t\t\t\tNom\t\t\t\t\t\t\t<\/label>\n\t\t\t\t\t\t\t\t\t\t\t\t\t\t<input size=\"1\" type=\"text\" name=\"form_fields[name]\" id=\"form-field-name\" class=\"elementor-field elementor-size-md  elementor-field-textual\" placeholder=\"Nom\" required=\"required\">\n\t\t\t\t\t\t\t\t\t\t\t<\/div>\n\t\t\t\t\t\t\t\t<div class=\"elementor-field-type-email elementor-field-group elementor-column elementor-field-group-email elementor-col-100 elementor-field-required elementor-mark-required\">\n\t\t\t\t\t\t\t\t\t\t\t\t<label for=\"form-field-email\" class=\"elementor-field-label\">\n\t\t\t\t\t\t\t\tCorreu electr\u00f2nic\t\t\t\t\t\t\t<\/label>\n\t\t\t\t\t\t\t\t\t\t\t\t\t\t<input size=\"1\" type=\"email\" name=\"form_fields[email]\" id=\"form-field-email\" class=\"elementor-field elementor-size-md  elementor-field-textual\" placeholder=\"Correu electr\u00f2nic\" required=\"required\">\n\t\t\t\t\t\t\t\t\t\t\t<\/div>\n\t\t\t\t\t\t\t\t<div class=\"elementor-field-type-acceptance elementor-field-group elementor-column elementor-field-group-field_419a2ac elementor-col-100 elementor-field-required elementor-mark-required\">\n\t\t\t\t\t\t\t\t\t\t\t\t<label for=\"form-field-field_419a2ac\" class=\"elementor-field-label\">\n\t\t\t\t\t\t\t\tConsentiment\t\t\t\t\t\t\t<\/label>\n\t\t\t\t\t\t\t\t<div class=\"elementor-field-subgroup\">\n\t\t\t<span class=\"elementor-field-option\">\n\t\t\t\t<input type=\"checkbox\" name=\"form_fields[field_419a2ac]\" id=\"form-field-field_419a2ac\" class=\"elementor-field elementor-size-md  elementor-acceptance-field\" required=\"required\">\n\t\t\t\t<label for=\"form-field-field_419a2ac\">Consento que les meves dades de contacte s'utilitzin per a comunicacions posteriors i per a la subscripci\u00f3 a la newsletter de Autoritas.<\/label>\t\t\t<\/span>\n\t\t<\/div>\n\t\t\t\t\t\t<\/div>\n\t\t\t\t\t\t\t\t<div class=\"elementor-field-type-hidden elementor-field-group elementor-column elementor-field-group-field_d2ee4e4 elementor-col-100\">\n\t\t\t\t\t\t\t\t\t\t\t\t\t<input size=\"1\" type=\"hidden\" name=\"form_fields[field_d2ee4e4]\" id=\"form-field-field_d2ee4e4\" class=\"elementor-field elementor-size-md  elementor-field-textual\">\n\t\t\t\t\t\t\t\t\t\t\t<\/div>\n\t\t\t\t\t\t\t\t<div class=\"elementor-field-group elementor-column elementor-field-type-submit elementor-col-100 e-form__buttons\">\n\t\t\t\t\t<button class=\"elementor-button elementor-size-md\" type=\"submit\">\n\t\t\t\t\t\t<span class=\"elementor-button-content-wrapper\">\n\t\t\t\t\t\t\t\t\t\t\t\t\t\t\t<span class=\"elementor-button-icon\">\n\t\t\t\t\t\t\t\t\t<i aria-hidden=\"true\" class=\"fas fa-file-download\"><\/i>\t\t\t\t\t\t\t\t\t\t\t\t\t\t\t\t\t<\/span>\n\t\t\t\t\t\t\t\t\t\t\t\t\t\t\t\t\t\t\t\t\t\t<span class=\"elementor-button-text\">Descarregar<\/span>\n\t\t\t\t\t\t\t\t\t\t\t\t\t<\/span>\n\t\t\t\t\t<\/button>\n\t\t\t\t<\/div>\n\t\t\t<\/div>\n\t\t<\/form>\n\t\t\t\t\t\t<\/div>\n\t\t\t\t<\/div>\n\t\t\t\t<\/div>\n\t\t\t\t\t<\/div>\n\t\t\t\t<\/div>\n\t\t\t\t<\/div>\n\t\t","protected":false},"excerpt":{"rendered":"<p>La intel\u00b7lig\u00e8ncia artificial est\u00e0 marcant un punt d&#8217;inflexi\u00f3 en l&#8217;evoluci\u00f3 tecnol\u00f2gica, i els agents de IA s\u00f3n el centre d&#8217;aquesta transformaci\u00f3. Aquestes eines avan\u00e7ades, dissenyades per a aprendre, adaptar-se i prendre decisions aut\u00f2nomes, estan revolucionant com interactuem amb la tecnologia i com es gestionen processos clau en sectors estrat\u00e8gics. Qu\u00e8 fa \u00fanics als agents de [&hellip;]<\/p>\n","protected":false},"author":7,"featured_media":0,"parent":0,"menu_order":0,"comment_status":"closed","ping_status":"closed","template":"","meta":{"footnotes":""},"class_list":["post-231333","page","type-page","status-publish","hentry"],"yoast_head":"<!-- This site is optimized with the Yoast SEO plugin v27.0 - https:\/\/yoast.com\/product\/yoast-seo-wordpress\/ -->\n<title>Els aven\u00e7os en agents d&#039;intel\u00b7lig\u00e8ncia artificial com a motor de canvi a sectors estrat\u00e8gics. [informe] - Autoritas Consulting<\/title>\n<meta name=\"description\" content=\"Consultora en estrategia, comunicaci\u00f3n y digitalizaci\u00f3n para empresas y administraciones. Impulsa tu crecimiento con Autoritas Consulting.\" \/>\n<meta name=\"robots\" content=\"index, follow, max-snippet:-1, max-image-preview:large, max-video-preview:-1\" \/>\n<link rel=\"canonical\" href=\"https:\/\/autoritas.net\/ca\/els-avancos-en-agents-dintel%c2%b7ligencia-artificial-com-a-motor-de-canvi-en-sectors-estrategics-informe\/\" \/>\n<meta property=\"og:locale\" content=\"en_US\" \/>\n<meta property=\"og:type\" content=\"article\" \/>\n<meta property=\"og:title\" content=\"Els aven\u00e7os en agents d&#039;intel\u00b7lig\u00e8ncia artificial com a motor de canvi a sectors estrat\u00e8gics. [informe] - Autoritas Consulting\" \/>\n<meta property=\"og:description\" content=\"Consultora en estrategia, comunicaci\u00f3n y digitalizaci\u00f3n para empresas y administraciones. Impulsa tu crecimiento con Autoritas Consulting.\" \/>\n<meta property=\"og:url\" content=\"https:\/\/autoritas.net\/ca\/els-avancos-en-agents-dintel%c2%b7ligencia-artificial-com-a-motor-de-canvi-en-sectors-estrategics-informe\/\" \/>\n<meta property=\"og:site_name\" content=\"Autoritas Consulting\" \/>\n<meta property=\"article:publisher\" content=\"https:\/\/www.facebook.com\/autoritas.consulting\/\" \/>\n<meta property=\"article:modified_time\" content=\"2025-05-10T11:58:15+00:00\" \/>\n<meta property=\"og:image\" content=\"https:\/\/autoritas.net\/wp-content\/uploads\/2024\/11\/agentes-ia.jpg\" \/>\n\t<meta property=\"og:image:width\" content=\"1440\" \/>\n\t<meta property=\"og:image:height\" content=\"873\" \/>\n\t<meta property=\"og:image:type\" content=\"image\/jpeg\" \/>\n<meta name=\"twitter:card\" content=\"summary_large_image\" \/>\n<meta name=\"twitter:site\" content=\"@autoritas\" \/>\n<meta name=\"twitter:label1\" content=\"Est. reading time\" \/>\n\t<meta name=\"twitter:data1\" content=\"1 minute\" \/>\n<script type=\"application\/ld+json\" class=\"yoast-schema-graph\">{\"@context\":\"https:\/\/schema.org\",\"@graph\":[{\"@type\":\"WebPage\",\"@id\":\"https:\/\/autoritas.net\/ca\/els-avancos-en-agents-dintel%c2%b7ligencia-artificial-com-a-motor-de-canvi-en-sectors-estrategics-informe\/\",\"url\":\"https:\/\/autoritas.net\/ca\/els-avancos-en-agents-dintel%c2%b7ligencia-artificial-com-a-motor-de-canvi-en-sectors-estrategics-informe\/\",\"name\":\"Els aven\u00e7os en agents d'intel\u00b7lig\u00e8ncia artificial com a motor de canvi a sectors estrat\u00e8gics. [informe] - Autoritas Consulting\",\"isPartOf\":{\"@id\":\"https:\/\/autoritas.net\/ca\/#website\"},\"primaryImageOfPage\":{\"@id\":\"https:\/\/autoritas.net\/ca\/els-avancos-en-agents-dintel%c2%b7ligencia-artificial-com-a-motor-de-canvi-en-sectors-estrategics-informe\/#primaryimage\"},\"image\":{\"@id\":\"https:\/\/autoritas.net\/ca\/els-avancos-en-agents-dintel%c2%b7ligencia-artificial-com-a-motor-de-canvi-en-sectors-estrategics-informe\/#primaryimage\"},\"thumbnailUrl\":\"https:\/\/autoritas.net\/wp-content\/uploads\/2024\/11\/agentes-ia.jpg\",\"datePublished\":\"2024-11-21T11:30:26+00:00\",\"dateModified\":\"2025-05-10T11:58:15+00:00\",\"description\":\"Consultora en estrategia, comunicaci\u00f3n y digitalizaci\u00f3n para empresas y administraciones. Impulsa tu crecimiento con Autoritas Consulting.\",\"breadcrumb\":{\"@id\":\"https:\/\/autoritas.net\/ca\/els-avancos-en-agents-dintel%c2%b7ligencia-artificial-com-a-motor-de-canvi-en-sectors-estrategics-informe\/#breadcrumb\"},\"inLanguage\":\"cat\",\"potentialAction\":[{\"@type\":\"ReadAction\",\"target\":[\"https:\/\/autoritas.net\/ca\/els-avancos-en-agents-dintel%c2%b7ligencia-artificial-com-a-motor-de-canvi-en-sectors-estrategics-informe\/\"]}]},{\"@type\":\"ImageObject\",\"inLanguage\":\"cat\",\"@id\":\"https:\/\/autoritas.net\/ca\/els-avancos-en-agents-dintel%c2%b7ligencia-artificial-com-a-motor-de-canvi-en-sectors-estrategics-informe\/#primaryimage\",\"url\":\"https:\/\/autoritas.net\/wp-content\/uploads\/2024\/11\/agentes-ia.jpg\",\"contentUrl\":\"https:\/\/autoritas.net\/wp-content\/uploads\/2024\/11\/agentes-ia.jpg\"},{\"@type\":\"BreadcrumbList\",\"@id\":\"https:\/\/autoritas.net\/ca\/els-avancos-en-agents-dintel%c2%b7ligencia-artificial-com-a-motor-de-canvi-en-sectors-estrategics-informe\/#breadcrumb\",\"itemListElement\":[{\"@type\":\"ListItem\",\"position\":1,\"name\":\"Portada\",\"item\":\"https:\/\/autoritas.net\/ca\/\"},{\"@type\":\"ListItem\",\"position\":2,\"name\":\"Els aven\u00e7os en agents d&#8217;intel\u00b7lig\u00e8ncia artificial com a motor de canvi a sectors estrat\u00e8gics. [informe]\"}]},{\"@type\":\"WebSite\",\"@id\":\"https:\/\/autoritas.net\/ca\/#website\",\"url\":\"https:\/\/autoritas.net\/ca\/\",\"name\":\"Autoritas Consulting\",\"description\":\"Autoritas\",\"publisher\":{\"@id\":\"https:\/\/autoritas.net\/ca\/#organization\"},\"alternateName\":\"Autoritas\",\"potentialAction\":[{\"@type\":\"SearchAction\",\"target\":{\"@type\":\"EntryPoint\",\"urlTemplate\":\"https:\/\/autoritas.net\/ca\/?s={search_term_string}\"},\"query-input\":{\"@type\":\"PropertyValueSpecification\",\"valueRequired\":true,\"valueName\":\"search_term_string\"}}],\"inLanguage\":\"cat\"},{\"@type\":\"Organization\",\"@id\":\"https:\/\/autoritas.net\/ca\/#organization\",\"name\":\"Autoritas Consulting | Estrategia, Inteligencia y Acci\u00f3n para la Toma de Decisiones\",\"alternateName\":\"Autoritas\",\"url\":\"https:\/\/autoritas.net\/ca\/\",\"logo\":{\"@type\":\"ImageObject\",\"inLanguage\":\"cat\",\"@id\":\"https:\/\/autoritas.net\/ca\/#\/schema\/logo\/image\/\",\"url\":\"https:\/\/autoritas.net\/wp-content\/uploads\/2024\/04\/logo-AutoritasConsulting-V.webp\",\"contentUrl\":\"https:\/\/autoritas.net\/wp-content\/uploads\/2024\/04\/logo-AutoritasConsulting-V.webp\",\"width\":248,\"height\":46,\"caption\":\"Autoritas Consulting | Estrategia, Inteligencia y Acci\u00f3n para la Toma de Decisiones\"},\"image\":{\"@id\":\"https:\/\/autoritas.net\/ca\/#\/schema\/logo\/image\/\"},\"sameAs\":[\"https:\/\/www.facebook.com\/autoritas.consulting\/\",\"https:\/\/x.com\/autoritas\",\"https:\/\/es.linkedin.com\/company\/autoritas-consulting-s-a-\",\"https:\/\/www.instagram.com\/autoritas_consulting\/\"]}]}<\/script>\n<!-- \/ Yoast SEO plugin. -->","yoast_head_json":{"title":"Els aven\u00e7os en agents d'intel\u00b7lig\u00e8ncia artificial com a motor de canvi a sectors estrat\u00e8gics. [informe] - Autoritas Consulting","description":"Consultora en estrategia, comunicaci\u00f3n y digitalizaci\u00f3n para empresas y administraciones. Impulsa tu crecimiento con Autoritas Consulting.","robots":{"index":"index","follow":"follow","max-snippet":"max-snippet:-1","max-image-preview":"max-image-preview:large","max-video-preview":"max-video-preview:-1"},"canonical":"https:\/\/autoritas.net\/ca\/els-avancos-en-agents-dintel%c2%b7ligencia-artificial-com-a-motor-de-canvi-en-sectors-estrategics-informe\/","og_locale":"en_US","og_type":"article","og_title":"Els aven\u00e7os en agents d'intel\u00b7lig\u00e8ncia artificial com a motor de canvi a sectors estrat\u00e8gics. [informe] - Autoritas Consulting","og_description":"Consultora en estrategia, comunicaci\u00f3n y digitalizaci\u00f3n para empresas y administraciones. Impulsa tu crecimiento con Autoritas Consulting.","og_url":"https:\/\/autoritas.net\/ca\/els-avancos-en-agents-dintel%c2%b7ligencia-artificial-com-a-motor-de-canvi-en-sectors-estrategics-informe\/","og_site_name":"Autoritas Consulting","article_publisher":"https:\/\/www.facebook.com\/autoritas.consulting\/","article_modified_time":"2025-05-10T11:58:15+00:00","og_image":[{"width":1440,"height":873,"url":"https:\/\/autoritas.net\/wp-content\/uploads\/2024\/11\/agentes-ia.jpg","type":"image\/jpeg"}],"twitter_card":"summary_large_image","twitter_site":"@autoritas","twitter_misc":{"Est. reading time":"1 minute"},"schema":{"@context":"https:\/\/schema.org","@graph":[{"@type":"WebPage","@id":"https:\/\/autoritas.net\/ca\/els-avancos-en-agents-dintel%c2%b7ligencia-artificial-com-a-motor-de-canvi-en-sectors-estrategics-informe\/","url":"https:\/\/autoritas.net\/ca\/els-avancos-en-agents-dintel%c2%b7ligencia-artificial-com-a-motor-de-canvi-en-sectors-estrategics-informe\/","name":"Els aven\u00e7os en agents d'intel\u00b7lig\u00e8ncia artificial com a motor de canvi a sectors estrat\u00e8gics. [informe] - Autoritas Consulting","isPartOf":{"@id":"https:\/\/autoritas.net\/ca\/#website"},"primaryImageOfPage":{"@id":"https:\/\/autoritas.net\/ca\/els-avancos-en-agents-dintel%c2%b7ligencia-artificial-com-a-motor-de-canvi-en-sectors-estrategics-informe\/#primaryimage"},"image":{"@id":"https:\/\/autoritas.net\/ca\/els-avancos-en-agents-dintel%c2%b7ligencia-artificial-com-a-motor-de-canvi-en-sectors-estrategics-informe\/#primaryimage"},"thumbnailUrl":"https:\/\/autoritas.net\/wp-content\/uploads\/2024\/11\/agentes-ia.jpg","datePublished":"2024-11-21T11:30:26+00:00","dateModified":"2025-05-10T11:58:15+00:00","description":"Consultora en estrategia, comunicaci\u00f3n y digitalizaci\u00f3n para empresas y administraciones. Impulsa tu crecimiento con Autoritas Consulting.","breadcrumb":{"@id":"https:\/\/autoritas.net\/ca\/els-avancos-en-agents-dintel%c2%b7ligencia-artificial-com-a-motor-de-canvi-en-sectors-estrategics-informe\/#breadcrumb"},"inLanguage":"cat","potentialAction":[{"@type":"ReadAction","target":["https:\/\/autoritas.net\/ca\/els-avancos-en-agents-dintel%c2%b7ligencia-artificial-com-a-motor-de-canvi-en-sectors-estrategics-informe\/"]}]},{"@type":"ImageObject","inLanguage":"cat","@id":"https:\/\/autoritas.net\/ca\/els-avancos-en-agents-dintel%c2%b7ligencia-artificial-com-a-motor-de-canvi-en-sectors-estrategics-informe\/#primaryimage","url":"https:\/\/autoritas.net\/wp-content\/uploads\/2024\/11\/agentes-ia.jpg","contentUrl":"https:\/\/autoritas.net\/wp-content\/uploads\/2024\/11\/agentes-ia.jpg"},{"@type":"BreadcrumbList","@id":"https:\/\/autoritas.net\/ca\/els-avancos-en-agents-dintel%c2%b7ligencia-artificial-com-a-motor-de-canvi-en-sectors-estrategics-informe\/#breadcrumb","itemListElement":[{"@type":"ListItem","position":1,"name":"Portada","item":"https:\/\/autoritas.net\/ca\/"},{"@type":"ListItem","position":2,"name":"Els aven\u00e7os en agents d&#8217;intel\u00b7lig\u00e8ncia artificial com a motor de canvi a sectors estrat\u00e8gics. [informe]"}]},{"@type":"WebSite","@id":"https:\/\/autoritas.net\/ca\/#website","url":"https:\/\/autoritas.net\/ca\/","name":"Autoritas Consulting","description":"Autoritas","publisher":{"@id":"https:\/\/autoritas.net\/ca\/#organization"},"alternateName":"Autoritas","potentialAction":[{"@type":"SearchAction","target":{"@type":"EntryPoint","urlTemplate":"https:\/\/autoritas.net\/ca\/?s={search_term_string}"},"query-input":{"@type":"PropertyValueSpecification","valueRequired":true,"valueName":"search_term_string"}}],"inLanguage":"cat"},{"@type":"Organization","@id":"https:\/\/autoritas.net\/ca\/#organization","name":"Autoritas Consulting | Estrategia, Inteligencia y Acci\u00f3n para la Toma de Decisiones","alternateName":"Autoritas","url":"https:\/\/autoritas.net\/ca\/","logo":{"@type":"ImageObject","inLanguage":"cat","@id":"https:\/\/autoritas.net\/ca\/#\/schema\/logo\/image\/","url":"https:\/\/autoritas.net\/wp-content\/uploads\/2024\/04\/logo-AutoritasConsulting-V.webp","contentUrl":"https:\/\/autoritas.net\/wp-content\/uploads\/2024\/04\/logo-AutoritasConsulting-V.webp","width":248,"height":46,"caption":"Autoritas Consulting | Estrategia, Inteligencia y Acci\u00f3n para la Toma de Decisiones"},"image":{"@id":"https:\/\/autoritas.net\/ca\/#\/schema\/logo\/image\/"},"sameAs":["https:\/\/www.facebook.com\/autoritas.consulting\/","https:\/\/x.com\/autoritas","https:\/\/es.linkedin.com\/company\/autoritas-consulting-s-a-","https:\/\/www.instagram.com\/autoritas_consulting\/"]}]}},"_links":{"self":[{"href":"https:\/\/autoritas.net\/ca\/wp-json\/wp\/v2\/pages\/231333","targetHints":{"allow":["GET"]}}],"collection":[{"href":"https:\/\/autoritas.net\/ca\/wp-json\/wp\/v2\/pages"}],"about":[{"href":"https:\/\/autoritas.net\/ca\/wp-json\/wp\/v2\/types\/page"}],"author":[{"embeddable":true,"href":"https:\/\/autoritas.net\/ca\/wp-json\/wp\/v2\/users\/7"}],"replies":[{"embeddable":true,"href":"https:\/\/autoritas.net\/ca\/wp-json\/wp\/v2\/comments?post=231333"}],"version-history":[{"count":2,"href":"https:\/\/autoritas.net\/ca\/wp-json\/wp\/v2\/pages\/231333\/revisions"}],"predecessor-version":[{"id":232442,"href":"https:\/\/autoritas.net\/ca\/wp-json\/wp\/v2\/pages\/231333\/revisions\/232442"}],"wp:attachment":[{"href":"https:\/\/autoritas.net\/ca\/wp-json\/wp\/v2\/media?parent=231333"}],"curies":[{"name":"wp","href":"https:\/\/api.w.org\/{rel}","templated":true}]}}