{"id":231343,"date":"2024-07-09T15:20:50","date_gmt":"2024-07-09T13:20:50","guid":{"rendered":"https:\/\/autoritas.net\/pagines-del-footer\/politica-de-privacitat\/"},"modified":"2025-05-10T11:02:52","modified_gmt":"2025-05-10T09:02:52","slug":"politica-de-privacitat","status":"publish","type":"page","link":"https:\/\/autoritas.net\/ca\/footer\/politica-de-privacitat\/","title":{"rendered":"Pol\u00edtica de privacitat"},"content":{"rendered":"\t\t<div data-elementor-type=\"wp-page\" data-elementor-id=\"231343\" class=\"elementor elementor-231343 elementor-227897\" data-elementor-post-type=\"page\">\n\t\t\t\t<div class=\"elementor-element elementor-element-2331a9f e-flex e-con-boxed e-con e-parent\" data-id=\"2331a9f\" data-element_type=\"container\" data-e-type=\"container\">\n\t\t\t\t\t<div class=\"e-con-inner\">\n\t\t\t\t<div class=\"elementor-element elementor-element-018da7e elementor-widget elementor-widget-heading\" data-id=\"018da7e\" data-element_type=\"widget\" data-e-type=\"widget\" data-widget_type=\"heading.default\">\n\t\t\t\t<div class=\"elementor-widget-container\">\n\t\t\t\t\t<h2 class=\"elementor-heading-title elementor-size-default\">POL\u00cdTICA DE PRIVACITAT<\/h2>\t\t\t\t<\/div>\n\t\t\t\t<\/div>\n\t\t\t\t\t<\/div>\n\t\t\t\t<\/div>\n\t\t<div class=\"elementor-element elementor-element-1fcb4ba4 e-flex e-con-boxed e-con e-parent\" data-id=\"1fcb4ba4\" data-element_type=\"container\" data-e-type=\"container\">\n\t\t\t\t\t<div class=\"e-con-inner\">\n\t\t\t\t<div class=\"elementor-element elementor-element-4d93bf82 elementor-widget elementor-widget-text-editor\" data-id=\"4d93bf82\" data-element_type=\"widget\" data-e-type=\"widget\" data-widget_type=\"text-editor.default\">\n\t\t\t\t<div class=\"elementor-widget-container\">\n\t\t\t\t\t\t\t\t\t<h5 style=\"margin-top: 20px;\"><strong>1. QUI SOM<\/strong><\/h5><p>L&#8217;adre\u00e7a de la nostra web \u00e9s: <strong><a href=\"https:\/\/autoritas.net\/ca\/\">https:\/\/autoritas.net<\/a><\/strong>.<\/p><h5 style=\"margin-top: 20px;\"><strong>2. QUINES DADES PERSONALS RECOLLIM I PER QU\u00c8 ELS RECOLLIM<\/strong><\/h5><p><strong>Comentaris<\/strong><\/p><p>Quan els visitants deixen comentaris en la web, recopilem les dades que es mostren en el formulari de comentaris, aix\u00ed com l&#8217;adre\u00e7a IP del visitant i la cadena d&#8217;agents d&#8217;usuari del navegador per a ajudar en la detecci\u00f3 de spam.<\/p><p>Una cadena an\u00f2nima creada a partir de la teva adre\u00e7a de correu electr\u00f2nic (tamb\u00e9 dita <em>hash<\/em>) pot ser proporcionada al servei de Gravatar per a verificar si l&#8217;est\u00e0s utilitzant. La pol\u00edtica de privacitat del servei Gravatar est\u00e0 disponible en: <strong><a href=\"https:\/\/automattic.com\/privacy\/\">https:\/\/automattic.com\/privacy\/<\/a><\/strong>. Una vegada aprovat el teu comentari, la imatge del teu perfil ser\u00e0 visible p\u00fablicament en el context del teu comentari.<\/p><p><strong>Mitjans<\/strong><\/p><p>Si puges imatges a la web, evita incloure dades d&#8217;ubicaci\u00f3 (metadades GPS EXIF), ja que els visitants poden descarregar-les i extreure aquesta informaci\u00f3.<\/p><p><strong>Formularis de contacte<\/strong><\/p><p>Les dades proporcionades a trav\u00e9s del formulari de contacte s&#8217;utilitzen \u00fanicament per a automatitzar l&#8217;enviament de correus electr\u00f2nics i respondre a les sol\u00b7licituds rebudes. No s&#8217;emmagatzemen en bases de dades ni es conserva cap registre d&#8217;aquesta informaci\u00f3 una vegada resposta la sol\u00b7licitud.<\/p><p><strong>Cookies<\/strong><\/p><ul><li>Si deixes un comentari en el nostre lloc, pots optar per guardar el teu nom, adre\u00e7a de correu electr\u00f2nic i web en cookies. Aquestes tenen una durada d&#8217;un any i s\u00f3n per a la teva comoditat, evitant que hagis d&#8217;emplenar les teves dades novament.<\/li><li>Si tens un compte i et connectes al lloc, s&#8217;instal\u00b7lar\u00e0 una cookie temporal per a comprovar si el teu navegador accepta cookies. Aquesta cookie no cont\u00e9 dades personals i s&#8217;elimina en tancar el navegador.<\/li><li>Quan inicies sessi\u00f3, instal\u00b7lem cookies per a guardar la teva informaci\u00f3 d&#8217;inici de sessi\u00f3 i les teves opcions de visualitzaci\u00f3 de pantalla. Les cookies d&#8217;inici de sessi\u00f3 duren dos dies i les d&#8217;opcions de pantalla, un any. Si selecciones &#8220;Recordar-me&#8221;, la teva sessi\u00f3 romandr\u00e0 activa durant dues setmanes. En tancar sessi\u00f3, aquestes cookies s&#8217;eliminen.<\/li><li>Si edites o publiques un article, una cookie addicional es guardar\u00e0 en el teu navegador per a registrar l&#8217;ID de l&#8217;article que vas editar. Caduca despr\u00e9s d&#8217;un dia.<\/li><\/ul><p><strong>Contingut incrustat d&#8217;altres llocs web<\/strong><\/p><p>Els articles en aquest lloc poden incloure contingut incrustat (com a v\u00eddeos, imatges o articles). El contingut incrustat des d&#8217;altres webs es comporta igual que si el visitant hagu\u00e9s accedit directament a la web d&#8217;origen. Aquestes webs poden recopilar dades sobre tu, usar cookies, implementar seguiment de tercers i monitorar la teva interacci\u00f3 amb el contingut incrustat, especialment si tens un compte i est\u00e0s connectat a aquesta web.<\/p><p><strong>Anal\u00edtica<\/strong><\/p><p>Utilitzem Google Analytics i Matomo Analytics per a recopilar dades sobre les visites i la durada de l&#8217;estada en el nostre lloc web. Aix\u00f2 ens permet millorar l&#8217;experi\u00e8ncia de l&#8217;usuari i optimitzar el contingut.<\/p><h5 style=\"margin-top: 20px;\"><strong>3. AMB QUI COMPARTIM LES TEVES DADES<\/strong><\/h5><p>No compartim les teves dades personals amb tercers, excepte en els casos descrits en aquesta pol\u00edtica de privacitat o quan sigui necessari per a complir amb obligacions legals.<\/p><h5 style=\"margin-top: 20px;\"><strong>4. QUANT TEMPS CONSERVEM LES TEVES DADES<\/strong><\/h5><ul><li>Si deixes un comentari, aquest i les seves metadades es conserven indefinidament per a permetre l&#8217;aprovaci\u00f3 autom\u00e0tica de comentaris futurs, en lloc de retenir-los en una cua de moderaci\u00f3.<\/li><li>Per als usuaris registrats (si n&#8217;hi ha), emmagatzemem la informaci\u00f3 personal que proporcionen en el seu perfil. Els usuaris poden veure, editar o eliminar la seva informaci\u00f3 personal en qualsevol moment (excepte el nom d&#8217;usuari). Els administradors de la web tamb\u00e9 tenen acc\u00e9s a aquesta informaci\u00f3.<\/li><\/ul><h5 style=\"margin-top: 20px;\"><strong>5. QUINS DRETS TENS SOBRE LES TEVES DADES<\/strong><\/h5><p>Si tens un compte o has deixat comentaris en aquesta web, pots sol\u00b7licitar un arxiu d&#8217;exportaci\u00f3 de les dades personals que tenim sobre tu, incloent-hi qualsevol dada que ens hagis proporcionat. Tamb\u00e9 pots sol\u00b7licitar l&#8217;eliminaci\u00f3 de les teves dades personals, excepte aquells que h\u00e0gim de conservar per raons administratives, legals o de seguretat.<\/p><h5 style=\"margin-top: 20px;\"><strong>6. ON ENVIEM LES TEVES DADES<\/strong><\/h5><p>Els comentaris dels visitants poden ser revisats per un servei de detecci\u00f3 autom\u00e0tica de spam.<\/p><h5 style=\"margin-top: 20px;\"><strong>7. LA TEVA INFORMACI\u00d3 DE CONTACTE<\/strong><\/h5><p>Si necessites m\u00e9s informaci\u00f3, pots contactar-nos en: <strong><a href=\"mailto:autoritas@autoritas.es\" target=\"_blank\" rel=\"noopener\">autoritas@autoritas.es<\/a><\/strong> o completar el nostre <strong><a href=\"https:\/\/autoritas.net\/ca\/contacte\/\" target=\"_blank\" rel=\"noopener\">formulari de contacte<\/a><\/strong>.<\/p><h5 style=\"margin-top: 20px;\"><strong>8. INFORMACI\u00d3 ADDICIONAL<\/strong><\/h5><p><strong>Com protegim les teves dades<\/strong><\/p><p>Implementem mesures de seguretat t\u00e8cniques i organitzatives, com a xifratge, tallafocs i controls d&#8217;acc\u00e9s f\u00edsic i administratiu, per a protegir les teves dades personals enfront de p\u00e8rdua, mal \u00fas, acc\u00e9s no autoritzat, divulgaci\u00f3, alteraci\u00f3 o destrucci\u00f3.<\/p><p><strong>Quins procediments utilitzem contra les bretxes de dades<\/strong><\/p><p>En cas d&#8217;una bretxa de dades, seguim procediments establerts per a identificar, contenir i remeiar la situaci\u00f3. Aix\u00f2 inclou notificar als usuaris afectats i a les autoritats corresponents segons ho exigeixin les lleis aplicables.<\/p><p><strong>De qu\u00e8 tercers rebem dades<\/strong><\/p><p>No rebem dades personals de tercers, tret que s&#8217;indiqui expl\u00edcitament en aquesta pol\u00edtica de privacitat.<\/p><p><strong>Presa de decisions automatitzada i perfilat<\/strong><\/p><p>No realitzem presa de decisions automatitzada ni perfilat amb les teves dades personals sense el teu consentiment expl\u00edcit. Si implementem aquestes pr\u00e0ctiques en el futur, ser\u00e0s informat i se sol\u00b7licitar\u00e0 el teu consentiment previ.<\/p><p><strong>Requeriments reguladors de divulgaci\u00f3<\/strong><\/p><p>Complim amb totes les lleis i normatives aplicables en mat\u00e8ria de privacitat i protecci\u00f3 de dades, inclosa l&#8217;obligaci\u00f3 de divulgaci\u00f3 en casos requerits per autoritats competents.<\/p>\t\t\t\t\t\t\t\t<\/div>\n\t\t\t\t<\/div>\n\t\t\t\t\t<\/div>\n\t\t\t\t<\/div>\n\t\t\t\t<\/div>\n\t\t","protected":false},"excerpt":{"rendered":"<p>POL\u00cdTICA DE PRIVACITAT 1. QUI SOM L&#8217;adre\u00e7a de la nostra web \u00e9s: https:\/\/autoritas.net. 2. QUINES DADES PERSONALS RECOLLIM I PER QU\u00c8 ELS RECOLLIM Comentaris Quan els visitants deixen comentaris en la web, recopilem les dades que es mostren en el formulari de comentaris, aix\u00ed com l&#8217;adre\u00e7a IP del visitant i la cadena d&#8217;agents d&#8217;usuari del [&hellip;]<\/p>\n","protected":false},"author":3,"featured_media":0,"parent":231340,"menu_order":0,"comment_status":"closed","ping_status":"closed","template":"","meta":{"footnotes":""},"class_list":["post-231343","page","type-page","status-publish","hentry"],"yoast_head":"<!-- This site is optimized with the Yoast SEO plugin v27.0 - https:\/\/yoast.com\/product\/yoast-seo-wordpress\/ -->\n<title>Pol\u00edtica de privacitat<\/title>\n<meta name=\"description\" content=\"Consultora en estrategia, comunicaci\u00f3n y digitalizaci\u00f3n para empresas y administraciones. Impulsa tu crecimiento con Autoritas Consulting.\" \/>\n<meta name=\"robots\" content=\"index, follow, max-snippet:-1, max-image-preview:large, max-video-preview:-1\" \/>\n<link rel=\"canonical\" href=\"https:\/\/autoritas.net\/ca\/footer\/politica-de-privacitat\/\" \/>\n<meta property=\"og:locale\" content=\"en_US\" \/>\n<meta property=\"og:type\" content=\"article\" \/>\n<meta property=\"og:title\" content=\"Pol\u00edtica de privacitat\" \/>\n<meta property=\"og:description\" content=\"Consultora en estrategia, comunicaci\u00f3n y digitalizaci\u00f3n para empresas y administraciones. Impulsa tu crecimiento con Autoritas Consulting.\" \/>\n<meta property=\"og:url\" content=\"https:\/\/autoritas.net\/ca\/footer\/politica-de-privacitat\/\" \/>\n<meta property=\"og:site_name\" content=\"Autoritas Consulting\" \/>\n<meta property=\"article:publisher\" content=\"https:\/\/www.facebook.com\/autoritas.consulting\/\" \/>\n<meta property=\"article:modified_time\" content=\"2025-05-10T09:02:52+00:00\" \/>\n<meta property=\"og:image\" content=\"https:\/\/autoritas.net\/wp-content\/uploads\/2024\/04\/cropped-favicon-autoritas-web.png\" \/>\n\t<meta property=\"og:image:width\" content=\"512\" \/>\n\t<meta property=\"og:image:height\" content=\"512\" \/>\n\t<meta property=\"og:image:type\" content=\"image\/png\" \/>\n<meta name=\"twitter:card\" content=\"summary_large_image\" \/>\n<meta name=\"twitter:site\" content=\"@autoritas\" \/>\n<meta name=\"twitter:label1\" content=\"Est. reading time\" \/>\n\t<meta name=\"twitter:data1\" content=\"5 minutes\" \/>\n<script type=\"application\/ld+json\" class=\"yoast-schema-graph\">{\"@context\":\"https:\/\/schema.org\",\"@graph\":[{\"@type\":\"WebPage\",\"@id\":\"https:\/\/autoritas.net\/ca\/footer\/politica-de-privacitat\/\",\"url\":\"https:\/\/autoritas.net\/ca\/footer\/politica-de-privacitat\/\",\"name\":\"Pol\u00edtica de privacitat\",\"isPartOf\":{\"@id\":\"https:\/\/autoritas.net\/ca\/#website\"},\"datePublished\":\"2024-07-09T13:20:50+00:00\",\"dateModified\":\"2025-05-10T09:02:52+00:00\",\"description\":\"Consultora en estrategia, comunicaci\u00f3n y digitalizaci\u00f3n para empresas y administraciones. Impulsa tu crecimiento con Autoritas Consulting.\",\"breadcrumb\":{\"@id\":\"https:\/\/autoritas.net\/ca\/footer\/politica-de-privacitat\/#breadcrumb\"},\"inLanguage\":\"cat\",\"potentialAction\":[{\"@type\":\"ReadAction\",\"target\":[\"https:\/\/autoritas.net\/ca\/footer\/politica-de-privacitat\/\"]}]},{\"@type\":\"BreadcrumbList\",\"@id\":\"https:\/\/autoritas.net\/ca\/footer\/politica-de-privacitat\/#breadcrumb\",\"itemListElement\":[{\"@type\":\"ListItem\",\"position\":1,\"name\":\"Portada\",\"item\":\"https:\/\/autoritas.net\/ca\/\"},{\"@type\":\"ListItem\",\"position\":2,\"name\":\"Footer\",\"item\":\"https:\/\/autoritas.net\/ca\/footer\/\"},{\"@type\":\"ListItem\",\"position\":3,\"name\":\"Pol\u00edtica de privacitat\"}]},{\"@type\":\"WebSite\",\"@id\":\"https:\/\/autoritas.net\/ca\/#website\",\"url\":\"https:\/\/autoritas.net\/ca\/\",\"name\":\"Autoritas Consulting\",\"description\":\"Autoritas\",\"publisher\":{\"@id\":\"https:\/\/autoritas.net\/ca\/#organization\"},\"alternateName\":\"Autoritas\",\"potentialAction\":[{\"@type\":\"SearchAction\",\"target\":{\"@type\":\"EntryPoint\",\"urlTemplate\":\"https:\/\/autoritas.net\/ca\/?s={search_term_string}\"},\"query-input\":{\"@type\":\"PropertyValueSpecification\",\"valueRequired\":true,\"valueName\":\"search_term_string\"}}],\"inLanguage\":\"cat\"},{\"@type\":\"Organization\",\"@id\":\"https:\/\/autoritas.net\/ca\/#organization\",\"name\":\"Autoritas Consulting | Estrategia, Inteligencia y Acci\u00f3n para la Toma de Decisiones\",\"alternateName\":\"Autoritas\",\"url\":\"https:\/\/autoritas.net\/ca\/\",\"logo\":{\"@type\":\"ImageObject\",\"inLanguage\":\"cat\",\"@id\":\"https:\/\/autoritas.net\/ca\/#\/schema\/logo\/image\/\",\"url\":\"https:\/\/autoritas.net\/wp-content\/uploads\/2024\/04\/logo-AutoritasConsulting-V.webp\",\"contentUrl\":\"https:\/\/autoritas.net\/wp-content\/uploads\/2024\/04\/logo-AutoritasConsulting-V.webp\",\"width\":248,\"height\":46,\"caption\":\"Autoritas Consulting | Estrategia, Inteligencia y Acci\u00f3n para la Toma de Decisiones\"},\"image\":{\"@id\":\"https:\/\/autoritas.net\/ca\/#\/schema\/logo\/image\/\"},\"sameAs\":[\"https:\/\/www.facebook.com\/autoritas.consulting\/\",\"https:\/\/x.com\/autoritas\",\"https:\/\/es.linkedin.com\/company\/autoritas-consulting-s-a-\",\"https:\/\/www.instagram.com\/autoritas_consulting\/\"]}]}<\/script>\n<!-- \/ Yoast SEO plugin. -->","yoast_head_json":{"title":"Pol\u00edtica de privacitat","description":"Consultora en estrategia, comunicaci\u00f3n y digitalizaci\u00f3n para empresas y administraciones. Impulsa tu crecimiento con Autoritas Consulting.","robots":{"index":"index","follow":"follow","max-snippet":"max-snippet:-1","max-image-preview":"max-image-preview:large","max-video-preview":"max-video-preview:-1"},"canonical":"https:\/\/autoritas.net\/ca\/footer\/politica-de-privacitat\/","og_locale":"en_US","og_type":"article","og_title":"Pol\u00edtica de privacitat","og_description":"Consultora en estrategia, comunicaci\u00f3n y digitalizaci\u00f3n para empresas y administraciones. Impulsa tu crecimiento con Autoritas Consulting.","og_url":"https:\/\/autoritas.net\/ca\/footer\/politica-de-privacitat\/","og_site_name":"Autoritas Consulting","article_publisher":"https:\/\/www.facebook.com\/autoritas.consulting\/","article_modified_time":"2025-05-10T09:02:52+00:00","og_image":[{"width":512,"height":512,"url":"https:\/\/autoritas.net\/wp-content\/uploads\/2024\/04\/cropped-favicon-autoritas-web.png","type":"image\/png"}],"twitter_card":"summary_large_image","twitter_site":"@autoritas","twitter_misc":{"Est. reading time":"5 minutes"},"schema":{"@context":"https:\/\/schema.org","@graph":[{"@type":"WebPage","@id":"https:\/\/autoritas.net\/ca\/footer\/politica-de-privacitat\/","url":"https:\/\/autoritas.net\/ca\/footer\/politica-de-privacitat\/","name":"Pol\u00edtica de privacitat","isPartOf":{"@id":"https:\/\/autoritas.net\/ca\/#website"},"datePublished":"2024-07-09T13:20:50+00:00","dateModified":"2025-05-10T09:02:52+00:00","description":"Consultora en estrategia, comunicaci\u00f3n y digitalizaci\u00f3n para empresas y administraciones. Impulsa tu crecimiento con Autoritas Consulting.","breadcrumb":{"@id":"https:\/\/autoritas.net\/ca\/footer\/politica-de-privacitat\/#breadcrumb"},"inLanguage":"cat","potentialAction":[{"@type":"ReadAction","target":["https:\/\/autoritas.net\/ca\/footer\/politica-de-privacitat\/"]}]},{"@type":"BreadcrumbList","@id":"https:\/\/autoritas.net\/ca\/footer\/politica-de-privacitat\/#breadcrumb","itemListElement":[{"@type":"ListItem","position":1,"name":"Portada","item":"https:\/\/autoritas.net\/ca\/"},{"@type":"ListItem","position":2,"name":"Footer","item":"https:\/\/autoritas.net\/ca\/footer\/"},{"@type":"ListItem","position":3,"name":"Pol\u00edtica de privacitat"}]},{"@type":"WebSite","@id":"https:\/\/autoritas.net\/ca\/#website","url":"https:\/\/autoritas.net\/ca\/","name":"Autoritas Consulting","description":"Autoritas","publisher":{"@id":"https:\/\/autoritas.net\/ca\/#organization"},"alternateName":"Autoritas","potentialAction":[{"@type":"SearchAction","target":{"@type":"EntryPoint","urlTemplate":"https:\/\/autoritas.net\/ca\/?s={search_term_string}"},"query-input":{"@type":"PropertyValueSpecification","valueRequired":true,"valueName":"search_term_string"}}],"inLanguage":"cat"},{"@type":"Organization","@id":"https:\/\/autoritas.net\/ca\/#organization","name":"Autoritas Consulting | Estrategia, Inteligencia y Acci\u00f3n para la Toma de Decisiones","alternateName":"Autoritas","url":"https:\/\/autoritas.net\/ca\/","logo":{"@type":"ImageObject","inLanguage":"cat","@id":"https:\/\/autoritas.net\/ca\/#\/schema\/logo\/image\/","url":"https:\/\/autoritas.net\/wp-content\/uploads\/2024\/04\/logo-AutoritasConsulting-V.webp","contentUrl":"https:\/\/autoritas.net\/wp-content\/uploads\/2024\/04\/logo-AutoritasConsulting-V.webp","width":248,"height":46,"caption":"Autoritas Consulting | Estrategia, Inteligencia y Acci\u00f3n para la Toma de Decisiones"},"image":{"@id":"https:\/\/autoritas.net\/ca\/#\/schema\/logo\/image\/"},"sameAs":["https:\/\/www.facebook.com\/autoritas.consulting\/","https:\/\/x.com\/autoritas","https:\/\/es.linkedin.com\/company\/autoritas-consulting-s-a-","https:\/\/www.instagram.com\/autoritas_consulting\/"]}]}},"_links":{"self":[{"href":"https:\/\/autoritas.net\/ca\/wp-json\/wp\/v2\/pages\/231343","targetHints":{"allow":["GET"]}}],"collection":[{"href":"https:\/\/autoritas.net\/ca\/wp-json\/wp\/v2\/pages"}],"about":[{"href":"https:\/\/autoritas.net\/ca\/wp-json\/wp\/v2\/types\/page"}],"author":[{"embeddable":true,"href":"https:\/\/autoritas.net\/ca\/wp-json\/wp\/v2\/users\/3"}],"replies":[{"embeddable":true,"href":"https:\/\/autoritas.net\/ca\/wp-json\/wp\/v2\/comments?post=231343"}],"version-history":[{"count":7,"href":"https:\/\/autoritas.net\/ca\/wp-json\/wp\/v2\/pages\/231343\/revisions"}],"predecessor-version":[{"id":232316,"href":"https:\/\/autoritas.net\/ca\/wp-json\/wp\/v2\/pages\/231343\/revisions\/232316"}],"up":[{"embeddable":true,"href":"https:\/\/autoritas.net\/ca\/wp-json\/wp\/v2\/pages\/231340"}],"wp:attachment":[{"href":"https:\/\/autoritas.net\/ca\/wp-json\/wp\/v2\/media?parent=231343"}],"curies":[{"name":"wp","href":"https:\/\/api.w.org\/{rel}","templated":true}]}}