{"id":231350,"date":"2024-12-24T13:25:56","date_gmt":"2024-12-24T12:25:56","guid":{"rendered":"https:\/\/autoritas.net\/serveis\/"},"modified":"2025-02-17T18:03:54","modified_gmt":"2025-02-17T17:03:54","slug":"serveis","status":"publish","type":"page","link":"https:\/\/autoritas.net\/ca\/serveis\/","title":{"rendered":"Serveis"},"content":{"rendered":"\t\t<div data-elementor-type=\"wp-page\" data-elementor-id=\"231350\" class=\"elementor elementor-231350 elementor-230132\" data-elementor-post-type=\"page\">\n\t\t\t\t<div class=\"elementor-element elementor-element-61e7704 e-flex e-con-boxed e-con e-parent\" data-id=\"61e7704\" data-element_type=\"container\" data-e-type=\"container\">\n\t\t\t\t\t<div class=\"e-con-inner\">\n\t\t<div class=\"elementor-element elementor-element-ac65e12 e-con-full e-flex e-con e-child\" data-id=\"ac65e12\" data-element_type=\"container\" data-e-type=\"container\" data-settings=\"{&quot;background_background&quot;:&quot;classic&quot;}\">\n\t\t\t\t<div class=\"elementor-element elementor-element-c87a3e1 elementor-widget elementor-widget-heading\" data-id=\"c87a3e1\" data-element_type=\"widget\" data-e-type=\"widget\" data-widget_type=\"heading.default\">\n\t\t\t\t<div class=\"elementor-widget-container\">\n\t\t\t\t\t<h1 class=\"elementor-heading-title elementor-size-default\">SERVEIS<\/h1>\t\t\t\t<\/div>\n\t\t\t\t<\/div>\n\t\t\t\t<\/div>\n\t\t<div class=\"elementor-element elementor-element-326529d e-con-full e-flex e-con e-child\" data-id=\"326529d\" data-element_type=\"container\" data-e-type=\"container\">\n\t\t\t\t<div class=\"elementor-element elementor-element-9ea62c8 elementor-widget__width-initial elementor-widget elementor-widget-heading\" data-id=\"9ea62c8\" data-element_type=\"widget\" data-e-type=\"widget\" data-widget_type=\"heading.default\">\n\t\t\t\t<div class=\"elementor-widget-container\">\n\t\t\t\t\t<h2 class=\"elementor-heading-title elementor-size-default\">TRANSFORMANT EL FUTUR DIGITAL DEL TEU NEGOCI<\/h2>\t\t\t\t<\/div>\n\t\t\t\t<\/div>\n\t\t\t\t<div class=\"elementor-element elementor-element-4809a1c elementor-widget__width-initial elementor-widget elementor-widget-text-editor\" data-id=\"4809a1c\" data-element_type=\"widget\" data-e-type=\"widget\" data-widget_type=\"text-editor.default\">\n\t\t\t\t<div class=\"elementor-widget-container\">\n\t\t\t\t\t\t\t\t\t<p>En Autoritas Consulting, entenem que el m\u00f3n digital est\u00e0 en constant evoluci\u00f3. Per aix\u00f2, oferim serveis estrat\u00e8gics dissenyats per a posicionar a la teva organitzaci\u00f3 a l&#8217;avantguarda de la transformaci\u00f3 digital. Descobreix com podem ajudar-te.  <\/p>\n\t\t\t\t\t\t\t\t<\/div>\n\t\t\t\t<\/div>\n\t\t<div class=\"elementor-element elementor-element-28b8de5 e-con-full e-flex e-con e-child\" data-id=\"28b8de5\" data-element_type=\"container\" data-e-type=\"container\">\n\t\t<div class=\"elementor-element elementor-element-09586f2 e-con-full e-flex e-con e-child\" data-id=\"09586f2\" data-element_type=\"container\" data-e-type=\"container\">\n\t\t\t\t<div class=\"elementor-element elementor-element-3e5a7ce elementor-widget elementor-widget-heading\" data-id=\"3e5a7ce\" data-element_type=\"widget\" data-e-type=\"widget\" data-widget_type=\"heading.default\">\n\t\t\t\t<div class=\"elementor-widget-container\">\n\t\t\t\t\t<h4 class=\"elementor-heading-title elementor-size-default\">ESTRAT\u00c8GIA I CONSULTORIA<\/h4>\t\t\t\t<\/div>\n\t\t\t\t<\/div>\n\t\t\t\t<div class=\"elementor-element elementor-element-48c7ac8 elementor-widget elementor-widget-text-editor\" data-id=\"48c7ac8\" data-element_type=\"widget\" data-e-type=\"widget\" data-widget_type=\"text-editor.default\">\n\t\t\t\t<div class=\"elementor-widget-container\">\n\t\t\t\t\t\t\t\t\t<p>En Autoritas Consulting, entenem que cada pas cap a la transformaci\u00f3 digital ha d&#8217;estar recolzat per una estrat\u00e8gia s\u00f2lida i una consultoria experta. El nostre servei d&#8217;Estrat\u00e8gia i Consultoria est\u00e0 dissenyat per a alinear els teus objectius de negoci amb estrat\u00e8gies digitals innovadores, impulsant el creixement i la transformaci\u00f3 de la teva organitzaci\u00f3. <\/p>\n\t\t\t\t\t\t\t\t<\/div>\n\t\t\t\t<\/div>\n\t\t\t\t<div class=\"elementor-element elementor-element-b463f80 elementor-widget elementor-widget-button\" data-id=\"b463f80\" data-element_type=\"widget\" data-e-type=\"widget\" data-widget_type=\"button.default\">\n\t\t\t\t<div class=\"elementor-widget-container\">\n\t\t\t\t\t\t\t\t\t<div class=\"elementor-button-wrapper\">\n\t\t\t\t\t<a class=\"elementor-button elementor-button-link elementor-size-sm\" href=\"https:\/\/autoritas.net\/ca\/estrategia-i-consultoria\/\">\n\t\t\t\t\t\t<span class=\"elementor-button-content-wrapper\">\n\t\t\t\t\t\t\t\t\t<span class=\"elementor-button-text\">Saber m\u00e9s<\/span>\n\t\t\t\t\t<\/span>\n\t\t\t\t\t<\/a>\n\t\t\t\t<\/div>\n\t\t\t\t\t\t\t\t<\/div>\n\t\t\t\t<\/div>\n\t\t\t\t<\/div>\n\t\t<div class=\"elementor-element elementor-element-4943de7 e-con-full elementor-hidden-mobile e-flex e-con e-child\" data-id=\"4943de7\" data-element_type=\"container\" data-e-type=\"container\" data-settings=\"{&quot;background_background&quot;:&quot;classic&quot;}\">\n\t\t\t\t<\/div>\n\t\t\t\t<\/div>\n\t\t<div class=\"elementor-element elementor-element-1535fdf e-con-full e-flex e-con e-child\" data-id=\"1535fdf\" data-element_type=\"container\" data-e-type=\"container\">\n\t\t<div class=\"elementor-element elementor-element-f972f18 e-con-full elementor-hidden-mobile e-flex e-con e-child\" data-id=\"f972f18\" data-element_type=\"container\" data-e-type=\"container\" data-settings=\"{&quot;background_background&quot;:&quot;classic&quot;}\">\n\t\t\t\t<\/div>\n\t\t<div class=\"elementor-element elementor-element-ef4d631 e-con-full e-flex e-con e-child\" data-id=\"ef4d631\" data-element_type=\"container\" data-e-type=\"container\">\n\t\t\t\t<div class=\"elementor-element elementor-element-34a85d9 elementor-widget elementor-widget-heading\" data-id=\"34a85d9\" data-element_type=\"widget\" data-e-type=\"widget\" data-widget_type=\"heading.default\">\n\t\t\t\t<div class=\"elementor-widget-container\">\n\t\t\t\t\t<h4 class=\"elementor-heading-title elementor-size-default\">Anal\u00edtica i intel\u00b7lig\u00e8ncia<\/h4>\t\t\t\t<\/div>\n\t\t\t\t<\/div>\n\t\t\t\t<div class=\"elementor-element elementor-element-cd830e2 elementor-widget elementor-widget-text-editor\" data-id=\"cd830e2\" data-element_type=\"widget\" data-e-type=\"widget\" data-widget_type=\"text-editor.default\">\n\t\t\t\t<div class=\"elementor-widget-container\">\n\t\t\t\t\t\t\t\t\t<p>Creiem que les dades s\u00f3n l&#8217;actiu m\u00e9s valu\u00f3s de qualsevol organitzaci\u00f3. El nostre servei d&#8217;anal\u00edtica i intel\u00b7lig\u00e8ncia est\u00e0 dissenyat per a convertir la vasta mar de dades en insights clars i estrat\u00e8gics, permetent-te prendre decisions informades i proactives en un m\u00f3n digital en constant evoluci\u00f3.<\/p>\n\t\t\t\t\t\t\t\t<\/div>\n\t\t\t\t<\/div>\n\t\t\t\t<div class=\"elementor-element elementor-element-f136281 elementor-widget elementor-widget-button\" data-id=\"f136281\" data-element_type=\"widget\" data-e-type=\"widget\" data-widget_type=\"button.default\">\n\t\t\t\t<div class=\"elementor-widget-container\">\n\t\t\t\t\t\t\t\t\t<div class=\"elementor-button-wrapper\">\n\t\t\t\t\t<a class=\"elementor-button elementor-button-link elementor-size-sm\" href=\"https:\/\/autoritas.net\/ca\/analitica-i-intelligencia\/\">\n\t\t\t\t\t\t<span class=\"elementor-button-content-wrapper\">\n\t\t\t\t\t\t\t\t\t<span class=\"elementor-button-text\">Saber m\u00e9s<\/span>\n\t\t\t\t\t<\/span>\n\t\t\t\t\t<\/a>\n\t\t\t\t<\/div>\n\t\t\t\t\t\t\t\t<\/div>\n\t\t\t\t<\/div>\n\t\t\t\t<\/div>\n\t\t\t\t<\/div>\n\t\t<div class=\"elementor-element elementor-element-739714f e-con-full e-flex e-con e-child\" data-id=\"739714f\" data-element_type=\"container\" data-e-type=\"container\">\n\t\t<div class=\"elementor-element elementor-element-efe3164 e-con-full e-flex e-con e-child\" data-id=\"efe3164\" data-element_type=\"container\" data-e-type=\"container\">\n\t\t\t\t<div class=\"elementor-element elementor-element-676fb7f elementor-widget elementor-widget-heading\" data-id=\"676fb7f\" data-element_type=\"widget\" data-e-type=\"widget\" data-widget_type=\"heading.default\">\n\t\t\t\t<div class=\"elementor-widget-container\">\n\t\t\t\t\t<h4 class=\"elementor-heading-title elementor-size-default\">Gesti\u00f3 d'identitat i comunicaci\u00f3 digital<\/h4>\t\t\t\t<\/div>\n\t\t\t\t<\/div>\n\t\t\t\t<div class=\"elementor-element elementor-element-a7648c5 elementor-widget elementor-widget-text-editor\" data-id=\"a7648c5\" data-element_type=\"widget\" data-e-type=\"widget\" data-widget_type=\"text-editor.default\">\n\t\t\t\t<div class=\"elementor-widget-container\">\n\t\t\t\t\t\t\t\t\t<p>Entenem que la identitat de la teva marca \u00e9s el cor de la teva pres\u00e8ncia digital. El nostre servei de gesti\u00f3 d&#8217;Identitat i comunicaci\u00f3 digital est\u00e0 dissenyat per a elevar la teva marca i destacar-la en un mercat digital cada vegada m\u00e9s competitiu. <\/p>\n\t\t\t\t\t\t\t\t<\/div>\n\t\t\t\t<\/div>\n\t\t\t\t<div class=\"elementor-element elementor-element-0a9cb99 elementor-widget elementor-widget-button\" data-id=\"0a9cb99\" data-element_type=\"widget\" data-e-type=\"widget\" data-widget_type=\"button.default\">\n\t\t\t\t<div class=\"elementor-widget-container\">\n\t\t\t\t\t\t\t\t\t<div class=\"elementor-button-wrapper\">\n\t\t\t\t\t<a class=\"elementor-button elementor-button-link elementor-size-sm\" href=\"https:\/\/autoritas.net\/ca\/gestio-dindentitat-i-comunicacio-digital\/\">\n\t\t\t\t\t\t<span class=\"elementor-button-content-wrapper\">\n\t\t\t\t\t\t\t\t\t<span class=\"elementor-button-text\">Saber m\u00e9s<\/span>\n\t\t\t\t\t<\/span>\n\t\t\t\t\t<\/a>\n\t\t\t\t<\/div>\n\t\t\t\t\t\t\t\t<\/div>\n\t\t\t\t<\/div>\n\t\t\t\t<\/div>\n\t\t<div class=\"elementor-element elementor-element-c0998e5 e-con-full elementor-hidden-mobile e-flex e-con e-child\" data-id=\"c0998e5\" data-element_type=\"container\" data-e-type=\"container\" data-settings=\"{&quot;background_background&quot;:&quot;classic&quot;}\">\n\t\t\t\t<\/div>\n\t\t\t\t<\/div>\n\t\t<div class=\"elementor-element elementor-element-d510d05 e-con-full e-flex e-con e-child\" data-id=\"d510d05\" data-element_type=\"container\" data-e-type=\"container\">\n\t\t<div class=\"elementor-element elementor-element-254e1f0 e-con-full elementor-hidden-mobile e-flex e-con e-child\" data-id=\"254e1f0\" data-element_type=\"container\" data-e-type=\"container\" data-settings=\"{&quot;background_background&quot;:&quot;classic&quot;}\">\n\t\t\t\t<\/div>\n\t\t<div class=\"elementor-element elementor-element-be85569 e-con-full e-flex e-con e-child\" data-id=\"be85569\" data-element_type=\"container\" data-e-type=\"container\">\n\t\t\t\t<div class=\"elementor-element elementor-element-8cafc22 elementor-widget elementor-widget-heading\" data-id=\"8cafc22\" data-element_type=\"widget\" data-e-type=\"widget\" data-widget_type=\"heading.default\">\n\t\t\t\t<div class=\"elementor-widget-container\">\n\t\t\t\t\t<h4 class=\"elementor-heading-title elementor-size-default\">Innovaci\u00f3 i desenvolupament tecnol\u00f2gic<\/h4>\t\t\t\t<\/div>\n\t\t\t\t<\/div>\n\t\t\t\t<div class=\"elementor-element elementor-element-be43b31 elementor-widget elementor-widget-text-editor\" data-id=\"be43b31\" data-element_type=\"widget\" data-e-type=\"widget\" data-widget_type=\"text-editor.default\">\n\t\t\t\t<div class=\"elementor-widget-container\">\n\t\t\t\t\t\t\t\t\t<p>La innovaci\u00f3 i la tecnologia s\u00f3n la base del creixement i l&#8217;efici\u00e8ncia en el m\u00f3n digital d&#8217;avui dia. El nostre servei d&#8217;innovaci\u00f3 i desenvolupament tecnol\u00f2gic est\u00e0 dissenyat per a portar el teu negoci al seg\u00fcent nivell mitjan\u00e7ant solucions personalitzades i disruptives. <\/p>\n\t\t\t\t\t\t\t\t<\/div>\n\t\t\t\t<\/div>\n\t\t\t\t<div class=\"elementor-element elementor-element-b38d7d0 elementor-widget elementor-widget-button\" data-id=\"b38d7d0\" data-element_type=\"widget\" data-e-type=\"widget\" data-widget_type=\"button.default\">\n\t\t\t\t<div class=\"elementor-widget-container\">\n\t\t\t\t\t\t\t\t\t<div class=\"elementor-button-wrapper\">\n\t\t\t\t\t<a class=\"elementor-button elementor-button-link elementor-size-sm\" href=\"https:\/\/autoritas.net\/ca\/innovacio-i-desenvolupament-tecnologic\/\">\n\t\t\t\t\t\t<span class=\"elementor-button-content-wrapper\">\n\t\t\t\t\t\t\t\t\t<span class=\"elementor-button-text\">Saber m\u00e9s<\/span>\n\t\t\t\t\t<\/span>\n\t\t\t\t\t<\/a>\n\t\t\t\t<\/div>\n\t\t\t\t\t\t\t\t<\/div>\n\t\t\t\t<\/div>\n\t\t\t\t<\/div>\n\t\t\t\t<\/div>\n\t\t\t\t<\/div>\n\t\t\t\t\t<\/div>\n\t\t\t\t<\/div>\n\t\t\t\t<\/div>\n\t\t","protected":false},"excerpt":{"rendered":"<p>SERVEIS TRANSFORMANT EL FUTUR DIGITAL DEL TEU NEGOCI En Autoritas Consulting, entenem que el m\u00f3n digital est\u00e0 en constant evoluci\u00f3. Per aix\u00f2, oferim serveis estrat\u00e8gics dissenyats per a posicionar a la teva organitzaci\u00f3 a l&#8217;avantguarda de la transformaci\u00f3 digital. Descobreix com podem ajudar-te. ESTRAT\u00c8GIA I CONSULTORIA En Autoritas Consulting, entenem que cada pas cap a [&hellip;]<\/p>\n","protected":false},"author":8,"featured_media":0,"parent":0,"menu_order":0,"comment_status":"closed","ping_status":"closed","template":"","meta":{"footnotes":""},"class_list":["post-231350","page","type-page","status-publish","hentry"],"yoast_head":"<!-- This site is optimized with the Yoast SEO plugin v27.0 - https:\/\/yoast.com\/product\/yoast-seo-wordpress\/ -->\n<title>Serveis - Autoritas Consulting<\/title>\n<meta name=\"description\" content=\"Consultora en estrategia, comunicaci\u00f3n y digitalizaci\u00f3n para empresas y administraciones. Impulsa tu crecimiento con Autoritas Consulting.\" \/>\n<meta name=\"robots\" content=\"index, follow, max-snippet:-1, max-image-preview:large, max-video-preview:-1\" \/>\n<link rel=\"canonical\" href=\"https:\/\/autoritas.net\/ca\/serveis\/\" \/>\n<meta property=\"og:locale\" content=\"en_US\" \/>\n<meta property=\"og:type\" content=\"article\" \/>\n<meta property=\"og:title\" content=\"Serveis - Autoritas Consulting\" \/>\n<meta property=\"og:description\" content=\"Consultora en estrategia, comunicaci\u00f3n y digitalizaci\u00f3n para empresas y administraciones. Impulsa tu crecimiento con Autoritas Consulting.\" \/>\n<meta property=\"og:url\" content=\"https:\/\/autoritas.net\/ca\/serveis\/\" \/>\n<meta property=\"og:site_name\" content=\"Autoritas Consulting\" \/>\n<meta property=\"article:publisher\" content=\"https:\/\/www.facebook.com\/autoritas.consulting\/\" \/>\n<meta property=\"article:modified_time\" content=\"2025-02-17T17:03:54+00:00\" \/>\n<meta property=\"og:image\" content=\"https:\/\/autoritas.net\/wp-content\/uploads\/2024\/04\/cropped-favicon-autoritas-web.png\" \/>\n\t<meta property=\"og:image:width\" content=\"512\" \/>\n\t<meta property=\"og:image:height\" content=\"512\" \/>\n\t<meta property=\"og:image:type\" content=\"image\/png\" \/>\n<meta name=\"twitter:card\" content=\"summary_large_image\" \/>\n<meta name=\"twitter:site\" content=\"@autoritas\" \/>\n<meta name=\"twitter:label1\" content=\"Est. reading time\" \/>\n\t<meta name=\"twitter:data1\" content=\"1 minute\" \/>\n<script type=\"application\/ld+json\" class=\"yoast-schema-graph\">{\"@context\":\"https:\/\/schema.org\",\"@graph\":[{\"@type\":\"WebPage\",\"@id\":\"https:\/\/autoritas.net\/ca\/serveis\/\",\"url\":\"https:\/\/autoritas.net\/ca\/serveis\/\",\"name\":\"Serveis - Autoritas Consulting\",\"isPartOf\":{\"@id\":\"https:\/\/autoritas.net\/ca\/#website\"},\"datePublished\":\"2024-12-24T12:25:56+00:00\",\"dateModified\":\"2025-02-17T17:03:54+00:00\",\"description\":\"Consultora en estrategia, comunicaci\u00f3n y digitalizaci\u00f3n para empresas y administraciones. Impulsa tu crecimiento con Autoritas Consulting.\",\"breadcrumb\":{\"@id\":\"https:\/\/autoritas.net\/ca\/serveis\/#breadcrumb\"},\"inLanguage\":\"cat\",\"potentialAction\":[{\"@type\":\"ReadAction\",\"target\":[\"https:\/\/autoritas.net\/ca\/serveis\/\"]}]},{\"@type\":\"BreadcrumbList\",\"@id\":\"https:\/\/autoritas.net\/ca\/serveis\/#breadcrumb\",\"itemListElement\":[{\"@type\":\"ListItem\",\"position\":1,\"name\":\"Portada\",\"item\":\"https:\/\/autoritas.net\/ca\/\"},{\"@type\":\"ListItem\",\"position\":2,\"name\":\"Serveis\"}]},{\"@type\":\"WebSite\",\"@id\":\"https:\/\/autoritas.net\/ca\/#website\",\"url\":\"https:\/\/autoritas.net\/ca\/\",\"name\":\"Autoritas Consulting\",\"description\":\"Autoritas\",\"publisher\":{\"@id\":\"https:\/\/autoritas.net\/ca\/#organization\"},\"alternateName\":\"Autoritas\",\"potentialAction\":[{\"@type\":\"SearchAction\",\"target\":{\"@type\":\"EntryPoint\",\"urlTemplate\":\"https:\/\/autoritas.net\/ca\/?s={search_term_string}\"},\"query-input\":{\"@type\":\"PropertyValueSpecification\",\"valueRequired\":true,\"valueName\":\"search_term_string\"}}],\"inLanguage\":\"cat\"},{\"@type\":\"Organization\",\"@id\":\"https:\/\/autoritas.net\/ca\/#organization\",\"name\":\"Autoritas Consulting | Estrategia, Inteligencia y Acci\u00f3n para la Toma de Decisiones\",\"alternateName\":\"Autoritas\",\"url\":\"https:\/\/autoritas.net\/ca\/\",\"logo\":{\"@type\":\"ImageObject\",\"inLanguage\":\"cat\",\"@id\":\"https:\/\/autoritas.net\/ca\/#\/schema\/logo\/image\/\",\"url\":\"https:\/\/autoritas.net\/wp-content\/uploads\/2024\/04\/logo-AutoritasConsulting-V.webp\",\"contentUrl\":\"https:\/\/autoritas.net\/wp-content\/uploads\/2024\/04\/logo-AutoritasConsulting-V.webp\",\"width\":248,\"height\":46,\"caption\":\"Autoritas Consulting | Estrategia, Inteligencia y Acci\u00f3n para la Toma de Decisiones\"},\"image\":{\"@id\":\"https:\/\/autoritas.net\/ca\/#\/schema\/logo\/image\/\"},\"sameAs\":[\"https:\/\/www.facebook.com\/autoritas.consulting\/\",\"https:\/\/x.com\/autoritas\",\"https:\/\/es.linkedin.com\/company\/autoritas-consulting-s-a-\",\"https:\/\/www.instagram.com\/autoritas_consulting\/\"]}]}<\/script>\n<!-- \/ Yoast SEO plugin. -->","yoast_head_json":{"title":"Serveis - Autoritas Consulting","description":"Consultora en estrategia, comunicaci\u00f3n y digitalizaci\u00f3n para empresas y administraciones. Impulsa tu crecimiento con Autoritas Consulting.","robots":{"index":"index","follow":"follow","max-snippet":"max-snippet:-1","max-image-preview":"max-image-preview:large","max-video-preview":"max-video-preview:-1"},"canonical":"https:\/\/autoritas.net\/ca\/serveis\/","og_locale":"en_US","og_type":"article","og_title":"Serveis - Autoritas Consulting","og_description":"Consultora en estrategia, comunicaci\u00f3n y digitalizaci\u00f3n para empresas y administraciones. Impulsa tu crecimiento con Autoritas Consulting.","og_url":"https:\/\/autoritas.net\/ca\/serveis\/","og_site_name":"Autoritas Consulting","article_publisher":"https:\/\/www.facebook.com\/autoritas.consulting\/","article_modified_time":"2025-02-17T17:03:54+00:00","og_image":[{"width":512,"height":512,"url":"https:\/\/autoritas.net\/wp-content\/uploads\/2024\/04\/cropped-favicon-autoritas-web.png","type":"image\/png"}],"twitter_card":"summary_large_image","twitter_site":"@autoritas","twitter_misc":{"Est. reading time":"1 minute"},"schema":{"@context":"https:\/\/schema.org","@graph":[{"@type":"WebPage","@id":"https:\/\/autoritas.net\/ca\/serveis\/","url":"https:\/\/autoritas.net\/ca\/serveis\/","name":"Serveis - Autoritas Consulting","isPartOf":{"@id":"https:\/\/autoritas.net\/ca\/#website"},"datePublished":"2024-12-24T12:25:56+00:00","dateModified":"2025-02-17T17:03:54+00:00","description":"Consultora en estrategia, comunicaci\u00f3n y digitalizaci\u00f3n para empresas y administraciones. Impulsa tu crecimiento con Autoritas Consulting.","breadcrumb":{"@id":"https:\/\/autoritas.net\/ca\/serveis\/#breadcrumb"},"inLanguage":"cat","potentialAction":[{"@type":"ReadAction","target":["https:\/\/autoritas.net\/ca\/serveis\/"]}]},{"@type":"BreadcrumbList","@id":"https:\/\/autoritas.net\/ca\/serveis\/#breadcrumb","itemListElement":[{"@type":"ListItem","position":1,"name":"Portada","item":"https:\/\/autoritas.net\/ca\/"},{"@type":"ListItem","position":2,"name":"Serveis"}]},{"@type":"WebSite","@id":"https:\/\/autoritas.net\/ca\/#website","url":"https:\/\/autoritas.net\/ca\/","name":"Autoritas Consulting","description":"Autoritas","publisher":{"@id":"https:\/\/autoritas.net\/ca\/#organization"},"alternateName":"Autoritas","potentialAction":[{"@type":"SearchAction","target":{"@type":"EntryPoint","urlTemplate":"https:\/\/autoritas.net\/ca\/?s={search_term_string}"},"query-input":{"@type":"PropertyValueSpecification","valueRequired":true,"valueName":"search_term_string"}}],"inLanguage":"cat"},{"@type":"Organization","@id":"https:\/\/autoritas.net\/ca\/#organization","name":"Autoritas Consulting | Estrategia, Inteligencia y Acci\u00f3n para la Toma de Decisiones","alternateName":"Autoritas","url":"https:\/\/autoritas.net\/ca\/","logo":{"@type":"ImageObject","inLanguage":"cat","@id":"https:\/\/autoritas.net\/ca\/#\/schema\/logo\/image\/","url":"https:\/\/autoritas.net\/wp-content\/uploads\/2024\/04\/logo-AutoritasConsulting-V.webp","contentUrl":"https:\/\/autoritas.net\/wp-content\/uploads\/2024\/04\/logo-AutoritasConsulting-V.webp","width":248,"height":46,"caption":"Autoritas Consulting | Estrategia, Inteligencia y Acci\u00f3n para la Toma de Decisiones"},"image":{"@id":"https:\/\/autoritas.net\/ca\/#\/schema\/logo\/image\/"},"sameAs":["https:\/\/www.facebook.com\/autoritas.consulting\/","https:\/\/x.com\/autoritas","https:\/\/es.linkedin.com\/company\/autoritas-consulting-s-a-","https:\/\/www.instagram.com\/autoritas_consulting\/"]}]}},"_links":{"self":[{"href":"https:\/\/autoritas.net\/ca\/wp-json\/wp\/v2\/pages\/231350","targetHints":{"allow":["GET"]}}],"collection":[{"href":"https:\/\/autoritas.net\/ca\/wp-json\/wp\/v2\/pages"}],"about":[{"href":"https:\/\/autoritas.net\/ca\/wp-json\/wp\/v2\/types\/page"}],"author":[{"embeddable":true,"href":"https:\/\/autoritas.net\/ca\/wp-json\/wp\/v2\/users\/8"}],"replies":[{"embeddable":true,"href":"https:\/\/autoritas.net\/ca\/wp-json\/wp\/v2\/comments?post=231350"}],"version-history":[{"count":1,"href":"https:\/\/autoritas.net\/ca\/wp-json\/wp\/v2\/pages\/231350\/revisions"}],"predecessor-version":[{"id":231361,"href":"https:\/\/autoritas.net\/ca\/wp-json\/wp\/v2\/pages\/231350\/revisions\/231361"}],"wp:attachment":[{"href":"https:\/\/autoritas.net\/ca\/wp-json\/wp\/v2\/media?parent=231350"}],"curies":[{"name":"wp","href":"https:\/\/api.w.org\/{rel}","templated":true}]}}